{"id":361,"date":"2021-08-23T17:32:58","date_gmt":"2021-08-23T15:32:58","guid":{"rendered":"http:\/\/servibati.be\/?page_id=361"},"modified":"2021-08-23T17:38:48","modified_gmt":"2021-08-23T15:38:48","slug":"armoires-housses-de-protection-pieds-de-presentation-crochets-de-fixation","status":"publish","type":"page","link":"https:\/\/servibati.be\/index.php\/armoires-housses-de-protection-pieds-de-presentation-crochets-de-fixation\/","title":{"rendered":"Armoires, housses de protection, pieds de pr\u00e9sentation, crochets de fixation"},"content":{"rendered":"<p>[et_pb_section fb_built=\u00a0\u00bb1&Prime; admin_label=\u00a0\u00bbHero\u00a0\u00bb _builder_version=\u00a0\u00bb3.22&Prime; custom_padding=\u00a0\u00bb80px|0px|54px|0px|false|false\u00a0\u00bb global_colors_info=\u00a0\u00bb{}\u00a0\u00bb][et_pb_row _builder_version=\u00a0\u00bb4.7.7&Prime; background_size=\u00a0\u00bbinitial\u00a0\u00bb background_position=\u00a0\u00bbtop_left\u00a0\u00bb background_repeat=\u00a0\u00bbrepeat\u00a0\u00bb max_width=\u00a0\u00bb700px\u00a0\u00bb custom_padding=\u00a0\u00bb47px|||||\u00a0\u00bb use_custom_width=\u00a0\u00bbon\u00a0\u00bb custom_width_px=\u00a0\u00bb700px\u00a0\u00bb global_colors_info=\u00a0\u00bb{}\u00a0\u00bb][et_pb_column type=\u00a0\u00bb4_4&Prime; _builder_version=\u00a0\u00bb4.7.7&Prime; custom_padding=\u00a0\u00bb|||\u00a0\u00bb global_colors_info=\u00a0\u00bb{}\u00a0\u00bb custom_padding__hover=\u00a0\u00bb|||\u00a0\u00bb][et_pb_text _builder_version=\u00a0\u00bb4.9.11&Prime; text_font=\u00a0\u00bbTeko||||||||\u00a0\u00bb text_text_color=\u00a0\u00bb#c10f1b\u00a0\u00bb text_font_size=\u00a0\u00bb26px\u00a0\u00bb text_line_height=\u00a0\u00bb1.2em\u00a0\u00bb ul_font=\u00a0\u00bb||||||||\u00a0\u00bb header_font=\u00a0\u00bbTeko|||on|||||\u00a0\u00bb header_font_size=\u00a0\u00bb56px\u00a0\u00bb header_letter_spacing=\u00a0\u00bb2px\u00a0\u00bb header_line_height=\u00a0\u00bb0.9em\u00a0\u00bb text_orientation=\u00a0\u00bbcenter\u00a0\u00bb custom_margin=\u00a0\u00bb|||\u00a0\u00bb header_font_size_tablet=\u00a0\u00bb66px\u00a0\u00bb header_font_size_phone=\u00a0\u00bb36px\u00a0\u00bb header_font_size_last_edited=\u00a0\u00bbon|phone\u00a0\u00bb header_line_height_tablet=\u00a0\u00bb\u00a0\u00bb header_line_height_phone=\u00a0\u00bb0.9em\u00a0\u00bb header_line_height_last_edited=\u00a0\u00bbon|phone\u00a0\u00bb global_colors_info=\u00a0\u00bb{}\u00a0\u00bb]<\/p>\n<h1>Armoires, housses de protection, pieds de pr\u00e9sentation, crochets de fixation<\/h1>\n<h1><span style=\"font-size: 26px; color: #c10f1b;\">Le catalogue de nos produits<\/span><\/h1>\n<p>[\/et_pb_text][\/et_pb_column][\/et_pb_row][et_pb_row column_structure=\u00a0\u00bb1_4,1_4,1_4,1_4&Prime; _builder_version=\u00a0\u00bb4.9.11&Prime; _module_preset=\u00a0\u00bbdefault\u00a0\u00bb global_colors_info=\u00a0\u00bb{}\u00a0\u00bb][et_pb_column type=\u00a0\u00bb1_4&Prime; _builder_version=\u00a0\u00bb4.9.11&Prime; _module_preset=\u00a0\u00bbdefault\u00a0\u00bb global_colors_info=\u00a0\u00bb{}\u00a0\u00bb][et_pb_text _builder_version=\u00a0\u00bb4.9.11&Prime; _module_preset=\u00a0\u00bbdefault\u00a0\u00bb text_text_color=\u00a0\u00bb#FFFFFF\u00a0\u00bb text_font_size=\u00a0\u00bb17px\u00a0\u00bb background_color=\u00a0\u00bb#000000&Prime; width=\u00a0\u00bb100%\u00a0\u00bb height=\u00a0\u00bb122px\u00a0\u00bb custom_padding=\u00a0\u00bb10px|12px|10px|12px|true|true\u00a0\u00bb global_colors_info=\u00a0\u00bb{}\u00a0\u00bb]<\/p>\n<p><strong>Armoires, housses de protection, pieds de pr\u00e9sentation, crochets de fixation<\/strong><\/p>\n<p>[\/et_pb_text][\/et_pb_column][et_pb_column type=\u00a0\u00bb1_4&Prime; _builder_version=\u00a0\u00bb4.9.11&Prime; _module_preset=\u00a0\u00bbdefault\u00a0\u00bb global_colors_info=\u00a0\u00bb{}\u00a0\u00bb][et_pb_text _builder_version=\u00a0\u00bb4.9.11&Prime; _module_preset=\u00a0\u00bbdefault\u00a0\u00bb text_text_color=\u00a0\u00bb#FFFFFF\u00a0\u00bb text_font_size=\u00a0\u00bb17px\u00a0\u00bb background_color=\u00a0\u00bb#ED1C24&Prime; width=\u00a0\u00bb100%\u00a0\u00bb height=\u00a0\u00bb122px\u00a0\u00bb custom_padding=\u00a0\u00bb10px|12px|10px|12px|true|true\u00a0\u00bb hover_enabled=\u00a0\u00bb0&Prime; global_colors_info=\u00a0\u00bb{}\u00a0\u00bb link_option_url=\u00a0\u00bb@ET-DC@eyJkeW5hbWljIjp0cnVlLCJjb250ZW50IjoicG9zdF9saW5rX3VybF9wYWdlIiwic2V0dGluZ3MiOnsicG9zdF9pZCI6IjM1NyJ9fQ==@\u00a0\u00bb _dynamic_attributes=\u00a0\u00bblink_option_url\u00a0\u00bb sticky_enabled=\u00a0\u00bb0&Prime;]<\/p>\n<p><strong>D\u00e9tecteurs de fum\u00e9e<\/strong><\/p>\n<p>[\/et_pb_text][\/et_pb_column][et_pb_column type=\u00a0\u00bb1_4&Prime; _builder_version=\u00a0\u00bb4.9.11&Prime; _module_preset=\u00a0\u00bbdefault\u00a0\u00bb global_colors_info=\u00a0\u00bb{}\u00a0\u00bb][et_pb_text _builder_version=\u00a0\u00bb4.9.11&Prime; _module_preset=\u00a0\u00bbdefault\u00a0\u00bb text_text_color=\u00a0\u00bb#FFFFFF\u00a0\u00bb text_font_size=\u00a0\u00bb17px\u00a0\u00bb background_color=\u00a0\u00bb#ED1C24&Prime; width=\u00a0\u00bb100%\u00a0\u00bb height=\u00a0\u00bb122px\u00a0\u00bb custom_padding=\u00a0\u00bb10px|12px|10px|12px|true|true\u00a0\u00bb hover_enabled=\u00a0\u00bb0&Prime; global_colors_info=\u00a0\u00bb{}\u00a0\u00bb link_option_url=\u00a0\u00bb@ET-DC@eyJkeW5hbWljIjp0cnVlLCJjb250ZW50IjoicG9zdF9saW5rX3VybF9wYWdlIiwic2V0dGluZ3MiOnsicG9zdF9pZCI6IjM1MyJ9fQ==@\u00a0\u00bb _dynamic_attributes=\u00a0\u00bblink_option_url\u00a0\u00bb sticky_enabled=\u00a0\u00bb0&Prime;]<\/p>\n<p><strong>D\u00e9vidoirs, raccords pompiers et bornes incendie<\/strong><\/p>\n<p>[\/et_pb_text][\/et_pb_column][et_pb_column type=\u00a0\u00bb1_4&Prime; _builder_version=\u00a0\u00bb4.9.11&Prime; _module_preset=\u00a0\u00bbdefault\u00a0\u00bb global_colors_info=\u00a0\u00bb{}\u00a0\u00bb][et_pb_text _builder_version=\u00a0\u00bb4.9.11&Prime; _module_preset=\u00a0\u00bbdefault\u00a0\u00bb text_text_color=\u00a0\u00bb#FFFFFF\u00a0\u00bb text_font_size=\u00a0\u00bb17px\u00a0\u00bb background_color=\u00a0\u00bb#ED1C24&Prime; width=\u00a0\u00bb100%\u00a0\u00bb height=\u00a0\u00bb122px\u00a0\u00bb custom_padding=\u00a0\u00bb10px|12px|10px|12px|true|true\u00a0\u00bb hover_enabled=\u00a0\u00bb0&Prime; global_colors_info=\u00a0\u00bb{}\u00a0\u00bb link_option_url=\u00a0\u00bb@ET-DC@eyJkeW5hbWljIjp0cnVlLCJjb250ZW50IjoicG9zdF9saW5rX3VybF9wYWdlIiwic2V0dGluZ3MiOnsicG9zdF9pZCI6IjM1MCJ9fQ==@\u00a0\u00bb _dynamic_attributes=\u00a0\u00bblink_option_url\u00a0\u00bb sticky_enabled=\u00a0\u00bb0&Prime;]<\/p>\n<p><strong>Extincteurs automatiques<\/strong><\/p>\n<p>[\/et_pb_text][\/et_pb_column][\/et_pb_row][et_pb_row column_structure=\u00a0\u00bb1_4,1_4,1_4,1_4&Prime; _builder_version=\u00a0\u00bb4.9.11&Prime; _module_preset=\u00a0\u00bbdefault\u00a0\u00bb global_colors_info=\u00a0\u00bb{}\u00a0\u00bb][et_pb_column type=\u00a0\u00bb1_4&Prime; _builder_version=\u00a0\u00bb4.9.11&Prime; _module_preset=\u00a0\u00bbdefault\u00a0\u00bb global_colors_info=\u00a0\u00bb{}\u00a0\u00bb][et_pb_text _builder_version=\u00a0\u00bb4.9.11&Prime; _module_preset=\u00a0\u00bbdefault\u00a0\u00bb text_text_color=\u00a0\u00bb#FFFFFF\u00a0\u00bb text_font_size=\u00a0\u00bb17px\u00a0\u00bb background_color=\u00a0\u00bb#ED1C24&Prime; width=\u00a0\u00bb100%\u00a0\u00bb height=\u00a0\u00bb122px\u00a0\u00bb custom_padding=\u00a0\u00bb10px|12px|10px|12px|true|true\u00a0\u00bb hover_enabled=\u00a0\u00bb0&Prime; global_colors_info=\u00a0\u00bb{}\u00a0\u00bb link_option_url=\u00a0\u00bb@ET-DC@eyJkeW5hbWljIjp0cnVlLCJjb250ZW50IjoicG9zdF9saW5rX3VybF9wYWdlIiwic2V0dGluZ3MiOnsicG9zdF9pZCI6IjM0NyJ9fQ==@\u00a0\u00bb _dynamic_attributes=\u00a0\u00bblink_option_url\u00a0\u00bb sticky_enabled=\u00a0\u00bb0&Prime;]<\/p>\n<p><strong>Extincteurs mousse<\/strong><\/p>\n<p>[\/et_pb_text][\/et_pb_column][et_pb_column type=\u00a0\u00bb1_4&Prime; _builder_version=\u00a0\u00bb4.9.11&Prime; _module_preset=\u00a0\u00bbdefault\u00a0\u00bb global_colors_info=\u00a0\u00bb{}\u00a0\u00bb][et_pb_text _builder_version=\u00a0\u00bb4.9.11&Prime; _module_preset=\u00a0\u00bbdefault\u00a0\u00bb text_text_color=\u00a0\u00bb#FFFFFF\u00a0\u00bb text_font_size=\u00a0\u00bb17px\u00a0\u00bb background_color=\u00a0\u00bb#ED1C24&Prime; width=\u00a0\u00bb100%\u00a0\u00bb height=\u00a0\u00bb122px\u00a0\u00bb custom_padding=\u00a0\u00bb10px|12px|10px|12px|true|true\u00a0\u00bb hover_enabled=\u00a0\u00bb0&Prime; global_colors_info=\u00a0\u00bb{}\u00a0\u00bb link_option_url=\u00a0\u00bb@ET-DC@eyJkeW5hbWljIjp0cnVlLCJjb250ZW50IjoicG9zdF9saW5rX3VybF9wYWdlIiwic2V0dGluZ3MiOnsicG9zdF9pZCI6IjM0MyJ9fQ==@\u00a0\u00bb _dynamic_attributes=\u00a0\u00bblink_option_url\u00a0\u00bb sticky_enabled=\u00a0\u00bb0&Prime;]<\/p>\n<p><strong>Extincteurs poudre<\/strong><\/p>\n<p>[\/et_pb_text][\/et_pb_column][et_pb_column type=\u00a0\u00bb1_4&Prime; _builder_version=\u00a0\u00bb4.9.11&Prime; _module_preset=\u00a0\u00bbdefault\u00a0\u00bb global_colors_info=\u00a0\u00bb{}\u00a0\u00bb][et_pb_text _builder_version=\u00a0\u00bb4.9.11&Prime; _module_preset=\u00a0\u00bbdefault\u00a0\u00bb text_text_color=\u00a0\u00bb#FFFFFF\u00a0\u00bb text_font_size=\u00a0\u00bb17px\u00a0\u00bb background_color=\u00a0\u00bb#ED1C24&Prime; width=\u00a0\u00bb100%\u00a0\u00bb height=\u00a0\u00bb122px\u00a0\u00bb custom_padding=\u00a0\u00bb10px|12px|10px|12px|true|true\u00a0\u00bb hover_enabled=\u00a0\u00bb0&Prime; global_colors_info=\u00a0\u00bb{}\u00a0\u00bb link_option_url=\u00a0\u00bb@ET-DC@eyJkeW5hbWljIjp0cnVlLCJjb250ZW50IjoicG9zdF9saW5rX3VybF9wYWdlIiwic2V0dGluZ3MiOnsicG9zdF9pZCI6IjM0MCJ9fQ==@\u00a0\u00bb _dynamic_attributes=\u00a0\u00bblink_option_url\u00a0\u00bb sticky_enabled=\u00a0\u00bb0&Prime;]<\/p>\n<p><strong>Petit mat\u00e9riel<\/strong><\/p>\n<p>[\/et_pb_text][\/et_pb_column][et_pb_column type=\u00a0\u00bb1_4&Prime; _builder_version=\u00a0\u00bb4.9.11&Prime; _module_preset=\u00a0\u00bbdefault\u00a0\u00bb global_colors_info=\u00a0\u00bb{}\u00a0\u00bb][\/et_pb_column][\/et_pb_row][et_pb_row _builder_version=\u00a0\u00bb4.7.7&Prime; _module_preset=\u00a0\u00bbdefault\u00a0\u00bb global_colors_info=\u00a0\u00bb{}\u00a0\u00bb][et_pb_column type=\u00a0\u00bb4_4&Prime; _builder_version=\u00a0\u00bb4.7.7&Prime; _module_preset=\u00a0\u00bbdefault\u00a0\u00bb global_colors_info=\u00a0\u00bb{}\u00a0\u00bb][et_pb_shop type=\u00a0\u00bbproduct_category\u00a0\u00bb posts_number=\u00a0\u00bb50&Prime; include_categories=\u00a0\u00bb24&Prime; columns_number=\u00a0\u00bb3&Prime; icon_hover_color=\u00a0\u00bb#ed1c24&Prime; _builder_version=\u00a0\u00bb4.9.11&Prime; _module_preset=\u00a0\u00bbdefault\u00a0\u00bb title_text_align=\u00a0\u00bbcenter\u00a0\u00bb title_text_color=\u00a0\u00bb#000000&Prime; title_font_size=\u00a0\u00bb17px\u00a0\u00bb animation_style=\u00a0\u00bbslide\u00a0\u00bb animation_direction=\u00a0\u00bbleft\u00a0\u00bb animation_duration=\u00a0\u00bb650ms\u00a0\u00bb global_colors_info=\u00a0\u00bb{}\u00a0\u00bb][\/et_pb_shop][\/et_pb_column][\/et_pb_row][\/et_pb_section]<\/p>\n","protected":false},"excerpt":{"rendered":"<p>Armoires, housses de protection, pieds de pr\u00e9sentation, crochets de fixation Le catalogue de nos produitsArmoires, housses de protection, pieds de pr\u00e9sentation, crochets de fixationD\u00e9tecteurs de fum\u00e9eD\u00e9vidoirs, raccords pompiers et bornes incendieExtincteurs automatiquesExtincteurs mousseExtincteurs poudrePetit mat\u00e9riel<\/p>\n","protected":false},"author":1,"featured_media":0,"parent":0,"menu_order":0,"comment_status":"closed","ping_status":"closed","template":"","meta":{"_et_pb_use_builder":"on","_et_pb_old_content":"","_et_gb_content_width":"","footnotes":""},"class_list":["post-361","page","type-page","status-publish","hentry"],"acf":[],"yoast_head":"<!-- This site is optimized with the Yoast SEO plugin v26.9 - https:\/\/yoast.com\/product\/yoast-seo-wordpress\/ -->\n<title>Armoires, housses de protection, pieds de pr\u00e9sentation, crochets de fixation &#8211; Servibati<\/title>\n<meta name=\"description\" content=\"Protection incendie, Auditeur PAE, Responsable PEB, Certificateur PEB, Vente et maintenance d\u2019extincteurs, Contr\u00f4le d\u2019\u00e9tanch\u00e9it\u00e9 cuve \u00e0 mazout\" \/>\n<meta name=\"robots\" content=\"index, follow, max-snippet:-1, max-image-preview:large, max-video-preview:-1\" \/>\n<link rel=\"canonical\" href=\"https:\/\/servibati.be\/index.php\/armoires-housses-de-protection-pieds-de-presentation-crochets-de-fixation\/\" \/>\n<meta property=\"og:locale\" content=\"fr_FR\" \/>\n<meta property=\"og:type\" content=\"article\" \/>\n<meta property=\"og:title\" content=\"Armoires, housses de protection, pieds de pr\u00e9sentation, crochets de fixation &#8211; Servibati\" \/>\n<meta property=\"og:description\" content=\"Protection incendie, Auditeur PAE, Responsable PEB, Certificateur PEB, Vente et maintenance d\u2019extincteurs, Contr\u00f4le d\u2019\u00e9tanch\u00e9it\u00e9 cuve \u00e0 mazout\" \/>\n<meta property=\"og:url\" content=\"https:\/\/servibati.be\/index.php\/armoires-housses-de-protection-pieds-de-presentation-crochets-de-fixation\/\" \/>\n<meta property=\"og:site_name\" content=\"Servibati\" \/>\n<meta property=\"article:publisher\" content=\"https:\/\/www.facebook.com\/servibati.be\" \/>\n<meta property=\"article:modified_time\" content=\"2021-08-23T15:38:48+00:00\" \/>\n<meta property=\"og:image\" content=\"https:\/\/servibati.be\/wp-content\/uploads\/2021\/07\/AdobeStock_145004595-scaled.jpeg\" \/>\n\t<meta property=\"og:image:width\" content=\"2560\" \/>\n\t<meta property=\"og:image:height\" content=\"1709\" \/>\n\t<meta property=\"og:image:type\" content=\"image\/jpeg\" \/>\n<meta name=\"twitter:card\" content=\"summary_large_image\" \/>\n<script type=\"application\/ld+json\" class=\"yoast-schema-graph\">{\"@context\":\"https:\/\/schema.org\",\"@graph\":[{\"@type\":\"WebPage\",\"@id\":\"https:\/\/servibati.be\/index.php\/armoires-housses-de-protection-pieds-de-presentation-crochets-de-fixation\/\",\"url\":\"https:\/\/servibati.be\/index.php\/armoires-housses-de-protection-pieds-de-presentation-crochets-de-fixation\/\",\"name\":\"Armoires, housses de protection, pieds de pr\u00e9sentation, crochets de fixation &#8211; Servibati\",\"isPartOf\":{\"@id\":\"https:\/\/servibati.be\/#website\"},\"datePublished\":\"2021-08-23T15:32:58+00:00\",\"dateModified\":\"2021-08-23T15:38:48+00:00\",\"description\":\"Protection incendie, Auditeur PAE, Responsable PEB, Certificateur PEB, Vente et maintenance d\u2019extincteurs, Contr\u00f4le d\u2019\u00e9tanch\u00e9it\u00e9 cuve \u00e0 mazout\",\"breadcrumb\":{\"@id\":\"https:\/\/servibati.be\/index.php\/armoires-housses-de-protection-pieds-de-presentation-crochets-de-fixation\/#breadcrumb\"},\"inLanguage\":\"fr-FR\",\"potentialAction\":[{\"@type\":\"ReadAction\",\"target\":[\"https:\/\/servibati.be\/index.php\/armoires-housses-de-protection-pieds-de-presentation-crochets-de-fixation\/\"]}]},{\"@type\":\"BreadcrumbList\",\"@id\":\"https:\/\/servibati.be\/index.php\/armoires-housses-de-protection-pieds-de-presentation-crochets-de-fixation\/#breadcrumb\",\"itemListElement\":[{\"@type\":\"ListItem\",\"position\":1,\"name\":\"Accueil\",\"item\":\"https:\/\/servibati.be\/\"},{\"@type\":\"ListItem\",\"position\":2,\"name\":\"Armoires, housses de protection, pieds de pr\u00e9sentation, crochets de fixation\"}]},{\"@type\":\"WebSite\",\"@id\":\"https:\/\/servibati.be\/#website\",\"url\":\"https:\/\/servibati.be\/\",\"name\":\"Servibati\",\"description\":\"Bienvenue sur le site de Servibati SPRL\",\"publisher\":{\"@id\":\"https:\/\/servibati.be\/#organization\"},\"potentialAction\":[{\"@type\":\"SearchAction\",\"target\":{\"@type\":\"EntryPoint\",\"urlTemplate\":\"https:\/\/servibati.be\/?s={search_term_string}\"},\"query-input\":{\"@type\":\"PropertyValueSpecification\",\"valueRequired\":true,\"valueName\":\"search_term_string\"}}],\"inLanguage\":\"fr-FR\"},{\"@type\":\"Organization\",\"@id\":\"https:\/\/servibati.be\/#organization\",\"name\":\"Servibati SPRL\",\"url\":\"https:\/\/servibati.be\/\",\"logo\":{\"@type\":\"ImageObject\",\"inLanguage\":\"fr-FR\",\"@id\":\"https:\/\/servibati.be\/#\/schema\/logo\/image\/\",\"url\":\"https:\/\/servibati.be\/wp-content\/uploads\/2021\/07\/cropped-logo.jpg\",\"contentUrl\":\"https:\/\/servibati.be\/wp-content\/uploads\/2021\/07\/cropped-logo.jpg\",\"width\":512,\"height\":512,\"caption\":\"Servibati SPRL\"},\"image\":{\"@id\":\"https:\/\/servibati.be\/#\/schema\/logo\/image\/\"},\"sameAs\":[\"https:\/\/www.facebook.com\/servibati.be\"]}]}<\/script>\n<!-- \/ Yoast SEO plugin. -->","yoast_head_json":{"title":"Armoires, housses de protection, pieds de pr\u00e9sentation, crochets de fixation &#8211; Servibati","description":"Protection incendie, Auditeur PAE, Responsable PEB, Certificateur PEB, Vente et maintenance d\u2019extincteurs, Contr\u00f4le d\u2019\u00e9tanch\u00e9it\u00e9 cuve \u00e0 mazout","robots":{"index":"index","follow":"follow","max-snippet":"max-snippet:-1","max-image-preview":"max-image-preview:large","max-video-preview":"max-video-preview:-1"},"canonical":"https:\/\/servibati.be\/index.php\/armoires-housses-de-protection-pieds-de-presentation-crochets-de-fixation\/","og_locale":"fr_FR","og_type":"article","og_title":"Armoires, housses de protection, pieds de pr\u00e9sentation, crochets de fixation &#8211; Servibati","og_description":"Protection incendie, Auditeur PAE, Responsable PEB, Certificateur PEB, Vente et maintenance d\u2019extincteurs, Contr\u00f4le d\u2019\u00e9tanch\u00e9it\u00e9 cuve \u00e0 mazout","og_url":"https:\/\/servibati.be\/index.php\/armoires-housses-de-protection-pieds-de-presentation-crochets-de-fixation\/","og_site_name":"Servibati","article_publisher":"https:\/\/www.facebook.com\/servibati.be","article_modified_time":"2021-08-23T15:38:48+00:00","og_image":[{"width":2560,"height":1709,"url":"https:\/\/servibati.be\/wp-content\/uploads\/2021\/07\/AdobeStock_145004595-scaled.jpeg","type":"image\/jpeg"}],"twitter_card":"summary_large_image","schema":{"@context":"https:\/\/schema.org","@graph":[{"@type":"WebPage","@id":"https:\/\/servibati.be\/index.php\/armoires-housses-de-protection-pieds-de-presentation-crochets-de-fixation\/","url":"https:\/\/servibati.be\/index.php\/armoires-housses-de-protection-pieds-de-presentation-crochets-de-fixation\/","name":"Armoires, housses de protection, pieds de pr\u00e9sentation, crochets de fixation &#8211; Servibati","isPartOf":{"@id":"https:\/\/servibati.be\/#website"},"datePublished":"2021-08-23T15:32:58+00:00","dateModified":"2021-08-23T15:38:48+00:00","description":"Protection incendie, Auditeur PAE, Responsable PEB, Certificateur PEB, Vente et maintenance d\u2019extincteurs, Contr\u00f4le d\u2019\u00e9tanch\u00e9it\u00e9 cuve \u00e0 mazout","breadcrumb":{"@id":"https:\/\/servibati.be\/index.php\/armoires-housses-de-protection-pieds-de-presentation-crochets-de-fixation\/#breadcrumb"},"inLanguage":"fr-FR","potentialAction":[{"@type":"ReadAction","target":["https:\/\/servibati.be\/index.php\/armoires-housses-de-protection-pieds-de-presentation-crochets-de-fixation\/"]}]},{"@type":"BreadcrumbList","@id":"https:\/\/servibati.be\/index.php\/armoires-housses-de-protection-pieds-de-presentation-crochets-de-fixation\/#breadcrumb","itemListElement":[{"@type":"ListItem","position":1,"name":"Accueil","item":"https:\/\/servibati.be\/"},{"@type":"ListItem","position":2,"name":"Armoires, housses de protection, pieds de pr\u00e9sentation, crochets de fixation"}]},{"@type":"WebSite","@id":"https:\/\/servibati.be\/#website","url":"https:\/\/servibati.be\/","name":"Servibati","description":"Bienvenue sur le site de Servibati SPRL","publisher":{"@id":"https:\/\/servibati.be\/#organization"},"potentialAction":[{"@type":"SearchAction","target":{"@type":"EntryPoint","urlTemplate":"https:\/\/servibati.be\/?s={search_term_string}"},"query-input":{"@type":"PropertyValueSpecification","valueRequired":true,"valueName":"search_term_string"}}],"inLanguage":"fr-FR"},{"@type":"Organization","@id":"https:\/\/servibati.be\/#organization","name":"Servibati SPRL","url":"https:\/\/servibati.be\/","logo":{"@type":"ImageObject","inLanguage":"fr-FR","@id":"https:\/\/servibati.be\/#\/schema\/logo\/image\/","url":"https:\/\/servibati.be\/wp-content\/uploads\/2021\/07\/cropped-logo.jpg","contentUrl":"https:\/\/servibati.be\/wp-content\/uploads\/2021\/07\/cropped-logo.jpg","width":512,"height":512,"caption":"Servibati SPRL"},"image":{"@id":"https:\/\/servibati.be\/#\/schema\/logo\/image\/"},"sameAs":["https:\/\/www.facebook.com\/servibati.be"]}]}},"_links":{"self":[{"href":"https:\/\/servibati.be\/index.php\/wp-json\/wp\/v2\/pages\/361","targetHints":{"allow":["GET"]}}],"collection":[{"href":"https:\/\/servibati.be\/index.php\/wp-json\/wp\/v2\/pages"}],"about":[{"href":"https:\/\/servibati.be\/index.php\/wp-json\/wp\/v2\/types\/page"}],"author":[{"embeddable":true,"href":"https:\/\/servibati.be\/index.php\/wp-json\/wp\/v2\/users\/1"}],"replies":[{"embeddable":true,"href":"https:\/\/servibati.be\/index.php\/wp-json\/wp\/v2\/comments?post=361"}],"version-history":[{"count":3,"href":"https:\/\/servibati.be\/index.php\/wp-json\/wp\/v2\/pages\/361\/revisions"}],"predecessor-version":[{"id":365,"href":"https:\/\/servibati.be\/index.php\/wp-json\/wp\/v2\/pages\/361\/revisions\/365"}],"wp:attachment":[{"href":"https:\/\/servibati.be\/index.php\/wp-json\/wp\/v2\/media?parent=361"}],"curies":[{"name":"wp","href":"https:\/\/api.w.org\/{rel}","templated":true}]}}