{"id":474,"date":"2022-03-21T16:34:53","date_gmt":"2022-03-21T15:34:53","guid":{"rendered":"https:\/\/servibati.be\/?page_id=474"},"modified":"2022-03-21T16:38:12","modified_gmt":"2022-03-21T15:38:12","slug":"merci-pour-votre-message","status":"publish","type":"page","link":"https:\/\/servibati.be\/index.php\/merci-pour-votre-message\/","title":{"rendered":"Merci pour votre message"},"content":{"rendered":"<p>[et_pb_section fb_built=\u00a0\u00bb1&Prime; fullwidth=\u00a0\u00bbon\u00a0\u00bb _builder_version=\u00a0\u00bb4.14.8&Prime; _module_preset=\u00a0\u00bbdefault\u00a0\u00bb min_height=\u00a0\u00bb1004px\u00a0\u00bb height=\u00a0\u00bb1000px\u00a0\u00bb custom_margin=\u00a0\u00bb-2px|0px|-131px|0px|false|false\u00a0\u00bb custom_padding=\u00a0\u00bb0px|0px|0px|0px|false|false\u00a0\u00bb hover_enabled=\u00a0\u00bb0&Prime; global_colors_info=\u00a0\u00bb{}\u00a0\u00bb sticky_enabled=\u00a0\u00bb0&Prime;][et_pb_fullwidth_header title=\u00a0\u00bbMerci pour votre message\u00a0\u00bb text_orientation=\u00a0\u00bbcenter\u00a0\u00bb button_one_text=\u00a0\u00bbRetour vers le site\u00a0\u00bb button_one_url=\u00a0\u00bb@ET-DC@eyJkeW5hbWljIjp0cnVlLCJjb250ZW50IjoicG9zdF9saW5rX3VybF9wYWdlIiwic2V0dGluZ3MiOnsicG9zdF9pZCI6IjE3In19@\u00a0\u00bb _builder_version=\u00a0\u00bb4.14.8&Prime; _dynamic_attributes=\u00a0\u00bbbutton_one_url\u00a0\u00bb _module_preset=\u00a0\u00bbdefault\u00a0\u00bb title_font=\u00a0\u00bbTeko||||||||\u00a0\u00bb background_color=\u00a0\u00bb#7c7c7c\u00a0\u00bb background_image=\u00a0\u00bbhttps:\/\/servibati.be\/wp-content\/uploads\/2021\/07\/AdobeStock_145004595-scaled.jpeg\u00a0\u00bb background_blend=\u00a0\u00bblighten\u00a0\u00bb custom_button_one=\u00a0\u00bbon\u00a0\u00bb button_one_text_size=\u00a0\u00bb22px\u00a0\u00bb button_one_text_color=\u00a0\u00bb#ED1C24&Prime; button_one_bg_color=\u00a0\u00bb#FFFFFF\u00a0\u00bb button_one_border_color=\u00a0\u00bb#FFFFFF\u00a0\u00bb button_one_border_radius=\u00a0\u00bb0px\u00a0\u00bb button_one_font=\u00a0\u00bbTeko||||||||\u00a0\u00bb button_one_icon=\u00a0\u00bb&#x24;||divi||400&Prime; button_one_icon_color=\u00a0\u00bb#ED1C24&Prime; min_height=\u00a0\u00bb328px\u00a0\u00bb hover_enabled=\u00a0\u00bb0&Prime; global_colors_info=\u00a0\u00bb{}\u00a0\u00bb custom_margin=\u00a0\u00bb||0px||false|false\u00a0\u00bb custom_padding=\u00a0\u00bb||0px||false|false\u00a0\u00bb sticky_enabled=\u00a0\u00bb0&Prime;]<\/p>\n<p>Nous vous recontacterons au plus vite.<\/p>\n<p>[\/et_pb_fullwidth_header][\/et_pb_section]<\/p>\n","protected":false},"excerpt":{"rendered":"<p>Nous vous recontacterons au plus vite.<\/p>\n","protected":false},"author":1,"featured_media":0,"parent":0,"menu_order":0,"comment_status":"closed","ping_status":"closed","template":"","meta":{"_et_pb_use_builder":"on","_et_pb_old_content":"","_et_gb_content_width":"","footnotes":""},"class_list":["post-474","page","type-page","status-publish","hentry"],"acf":[],"yoast_head":"<!-- This site is optimized with the Yoast SEO plugin v26.9 - https:\/\/yoast.com\/product\/yoast-seo-wordpress\/ -->\n<title>Merci pour votre message &#8211; Servibati<\/title>\n<meta name=\"description\" content=\"Protection incendie, Auditeur PAE, Responsable PEB, Certificateur PEB, Vente et maintenance d\u2019extincteurs, Contr\u00f4le d\u2019\u00e9tanch\u00e9it\u00e9 cuve \u00e0 mazout\" \/>\n<meta name=\"robots\" content=\"index, follow, max-snippet:-1, max-image-preview:large, max-video-preview:-1\" \/>\n<link rel=\"canonical\" href=\"https:\/\/servibati.be\/index.php\/merci-pour-votre-message\/\" \/>\n<meta property=\"og:locale\" content=\"fr_FR\" \/>\n<meta property=\"og:type\" content=\"article\" \/>\n<meta property=\"og:title\" content=\"Merci pour votre message &#8211; Servibati\" \/>\n<meta property=\"og:description\" content=\"Protection incendie, Auditeur PAE, Responsable PEB, Certificateur PEB, Vente et maintenance d\u2019extincteurs, Contr\u00f4le d\u2019\u00e9tanch\u00e9it\u00e9 cuve \u00e0 mazout\" \/>\n<meta property=\"og:url\" content=\"https:\/\/servibati.be\/index.php\/merci-pour-votre-message\/\" \/>\n<meta property=\"og:site_name\" content=\"Servibati\" \/>\n<meta property=\"article:publisher\" content=\"https:\/\/www.facebook.com\/servibati.be\" \/>\n<meta property=\"article:modified_time\" content=\"2022-03-21T15:38:12+00:00\" \/>\n<meta property=\"og:image\" content=\"https:\/\/servibati.be\/wp-content\/uploads\/2021\/07\/AdobeStock_145004595-scaled.jpeg\" \/>\n\t<meta property=\"og:image:width\" content=\"2560\" \/>\n\t<meta property=\"og:image:height\" content=\"1709\" \/>\n\t<meta property=\"og:image:type\" content=\"image\/jpeg\" \/>\n<meta name=\"twitter:card\" content=\"summary_large_image\" \/>\n<script type=\"application\/ld+json\" class=\"yoast-schema-graph\">{\"@context\":\"https:\/\/schema.org\",\"@graph\":[{\"@type\":\"WebPage\",\"@id\":\"https:\/\/servibati.be\/index.php\/merci-pour-votre-message\/\",\"url\":\"https:\/\/servibati.be\/index.php\/merci-pour-votre-message\/\",\"name\":\"Merci pour votre message &#8211; Servibati\",\"isPartOf\":{\"@id\":\"https:\/\/servibati.be\/#website\"},\"datePublished\":\"2022-03-21T15:34:53+00:00\",\"dateModified\":\"2022-03-21T15:38:12+00:00\",\"description\":\"Protection incendie, Auditeur PAE, Responsable PEB, Certificateur PEB, Vente et maintenance d\u2019extincteurs, Contr\u00f4le d\u2019\u00e9tanch\u00e9it\u00e9 cuve \u00e0 mazout\",\"breadcrumb\":{\"@id\":\"https:\/\/servibati.be\/index.php\/merci-pour-votre-message\/#breadcrumb\"},\"inLanguage\":\"fr-FR\",\"potentialAction\":[{\"@type\":\"ReadAction\",\"target\":[\"https:\/\/servibati.be\/index.php\/merci-pour-votre-message\/\"]}]},{\"@type\":\"BreadcrumbList\",\"@id\":\"https:\/\/servibati.be\/index.php\/merci-pour-votre-message\/#breadcrumb\",\"itemListElement\":[{\"@type\":\"ListItem\",\"position\":1,\"name\":\"Accueil\",\"item\":\"https:\/\/servibati.be\/\"},{\"@type\":\"ListItem\",\"position\":2,\"name\":\"Merci pour votre message\"}]},{\"@type\":\"WebSite\",\"@id\":\"https:\/\/servibati.be\/#website\",\"url\":\"https:\/\/servibati.be\/\",\"name\":\"Servibati\",\"description\":\"Bienvenue sur le site de Servibati SPRL\",\"publisher\":{\"@id\":\"https:\/\/servibati.be\/#organization\"},\"potentialAction\":[{\"@type\":\"SearchAction\",\"target\":{\"@type\":\"EntryPoint\",\"urlTemplate\":\"https:\/\/servibati.be\/?s={search_term_string}\"},\"query-input\":{\"@type\":\"PropertyValueSpecification\",\"valueRequired\":true,\"valueName\":\"search_term_string\"}}],\"inLanguage\":\"fr-FR\"},{\"@type\":\"Organization\",\"@id\":\"https:\/\/servibati.be\/#organization\",\"name\":\"Servibati SPRL\",\"url\":\"https:\/\/servibati.be\/\",\"logo\":{\"@type\":\"ImageObject\",\"inLanguage\":\"fr-FR\",\"@id\":\"https:\/\/servibati.be\/#\/schema\/logo\/image\/\",\"url\":\"https:\/\/servibati.be\/wp-content\/uploads\/2021\/07\/cropped-logo.jpg\",\"contentUrl\":\"https:\/\/servibati.be\/wp-content\/uploads\/2021\/07\/cropped-logo.jpg\",\"width\":512,\"height\":512,\"caption\":\"Servibati SPRL\"},\"image\":{\"@id\":\"https:\/\/servibati.be\/#\/schema\/logo\/image\/\"},\"sameAs\":[\"https:\/\/www.facebook.com\/servibati.be\"]}]}<\/script>\n<!-- \/ Yoast SEO plugin. -->","yoast_head_json":{"title":"Merci pour votre message &#8211; Servibati","description":"Protection incendie, Auditeur PAE, Responsable PEB, Certificateur PEB, Vente et maintenance d\u2019extincteurs, Contr\u00f4le d\u2019\u00e9tanch\u00e9it\u00e9 cuve \u00e0 mazout","robots":{"index":"index","follow":"follow","max-snippet":"max-snippet:-1","max-image-preview":"max-image-preview:large","max-video-preview":"max-video-preview:-1"},"canonical":"https:\/\/servibati.be\/index.php\/merci-pour-votre-message\/","og_locale":"fr_FR","og_type":"article","og_title":"Merci pour votre message &#8211; Servibati","og_description":"Protection incendie, Auditeur PAE, Responsable PEB, Certificateur PEB, Vente et maintenance d\u2019extincteurs, Contr\u00f4le d\u2019\u00e9tanch\u00e9it\u00e9 cuve \u00e0 mazout","og_url":"https:\/\/servibati.be\/index.php\/merci-pour-votre-message\/","og_site_name":"Servibati","article_publisher":"https:\/\/www.facebook.com\/servibati.be","article_modified_time":"2022-03-21T15:38:12+00:00","og_image":[{"width":2560,"height":1709,"url":"https:\/\/servibati.be\/wp-content\/uploads\/2021\/07\/AdobeStock_145004595-scaled.jpeg","type":"image\/jpeg"}],"twitter_card":"summary_large_image","schema":{"@context":"https:\/\/schema.org","@graph":[{"@type":"WebPage","@id":"https:\/\/servibati.be\/index.php\/merci-pour-votre-message\/","url":"https:\/\/servibati.be\/index.php\/merci-pour-votre-message\/","name":"Merci pour votre message &#8211; Servibati","isPartOf":{"@id":"https:\/\/servibati.be\/#website"},"datePublished":"2022-03-21T15:34:53+00:00","dateModified":"2022-03-21T15:38:12+00:00","description":"Protection incendie, Auditeur PAE, Responsable PEB, Certificateur PEB, Vente et maintenance d\u2019extincteurs, Contr\u00f4le d\u2019\u00e9tanch\u00e9it\u00e9 cuve \u00e0 mazout","breadcrumb":{"@id":"https:\/\/servibati.be\/index.php\/merci-pour-votre-message\/#breadcrumb"},"inLanguage":"fr-FR","potentialAction":[{"@type":"ReadAction","target":["https:\/\/servibati.be\/index.php\/merci-pour-votre-message\/"]}]},{"@type":"BreadcrumbList","@id":"https:\/\/servibati.be\/index.php\/merci-pour-votre-message\/#breadcrumb","itemListElement":[{"@type":"ListItem","position":1,"name":"Accueil","item":"https:\/\/servibati.be\/"},{"@type":"ListItem","position":2,"name":"Merci pour votre message"}]},{"@type":"WebSite","@id":"https:\/\/servibati.be\/#website","url":"https:\/\/servibati.be\/","name":"Servibati","description":"Bienvenue sur le site de Servibati SPRL","publisher":{"@id":"https:\/\/servibati.be\/#organization"},"potentialAction":[{"@type":"SearchAction","target":{"@type":"EntryPoint","urlTemplate":"https:\/\/servibati.be\/?s={search_term_string}"},"query-input":{"@type":"PropertyValueSpecification","valueRequired":true,"valueName":"search_term_string"}}],"inLanguage":"fr-FR"},{"@type":"Organization","@id":"https:\/\/servibati.be\/#organization","name":"Servibati SPRL","url":"https:\/\/servibati.be\/","logo":{"@type":"ImageObject","inLanguage":"fr-FR","@id":"https:\/\/servibati.be\/#\/schema\/logo\/image\/","url":"https:\/\/servibati.be\/wp-content\/uploads\/2021\/07\/cropped-logo.jpg","contentUrl":"https:\/\/servibati.be\/wp-content\/uploads\/2021\/07\/cropped-logo.jpg","width":512,"height":512,"caption":"Servibati SPRL"},"image":{"@id":"https:\/\/servibati.be\/#\/schema\/logo\/image\/"},"sameAs":["https:\/\/www.facebook.com\/servibati.be"]}]}},"_links":{"self":[{"href":"https:\/\/servibati.be\/index.php\/wp-json\/wp\/v2\/pages\/474","targetHints":{"allow":["GET"]}}],"collection":[{"href":"https:\/\/servibati.be\/index.php\/wp-json\/wp\/v2\/pages"}],"about":[{"href":"https:\/\/servibati.be\/index.php\/wp-json\/wp\/v2\/types\/page"}],"author":[{"embeddable":true,"href":"https:\/\/servibati.be\/index.php\/wp-json\/wp\/v2\/users\/1"}],"replies":[{"embeddable":true,"href":"https:\/\/servibati.be\/index.php\/wp-json\/wp\/v2\/comments?post=474"}],"version-history":[{"count":5,"href":"https:\/\/servibati.be\/index.php\/wp-json\/wp\/v2\/pages\/474\/revisions"}],"predecessor-version":[{"id":480,"href":"https:\/\/servibati.be\/index.php\/wp-json\/wp\/v2\/pages\/474\/revisions\/480"}],"wp:attachment":[{"href":"https:\/\/servibati.be\/index.php\/wp-json\/wp\/v2\/media?parent=474"}],"curies":[{"name":"wp","href":"https:\/\/api.w.org\/{rel}","templated":true}]}}