{"id":98,"date":"2021-07-05T14:52:30","date_gmt":"2021-07-05T12:52:30","guid":{"rendered":"http:\/\/servibati.be\/?page_id=98"},"modified":"2022-02-16T15:23:49","modified_gmt":"2022-02-16T14:23:49","slug":"cuve-hydrocarbure","status":"publish","type":"page","link":"https:\/\/servibati.be\/index.php\/cuve-hydrocarbure\/","title":{"rendered":"Cuve d&rsquo;hydrocarbure"},"content":{"rendered":"<p>[et_pb_section fb_built=\u00a0\u00bb1&Prime; admin_label=\u00a0\u00bbHero\u00a0\u00bb _builder_version=\u00a0\u00bb3.22&Prime; custom_padding=\u00a0\u00bb80px|0px|54px|0px|false|false\u00a0\u00bb global_colors_info=\u00a0\u00bb{}\u00a0\u00bb][et_pb_row _builder_version=\u00a0\u00bb3.25&Prime; background_size=\u00a0\u00bbinitial\u00a0\u00bb background_position=\u00a0\u00bbtop_left\u00a0\u00bb background_repeat=\u00a0\u00bbrepeat\u00a0\u00bb max_width=\u00a0\u00bb700px\u00a0\u00bb use_custom_width=\u00a0\u00bbon\u00a0\u00bb custom_width_px=\u00a0\u00bb700px\u00a0\u00bb global_colors_info=\u00a0\u00bb{}\u00a0\u00bb][et_pb_column type=\u00a0\u00bb4_4&Prime; _builder_version=\u00a0\u00bb3.25&Prime; custom_padding=\u00a0\u00bb|||\u00a0\u00bb global_colors_info=\u00a0\u00bb{}\u00a0\u00bb custom_padding__hover=\u00a0\u00bb|||\u00a0\u00bb][et_pb_text _builder_version=\u00a0\u00bb4.7.7&Prime; text_font=\u00a0\u00bbTeko||||||||\u00a0\u00bb text_text_color=\u00a0\u00bb#c10f1b\u00a0\u00bb text_font_size=\u00a0\u00bb26px\u00a0\u00bb text_line_height=\u00a0\u00bb1.2em\u00a0\u00bb ul_font=\u00a0\u00bb||||||||\u00a0\u00bb header_font=\u00a0\u00bbTeko|||on|||||\u00a0\u00bb header_font_size=\u00a0\u00bb79px\u00a0\u00bb header_letter_spacing=\u00a0\u00bb2px\u00a0\u00bb header_line_height=\u00a0\u00bb0.5em\u00a0\u00bb text_orientation=\u00a0\u00bbcenter\u00a0\u00bb custom_margin=\u00a0\u00bb|||\u00a0\u00bb header_font_size_tablet=\u00a0\u00bb66px\u00a0\u00bb header_font_size_phone=\u00a0\u00bb36px\u00a0\u00bb header_font_size_last_edited=\u00a0\u00bbon|tablet\u00a0\u00bb header_line_height_tablet=\u00a0\u00bb\u00a0\u00bb header_line_height_phone=\u00a0\u00bb0.8em\u00a0\u00bb header_line_height_last_edited=\u00a0\u00bbon|phone\u00a0\u00bb global_colors_info=\u00a0\u00bb{}\u00a0\u00bb]<\/p>\n<h1>Cuve d&rsquo; hydrocarbure<\/h1>\n<p>Tests d\u2019\u00e9tanch\u00e9it\u00e9 pour les cuves d&rsquo;hydrocarbure en r\u00e9gion Wallonne<span><u><\/u><u><\/u><\/span><\/p>\n<p>[\/et_pb_text][\/et_pb_column][\/et_pb_row][\/et_pb_section][et_pb_section fb_built=\u00a0\u00bb1&Prime; fullwidth=\u00a0\u00bbon\u00a0\u00bb _builder_version=\u00a0\u00bb4.7.7&Prime; bottom_divider_style=\u00a0\u00bbarrow\u00a0\u00bb bottom_divider_color=\u00a0\u00bb#ffffff\u00a0\u00bb bottom_divider_height_tablet=\u00a0\u00bb\u00a0\u00bb bottom_divider_height_phone=\u00a0\u00bb50px\u00a0\u00bb bottom_divider_height_last_edited=\u00a0\u00bbon|phone\u00a0\u00bb animation_style=\u00a0\u00bbslide\u00a0\u00bb animation_direction=\u00a0\u00bbtop\u00a0\u00bb animation_intensity_slide=\u00a0\u00bb4%\u00a0\u00bb global_colors_info=\u00a0\u00bb{}\u00a0\u00bb][et_pb_fullwidth_image src=\u00a0\u00bbhttps:\/\/servibati.be\/wp-content\/uploads\/2021\/08\/AdobeStock_40646432-scaled.jpeg\u00a0\u00bb title_text=\u00a0\u00bbDieseltank\u00a0\u00bb _builder_version=\u00a0\u00bb4.9.10&Prime; global_colors_info=\u00a0\u00bb{}\u00a0\u00bb][\/et_pb_fullwidth_image][\/et_pb_section][et_pb_section fb_built=\u00a0\u00bb1&Prime; admin_label=\u00a0\u00bbFeatures\u00a0\u00bb _builder_version=\u00a0\u00bb3.22&Prime; custom_padding=\u00a0\u00bb|||\u00a0\u00bb global_colors_info=\u00a0\u00bb{}\u00a0\u00bb][et_pb_row _builder_version=\u00a0\u00bb3.25&Prime; custom_margin=\u00a0\u00bb|||\u00a0\u00bb global_colors_info=\u00a0\u00bb{}\u00a0\u00bb][et_pb_column type=\u00a0\u00bb4_4&Prime; _builder_version=\u00a0\u00bb3.25&Prime; custom_padding=\u00a0\u00bb|||\u00a0\u00bb global_colors_info=\u00a0\u00bb{}\u00a0\u00bb custom_padding__hover=\u00a0\u00bb|||\u00a0\u00bb][et_pb_text _builder_version=\u00a0\u00bb4.7.7&Prime; text_font=\u00a0\u00bbLato||||||||\u00a0\u00bb text_font_size=\u00a0\u00bb18px\u00a0\u00bb text_line_height=\u00a0\u00bb1em\u00a0\u00bb global_colors_info=\u00a0\u00bb{}\u00a0\u00bb]<\/p>\n<h2>Nous effectuons des tests de s\u00e9curit\u00e9 sur les cuves d&rsquo;hydrocarbure.<\/h2>\n<p>En effet, l\u2019utilisation de celles-ci comporte toujours des risques, risques pour votre portefeuille mais \u00e9galement pour l\u2019environnement.<\/p>\n<div class=\"imgCentrer\"><\/div>\n<p>.<\/p>\n<p>[\/et_pb_text][et_pb_text admin_label=\u00a0\u00bbTitle\u00a0\u00bb _builder_version=\u00a0\u00bb3.27.4&Prime; header_font=\u00a0\u00bb||||||||\u00a0\u00bb header_3_font=\u00a0\u00bbTeko||||||||\u00a0\u00bb header_3_font_size=\u00a0\u00bb40px\u00a0\u00bb header_3_line_height=\u00a0\u00bb1.2em\u00a0\u00bb custom_margin=\u00a0\u00bb||15px|\u00a0\u00bb border_color_all=\u00a0\u00bbrgba(51,51,51,0.12)\u00a0\u00bb border_width_bottom=\u00a0\u00bb1px\u00a0\u00bb global_colors_info=\u00a0\u00bb{}\u00a0\u00bb]<\/p>\n<h3>Test d&rsquo;\u00e9tanch\u00e9it\u00e9 et de s\u00e9curit\u00e9 sur vos cuves\u00a0 d&rsquo;hydrocarbure<\/h3>\n<p>[\/et_pb_text][\/et_pb_column][\/et_pb_row][et_pb_row _builder_version=\u00a0\u00bb3.25&Prime; custom_margin=\u00a0\u00bb|||\u00a0\u00bb custom_padding=\u00a0\u00bb0|0px|27px|0px|false|false\u00a0\u00bb global_colors_info=\u00a0\u00bb{}\u00a0\u00bb][et_pb_column type=\u00a0\u00bb4_4&Prime; _builder_version=\u00a0\u00bb3.25&Prime; custom_padding=\u00a0\u00bb|||\u00a0\u00bb global_colors_info=\u00a0\u00bb{}\u00a0\u00bb custom_padding__hover=\u00a0\u00bb|||\u00a0\u00bb][et_pb_text _builder_version=\u00a0\u00bb3.27.4&Prime; text_font=\u00a0\u00bbLato||||||||\u00a0\u00bb text_font_size=\u00a0\u00bb18px\u00a0\u00bb text_line_height=\u00a0\u00bb1.8em\u00a0\u00bb global_colors_info=\u00a0\u00bb{}\u00a0\u00bb]<\/p>\n<p>C\u2019est pourquoi, la l\u00e9gislation pr\u00e9voit une r\u00e9glementation bien sp\u00e9cifique. Celle-ci est diff\u00e9rente selon la r\u00e9gion.<\/p>\n<p>En Wallonie, les r\u00e9servoirs d\u2019une contenance de 3000l et plus sont soumis \u00e0 un contr\u00f4le, diff\u00e9rent selon leur caract\u00e9ristique.<\/p>\n<ul>\n<li>Les contr\u00f4les sont obligatoires pour la mise en fonction des citernes \u00e0 mazout enterr\u00e9es ou a\u00e9rienne.<\/li>\n<li>Pour les r\u00e9servoirs a\u00e9riens et enterr\u00e9s, double parois et reli\u00e9 \u00e0 une d\u00e9tection de fuites fonctionnel un contr\u00f4le doit \u00eatre r\u00e9alis\u00e9 tous les 10 ans.\u00a0<\/li>\n<li>S&rsquo;il s&rsquo;agit d&rsquo;une cuve \u00e0 simple paroi, un contr\u00f4le p\u00e9riodique doit \u00eatre \u00e9galement r\u00e9alis\u00e9 tous les 3 ans.<\/li>\n<li>En cas de vente d\u2019une citerne de plus de 3000l, vous devez fournir un<span>\u00a0<\/span><strong>certificat<\/strong><span>\u00a0<\/span>au nouvel acqu\u00e9reur. Celui-ci s\u2019obtient apr\u00e8s un contr\u00f4le.<\/li>\n<\/ul>\n<p>Pour les cuves de capacit\u00e9s de moins de 3000l, il n&rsquo;est pas obligatoire de r\u00e9aliser un test d&rsquo;\u00e9tanch\u00e9it\u00e9 mais c&rsquo;est<span>\u00a0<\/span><strong>recommand\u00e9<\/strong>. En effet, le prix d\u2019un test est souvent moins on\u00e9reux qu\u2019une d\u00e9pollution ou que des pertes de combustibles sur une ann\u00e9e.<\/p>\n<p>A titre informatif, une goutte\/ minute perdue est \u00e9gale \u00e0 0.55l par jour, 16.5l par mois et 200.75l par an.<\/p>\n<p>Dans le cas des cuves d&rsquo;hydrocarbure, il est obligatoire de poser un sifflet ou un syst\u00e8me anti-d\u00e9bordement\u00a0 afin d\u2019\u00e9viter le d\u00e9bordement en cas de remplissage.<\/p>\n<p><span>Nous vous proposons \u00e9galement le nettoyage de vos citernes \u00e0 mazout mais aussi la neutralisation de vos anciennes cuves qui ne sont plus utilis\u00e9es o\u00f9 d\u00e9class\u00e9es .<\/span><span><u><\/u><u><\/u><\/span><\/p>\n<p><span>Servibati c\u2019est aussi le repompage d\u2019eau d\u2019infiltration dans votre citerne \u00e0 mazout en cas d\u2019inondation mais aussi en cas d\u2019infiltration\u00a0 vers un centre de d\u00e9contamination .<\/span><\/p>\n<p>[\/et_pb_text][\/et_pb_column][\/et_pb_row][\/et_pb_section][et_pb_section fb_built=\u00a0\u00bb1&Prime; _builder_version=\u00a0\u00bb4.7.7&Prime; _module_preset=\u00a0\u00bbdefault\u00a0\u00bb global_colors_info=\u00a0\u00bb{}\u00a0\u00bb][et_pb_row column_structure=\u00a0\u00bb1_3,1_3,1_3&Prime; _builder_version=\u00a0\u00bb4.7.7&Prime; _module_preset=\u00a0\u00bbdefault\u00a0\u00bb global_colors_info=\u00a0\u00bb{}\u00a0\u00bb][et_pb_column type=\u00a0\u00bb1_3&Prime; _builder_version=\u00a0\u00bb4.7.7&Prime; _module_preset=\u00a0\u00bbdefault\u00a0\u00bb global_colors_info=\u00a0\u00bb{}\u00a0\u00bb][et_pb_image src=\u00a0\u00bbhttps:\/\/servibati.be\/wp-content\/uploads\/2021\/07\/region-wallonne-300px.jpg\u00a0\u00bb title_text=\u00a0\u00bbregion-wallonne-300px\u00a0\u00bb url=\u00a0\u00bbhttps:\/\/www.wallonie.be\/fr\u00a0\u00bb align=\u00a0\u00bbcenter\u00a0\u00bb _builder_version=\u00a0\u00bb4.14.7&Prime; _module_preset=\u00a0\u00bbdefault\u00a0\u00bb custom_margin=\u00a0\u00bb50px||||false|false\u00a0\u00bb global_colors_info=\u00a0\u00bb{}\u00a0\u00bb][\/et_pb_image][\/et_pb_column][et_pb_column type=\u00a0\u00bb1_3&Prime; _builder_version=\u00a0\u00bb4.7.7&Prime; _module_preset=\u00a0\u00bbdefault\u00a0\u00bb global_colors_info=\u00a0\u00bb{}\u00a0\u00bb][et_pb_image src=\u00a0\u00bbhttps:\/\/servibati.be\/wp-content\/uploads\/2021\/07\/cedicol.jpg\u00a0\u00bb title_text=\u00a0\u00bbcedicol\u00a0\u00bb url=\u00a0\u00bbhttps:\/\/www.btecch.be\/fr\u00a0\u00bb _builder_version=\u00a0\u00bb4.14.7&Prime; _module_preset=\u00a0\u00bbdefault\u00a0\u00bb global_colors_info=\u00a0\u00bb{}\u00a0\u00bb][\/et_pb_image][\/et_pb_column][et_pb_column type=\u00a0\u00bb1_3&Prime; _builder_version=\u00a0\u00bb4.7.7&Prime; _module_preset=\u00a0\u00bbdefault\u00a0\u00bb global_colors_info=\u00a0\u00bb{}\u00a0\u00bb][et_pb_image src=\u00a0\u00bbhttps:\/\/servibati.be\/wp-content\/uploads\/2021\/07\/expert-mazout.jpg\u00a0\u00bb title_text=\u00a0\u00bbexpert-mazout\u00a0\u00bb url=\u00a0\u00bbhttps:\/\/informazout.be\/fr\/blog\/cherchez-un-expert-mazout\u00a0\u00bb align=\u00a0\u00bbcenter\u00a0\u00bb _builder_version=\u00a0\u00bb4.14.7&Prime; _module_preset=\u00a0\u00bbdefault\u00a0\u00bb custom_margin=\u00a0\u00bb50px||||false|false\u00a0\u00bb global_colors_info=\u00a0\u00bb{}\u00a0\u00bb][\/et_pb_image][\/et_pb_column][\/et_pb_row][\/et_pb_section]<\/p>\n","protected":false},"excerpt":{"rendered":"<p>Cuve d&rsquo; hydrocarbure Tests d\u2019\u00e9tanch\u00e9it\u00e9 pour les cuves d&rsquo;hydrocarbure en r\u00e9gion WallonneNous effectuons des tests de s\u00e9curit\u00e9 sur les cuves d&rsquo;hydrocarbure. En effet, l\u2019utilisation de celles-ci comporte toujours des risques, risques pour votre portefeuille mais \u00e9galement pour l\u2019environnement. .Test d&rsquo;\u00e9tanch\u00e9it\u00e9 et de s\u00e9curit\u00e9 sur vos cuves\u00a0 d&rsquo;hydrocarbureC\u2019est pourquoi, la l\u00e9gislation pr\u00e9voit une r\u00e9glementation bien sp\u00e9cifique. [&hellip;]<\/p>\n","protected":false},"author":1,"featured_media":331,"parent":0,"menu_order":0,"comment_status":"closed","ping_status":"closed","template":"","meta":{"_et_pb_use_builder":"on","_et_pb_old_content":"","_et_gb_content_width":"","footnotes":""},"class_list":["post-98","page","type-page","status-publish","has-post-thumbnail","hentry"],"acf":[],"yoast_head":"<!-- This site is optimized with the Yoast SEO plugin v26.9 - https:\/\/yoast.com\/product\/yoast-seo-wordpress\/ -->\n<title>SERVIBATI - Tests d&#039;\u00e9tanch\u00e9it\u00e9 des cuves d&#039;hydrocarbures<\/title>\n<meta name=\"description\" content=\"Servibati effectue des tests d&#039;\u00e9tanch\u00e9it\u00e9 et de s\u00e9curit\u00e9 sur vos cuves \u00e0 mazout en r\u00e9gion Wallonne et en r\u00e9gion Bruxelloise\" \/>\n<meta name=\"robots\" content=\"index, follow, max-snippet:-1, max-image-preview:large, max-video-preview:-1\" \/>\n<link rel=\"canonical\" href=\"https:\/\/servibati.be\/index.php\/cuve-hydrocarbure\/\" \/>\n<meta property=\"og:locale\" content=\"fr_FR\" \/>\n<meta property=\"og:type\" content=\"article\" \/>\n<meta property=\"og:title\" content=\"SERVIBATI - Tests d&#039;\u00e9tanch\u00e9it\u00e9 des cuves d&#039;hydrocarbures\" \/>\n<meta property=\"og:description\" content=\"Servibati effectue des tests d&#039;\u00e9tanch\u00e9it\u00e9 et de s\u00e9curit\u00e9 sur vos cuves \u00e0 mazout en r\u00e9gion Wallonne et en r\u00e9gion Bruxelloise\" \/>\n<meta property=\"og:url\" content=\"https:\/\/servibati.be\/index.php\/cuve-hydrocarbure\/\" \/>\n<meta property=\"og:site_name\" content=\"Servibati\" \/>\n<meta property=\"article:publisher\" content=\"https:\/\/www.facebook.com\/servibati.be\" \/>\n<meta property=\"article:modified_time\" content=\"2022-02-16T14:23:49+00:00\" \/>\n<meta property=\"og:image\" content=\"https:\/\/servibati.be\/wp-content\/uploads\/2021\/08\/AdobeStock_40646432-scaled.jpeg\" \/>\n\t<meta property=\"og:image:width\" content=\"2560\" \/>\n\t<meta property=\"og:image:height\" content=\"1707\" \/>\n\t<meta property=\"og:image:type\" content=\"image\/jpeg\" \/>\n<meta name=\"twitter:card\" content=\"summary_large_image\" \/>\n<meta name=\"twitter:label1\" content=\"Dur\u00e9e de lecture estim\u00e9e\" \/>\n\t<meta name=\"twitter:data1\" content=\"3 minutes\" \/>\n<script type=\"application\/ld+json\" class=\"yoast-schema-graph\">{\"@context\":\"https:\/\/schema.org\",\"@graph\":[{\"@type\":\"WebPage\",\"@id\":\"https:\/\/servibati.be\/index.php\/cuve-hydrocarbure\/\",\"url\":\"https:\/\/servibati.be\/index.php\/cuve-hydrocarbure\/\",\"name\":\"SERVIBATI - Tests d'\u00e9tanch\u00e9it\u00e9 des cuves d'hydrocarbures\",\"isPartOf\":{\"@id\":\"https:\/\/servibati.be\/#website\"},\"primaryImageOfPage\":{\"@id\":\"https:\/\/servibati.be\/index.php\/cuve-hydrocarbure\/#primaryimage\"},\"image\":{\"@id\":\"https:\/\/servibati.be\/index.php\/cuve-hydrocarbure\/#primaryimage\"},\"thumbnailUrl\":\"https:\/\/servibati.be\/wp-content\/uploads\/2021\/08\/AdobeStock_40646432-scaled.jpeg\",\"datePublished\":\"2021-07-05T12:52:30+00:00\",\"dateModified\":\"2022-02-16T14:23:49+00:00\",\"description\":\"Servibati effectue des tests d'\u00e9tanch\u00e9it\u00e9 et de s\u00e9curit\u00e9 sur vos cuves \u00e0 mazout en r\u00e9gion Wallonne et en r\u00e9gion Bruxelloise\",\"breadcrumb\":{\"@id\":\"https:\/\/servibati.be\/index.php\/cuve-hydrocarbure\/#breadcrumb\"},\"inLanguage\":\"fr-FR\",\"potentialAction\":[{\"@type\":\"ReadAction\",\"target\":[\"https:\/\/servibati.be\/index.php\/cuve-hydrocarbure\/\"]}]},{\"@type\":\"ImageObject\",\"inLanguage\":\"fr-FR\",\"@id\":\"https:\/\/servibati.be\/index.php\/cuve-hydrocarbure\/#primaryimage\",\"url\":\"https:\/\/servibati.be\/wp-content\/uploads\/2021\/08\/AdobeStock_40646432-scaled.jpeg\",\"contentUrl\":\"https:\/\/servibati.be\/wp-content\/uploads\/2021\/08\/AdobeStock_40646432-scaled.jpeg\",\"width\":2560,\"height\":1707,\"caption\":\"Cuve d'hydrocarbure Servibati\"},{\"@type\":\"BreadcrumbList\",\"@id\":\"https:\/\/servibati.be\/index.php\/cuve-hydrocarbure\/#breadcrumb\",\"itemListElement\":[{\"@type\":\"ListItem\",\"position\":1,\"name\":\"Accueil\",\"item\":\"https:\/\/servibati.be\/\"},{\"@type\":\"ListItem\",\"position\":2,\"name\":\"Cuve d&rsquo;hydrocarbure\"}]},{\"@type\":\"WebSite\",\"@id\":\"https:\/\/servibati.be\/#website\",\"url\":\"https:\/\/servibati.be\/\",\"name\":\"Servibati\",\"description\":\"Bienvenue sur le site de Servibati SPRL\",\"publisher\":{\"@id\":\"https:\/\/servibati.be\/#organization\"},\"potentialAction\":[{\"@type\":\"SearchAction\",\"target\":{\"@type\":\"EntryPoint\",\"urlTemplate\":\"https:\/\/servibati.be\/?s={search_term_string}\"},\"query-input\":{\"@type\":\"PropertyValueSpecification\",\"valueRequired\":true,\"valueName\":\"search_term_string\"}}],\"inLanguage\":\"fr-FR\"},{\"@type\":\"Organization\",\"@id\":\"https:\/\/servibati.be\/#organization\",\"name\":\"Servibati SPRL\",\"url\":\"https:\/\/servibati.be\/\",\"logo\":{\"@type\":\"ImageObject\",\"inLanguage\":\"fr-FR\",\"@id\":\"https:\/\/servibati.be\/#\/schema\/logo\/image\/\",\"url\":\"https:\/\/servibati.be\/wp-content\/uploads\/2021\/07\/cropped-logo.jpg\",\"contentUrl\":\"https:\/\/servibati.be\/wp-content\/uploads\/2021\/07\/cropped-logo.jpg\",\"width\":512,\"height\":512,\"caption\":\"Servibati SPRL\"},\"image\":{\"@id\":\"https:\/\/servibati.be\/#\/schema\/logo\/image\/\"},\"sameAs\":[\"https:\/\/www.facebook.com\/servibati.be\"]}]}<\/script>\n<!-- \/ Yoast SEO plugin. -->","yoast_head_json":{"title":"SERVIBATI - Tests d'\u00e9tanch\u00e9it\u00e9 des cuves d'hydrocarbures","description":"Servibati effectue des tests d'\u00e9tanch\u00e9it\u00e9 et de s\u00e9curit\u00e9 sur vos cuves \u00e0 mazout en r\u00e9gion Wallonne et en r\u00e9gion Bruxelloise","robots":{"index":"index","follow":"follow","max-snippet":"max-snippet:-1","max-image-preview":"max-image-preview:large","max-video-preview":"max-video-preview:-1"},"canonical":"https:\/\/servibati.be\/index.php\/cuve-hydrocarbure\/","og_locale":"fr_FR","og_type":"article","og_title":"SERVIBATI - Tests d'\u00e9tanch\u00e9it\u00e9 des cuves d'hydrocarbures","og_description":"Servibati effectue des tests d'\u00e9tanch\u00e9it\u00e9 et de s\u00e9curit\u00e9 sur vos cuves \u00e0 mazout en r\u00e9gion Wallonne et en r\u00e9gion Bruxelloise","og_url":"https:\/\/servibati.be\/index.php\/cuve-hydrocarbure\/","og_site_name":"Servibati","article_publisher":"https:\/\/www.facebook.com\/servibati.be","article_modified_time":"2022-02-16T14:23:49+00:00","og_image":[{"width":2560,"height":1707,"url":"https:\/\/servibati.be\/wp-content\/uploads\/2021\/08\/AdobeStock_40646432-scaled.jpeg","type":"image\/jpeg"}],"twitter_card":"summary_large_image","twitter_misc":{"Dur\u00e9e de lecture estim\u00e9e":"3 minutes"},"schema":{"@context":"https:\/\/schema.org","@graph":[{"@type":"WebPage","@id":"https:\/\/servibati.be\/index.php\/cuve-hydrocarbure\/","url":"https:\/\/servibati.be\/index.php\/cuve-hydrocarbure\/","name":"SERVIBATI - Tests d'\u00e9tanch\u00e9it\u00e9 des cuves d'hydrocarbures","isPartOf":{"@id":"https:\/\/servibati.be\/#website"},"primaryImageOfPage":{"@id":"https:\/\/servibati.be\/index.php\/cuve-hydrocarbure\/#primaryimage"},"image":{"@id":"https:\/\/servibati.be\/index.php\/cuve-hydrocarbure\/#primaryimage"},"thumbnailUrl":"https:\/\/servibati.be\/wp-content\/uploads\/2021\/08\/AdobeStock_40646432-scaled.jpeg","datePublished":"2021-07-05T12:52:30+00:00","dateModified":"2022-02-16T14:23:49+00:00","description":"Servibati effectue des tests d'\u00e9tanch\u00e9it\u00e9 et de s\u00e9curit\u00e9 sur vos cuves \u00e0 mazout en r\u00e9gion Wallonne et en r\u00e9gion Bruxelloise","breadcrumb":{"@id":"https:\/\/servibati.be\/index.php\/cuve-hydrocarbure\/#breadcrumb"},"inLanguage":"fr-FR","potentialAction":[{"@type":"ReadAction","target":["https:\/\/servibati.be\/index.php\/cuve-hydrocarbure\/"]}]},{"@type":"ImageObject","inLanguage":"fr-FR","@id":"https:\/\/servibati.be\/index.php\/cuve-hydrocarbure\/#primaryimage","url":"https:\/\/servibati.be\/wp-content\/uploads\/2021\/08\/AdobeStock_40646432-scaled.jpeg","contentUrl":"https:\/\/servibati.be\/wp-content\/uploads\/2021\/08\/AdobeStock_40646432-scaled.jpeg","width":2560,"height":1707,"caption":"Cuve d'hydrocarbure Servibati"},{"@type":"BreadcrumbList","@id":"https:\/\/servibati.be\/index.php\/cuve-hydrocarbure\/#breadcrumb","itemListElement":[{"@type":"ListItem","position":1,"name":"Accueil","item":"https:\/\/servibati.be\/"},{"@type":"ListItem","position":2,"name":"Cuve d&rsquo;hydrocarbure"}]},{"@type":"WebSite","@id":"https:\/\/servibati.be\/#website","url":"https:\/\/servibati.be\/","name":"Servibati","description":"Bienvenue sur le site de Servibati SPRL","publisher":{"@id":"https:\/\/servibati.be\/#organization"},"potentialAction":[{"@type":"SearchAction","target":{"@type":"EntryPoint","urlTemplate":"https:\/\/servibati.be\/?s={search_term_string}"},"query-input":{"@type":"PropertyValueSpecification","valueRequired":true,"valueName":"search_term_string"}}],"inLanguage":"fr-FR"},{"@type":"Organization","@id":"https:\/\/servibati.be\/#organization","name":"Servibati SPRL","url":"https:\/\/servibati.be\/","logo":{"@type":"ImageObject","inLanguage":"fr-FR","@id":"https:\/\/servibati.be\/#\/schema\/logo\/image\/","url":"https:\/\/servibati.be\/wp-content\/uploads\/2021\/07\/cropped-logo.jpg","contentUrl":"https:\/\/servibati.be\/wp-content\/uploads\/2021\/07\/cropped-logo.jpg","width":512,"height":512,"caption":"Servibati SPRL"},"image":{"@id":"https:\/\/servibati.be\/#\/schema\/logo\/image\/"},"sameAs":["https:\/\/www.facebook.com\/servibati.be"]}]}},"_links":{"self":[{"href":"https:\/\/servibati.be\/index.php\/wp-json\/wp\/v2\/pages\/98","targetHints":{"allow":["GET"]}}],"collection":[{"href":"https:\/\/servibati.be\/index.php\/wp-json\/wp\/v2\/pages"}],"about":[{"href":"https:\/\/servibati.be\/index.php\/wp-json\/wp\/v2\/types\/page"}],"author":[{"embeddable":true,"href":"https:\/\/servibati.be\/index.php\/wp-json\/wp\/v2\/users\/1"}],"replies":[{"embeddable":true,"href":"https:\/\/servibati.be\/index.php\/wp-json\/wp\/v2\/comments?post=98"}],"version-history":[{"count":14,"href":"https:\/\/servibati.be\/index.php\/wp-json\/wp\/v2\/pages\/98\/revisions"}],"predecessor-version":[{"id":402,"href":"https:\/\/servibati.be\/index.php\/wp-json\/wp\/v2\/pages\/98\/revisions\/402"}],"wp:featuredmedia":[{"embeddable":true,"href":"https:\/\/servibati.be\/index.php\/wp-json\/wp\/v2\/media\/331"}],"wp:attachment":[{"href":"https:\/\/servibati.be\/index.php\/wp-json\/wp\/v2\/media?parent=98"}],"curies":[{"name":"wp","href":"https:\/\/api.w.org\/{rel}","templated":true}]}}