{"id":157,"date":"2021-07-05T16:40:24","date_gmt":"2021-07-05T14:40:24","guid":{"rendered":"http:\/\/servibati.be\/?post_type=product&#038;p=157"},"modified":"2021-08-18T14:44:44","modified_gmt":"2021-08-18T12:44:44","slug":"armoire-pour-devidoir","status":"publish","type":"product","link":"https:\/\/servibati.be\/index.php\/produit\/armoire-pour-devidoir\/","title":{"rendered":"Armoire pour d\u00e9vidoir"},"content":{"rendered":"<p>&nbsp;<\/p>\n\n<table id=\"tablepress-2\" class=\"tablepress tablepress-id-2\">\n<thead>\n<tr class=\"row-1\">\n\t<td class=\"column-1\"><\/td><th class=\"column-2\">Armoire 1 porte<\/th><th class=\"column-3\">Armoire 2 portes<\/th>\n<\/tr>\n<\/thead>\n<tbody class=\"row-striping row-hover\">\n<tr class=\"row-2\">\n\t<td class=\"column-1\">Num\u00e9ro d'article<\/td><td class=\"column-2\">0501<\/td><td class=\"column-3\">0502<\/td>\n<\/tr>\n<tr class=\"row-3\">\n\t<td class=\"column-1\">Type<\/td><td class=\"column-2\">1 porte<\/td><td class=\"column-3\">2portes<\/td>\n<\/tr>\n<tr class=\"row-4\">\n\t<td class=\"column-1\">Largeur<\/td><td class=\"column-2\">895mm<\/td><td class=\"column-3\">1195mm<\/td>\n<\/tr>\n<tr class=\"row-5\">\n\t<td class=\"column-1\">Hauteur<\/td><td class=\"column-2\">995mm<\/td><td class=\"column-3\">995mm<\/td>\n<\/tr>\n<tr class=\"row-6\">\n\t<td class=\"column-1\">Profondeur<\/td><td class=\"column-2\">265mm<\/td><td class=\"column-3\">265mm<\/td>\n<\/tr>\n<\/tbody>\n<\/table>\n<!-- #tablepress-2 from cache -->\n<p>Options possibles: Chauffage \u00e9lectrique 200W, alimentation 230V avec thermostat r\u00e9glable; T\u00f4le en acier 1 mm RAL 9010 pour d\u00e9vidoir simple; T\u00f4le en acier 1 mm RAL 9010 pour d\u00e9vidoir extincteur<\/p>\n","protected":false},"excerpt":{"rendered":"<p>\u2022 1 armoire pour d\u00e9vidoir fixe ou pivotant.<br \/>\n\u2022 T\u00f4le d\u2019acier 1 mm en RAL 3000 (rouge).<br \/>\n\u2022 Trous pour l\u2019alimentation en eau pr\u00e9vu.<br \/>\n\u2022 Tous les trous pour montage facile sont pr\u00e9vu.<br \/>\n\u2022 Fixation pour d\u00e9vidoir pivotant d\u00e9j\u00e0 construit.<br \/>\n\u2022 Fixation pour d\u00e9vidoir pivotant avec bloc d\u2019arr\u00eat \u2013 pas de dommage possible \u00e0 l\u2019armoire.<br \/>\n\u2022 Porte r\u00e9versible.<\/p>\n","protected":false},"featured_media":158,"comment_status":"closed","ping_status":"closed","template":"","meta":{"_et_pb_use_builder":"","_et_pb_old_content":"","_et_gb_content_width":""},"product_brand":[],"product_cat":[24,18],"product_tag":[],"class_list":{"0":"post-157","1":"product","2":"type-product","3":"status-publish","4":"has-post-thumbnail","6":"product_cat-armoires-housses-pieds-crochets","7":"product_cat-protection-incendie","9":"first","10":"instock","11":"shipping-taxable","12":"product-type-simple"},"acf":[],"yoast_head":"<!-- This site is optimized with the Yoast SEO plugin v26.9 - https:\/\/yoast.com\/product\/yoast-seo-wordpress\/ -->\n<title>Armoire pour d\u00e9vidoir &#8211; Servibati<\/title>\n<meta name=\"robots\" content=\"index, follow, max-snippet:-1, max-image-preview:large, max-video-preview:-1\" \/>\n<link rel=\"canonical\" href=\"https:\/\/servibati.be\/index.php\/produit\/armoire-pour-devidoir\/\" \/>\n<meta property=\"og:locale\" content=\"fr_FR\" \/>\n<meta property=\"og:type\" content=\"article\" \/>\n<meta property=\"og:title\" content=\"Armoire pour d\u00e9vidoir &#8211; Servibati\" \/>\n<meta property=\"og:description\" content=\"\u2022 1 armoire pour d\u00e9vidoir fixe ou pivotant. \u2022 T\u00f4le d\u2019acier 1 mm en RAL 3000 (rouge). \u2022 Trous pour l\u2019alimentation en eau pr\u00e9vu. \u2022 Tous les trous pour montage facile sont pr\u00e9vu. \u2022 Fixation pour d\u00e9vidoir pivotant d\u00e9j\u00e0 construit. \u2022 Fixation pour d\u00e9vidoir pivotant avec bloc d\u2019arr\u00eat \u2013 pas de dommage possible \u00e0 l\u2019armoire. \u2022 Porte r\u00e9versible.\" \/>\n<meta property=\"og:url\" content=\"https:\/\/servibati.be\/index.php\/produit\/armoire-pour-devidoir\/\" \/>\n<meta property=\"og:site_name\" content=\"Servibati\" \/>\n<meta property=\"article:publisher\" content=\"https:\/\/www.facebook.com\/servibati.be\" \/>\n<meta property=\"article:modified_time\" content=\"2021-08-18T12:44:44+00:00\" \/>\n<meta property=\"og:image\" content=\"https:\/\/servibati.be\/wp-content\/uploads\/2021\/07\/armoire_devidoir.jpg\" \/>\n\t<meta property=\"og:image:width\" content=\"900\" \/>\n\t<meta property=\"og:image:height\" content=\"900\" \/>\n\t<meta property=\"og:image:type\" content=\"image\/jpeg\" \/>\n<meta name=\"twitter:card\" content=\"summary_large_image\" \/>\n<meta name=\"twitter:label1\" content=\"Dur\u00e9e de lecture estim\u00e9e\" \/>\n\t<meta name=\"twitter:data1\" content=\"1 minute\" \/>\n<script type=\"application\/ld+json\" class=\"yoast-schema-graph\">{\"@context\":\"https:\/\/schema.org\",\"@graph\":[{\"@type\":\"WebPage\",\"@id\":\"https:\/\/servibati.be\/index.php\/produit\/armoire-pour-devidoir\/\",\"url\":\"https:\/\/servibati.be\/index.php\/produit\/armoire-pour-devidoir\/\",\"name\":\"Armoire pour d\u00e9vidoir &#8211; Servibati\",\"isPartOf\":{\"@id\":\"https:\/\/servibati.be\/#website\"},\"primaryImageOfPage\":{\"@id\":\"https:\/\/servibati.be\/index.php\/produit\/armoire-pour-devidoir\/#primaryimage\"},\"image\":{\"@id\":\"https:\/\/servibati.be\/index.php\/produit\/armoire-pour-devidoir\/#primaryimage\"},\"thumbnailUrl\":\"https:\/\/servibati.be\/wp-content\/uploads\/2021\/07\/armoire_devidoir.jpg\",\"datePublished\":\"2021-07-05T14:40:24+00:00\",\"dateModified\":\"2021-08-18T12:44:44+00:00\",\"breadcrumb\":{\"@id\":\"https:\/\/servibati.be\/index.php\/produit\/armoire-pour-devidoir\/#breadcrumb\"},\"inLanguage\":\"fr-FR\",\"potentialAction\":[{\"@type\":\"ReadAction\",\"target\":[\"https:\/\/servibati.be\/index.php\/produit\/armoire-pour-devidoir\/\"]}]},{\"@type\":\"ImageObject\",\"inLanguage\":\"fr-FR\",\"@id\":\"https:\/\/servibati.be\/index.php\/produit\/armoire-pour-devidoir\/#primaryimage\",\"url\":\"https:\/\/servibati.be\/wp-content\/uploads\/2021\/07\/armoire_devidoir.jpg\",\"contentUrl\":\"https:\/\/servibati.be\/wp-content\/uploads\/2021\/07\/armoire_devidoir.jpg\",\"width\":900,\"height\":900,\"caption\":\"Armoire pour d\u00e9vidoir Servibati\"},{\"@type\":\"BreadcrumbList\",\"@id\":\"https:\/\/servibati.be\/index.php\/produit\/armoire-pour-devidoir\/#breadcrumb\",\"itemListElement\":[{\"@type\":\"ListItem\",\"position\":1,\"name\":\"Accueil\",\"item\":\"https:\/\/servibati.be\/\"},{\"@type\":\"ListItem\",\"position\":2,\"name\":\"Boutique\",\"item\":\"https:\/\/servibati.be\/index.php\/boutique\/\"},{\"@type\":\"ListItem\",\"position\":3,\"name\":\"Armoire pour d\u00e9vidoir\"}]},{\"@type\":\"WebSite\",\"@id\":\"https:\/\/servibati.be\/#website\",\"url\":\"https:\/\/servibati.be\/\",\"name\":\"Servibati\",\"description\":\"Bienvenue sur le site de Servibati SPRL\",\"publisher\":{\"@id\":\"https:\/\/servibati.be\/#organization\"},\"potentialAction\":[{\"@type\":\"SearchAction\",\"target\":{\"@type\":\"EntryPoint\",\"urlTemplate\":\"https:\/\/servibati.be\/?s={search_term_string}\"},\"query-input\":{\"@type\":\"PropertyValueSpecification\",\"valueRequired\":true,\"valueName\":\"search_term_string\"}}],\"inLanguage\":\"fr-FR\"},{\"@type\":\"Organization\",\"@id\":\"https:\/\/servibati.be\/#organization\",\"name\":\"Servibati SPRL\",\"url\":\"https:\/\/servibati.be\/\",\"logo\":{\"@type\":\"ImageObject\",\"inLanguage\":\"fr-FR\",\"@id\":\"https:\/\/servibati.be\/#\/schema\/logo\/image\/\",\"url\":\"https:\/\/servibati.be\/wp-content\/uploads\/2021\/07\/cropped-logo.jpg\",\"contentUrl\":\"https:\/\/servibati.be\/wp-content\/uploads\/2021\/07\/cropped-logo.jpg\",\"width\":512,\"height\":512,\"caption\":\"Servibati SPRL\"},\"image\":{\"@id\":\"https:\/\/servibati.be\/#\/schema\/logo\/image\/\"},\"sameAs\":[\"https:\/\/www.facebook.com\/servibati.be\"]}]}<\/script>\n<!-- \/ Yoast SEO plugin. -->","yoast_head_json":{"title":"Armoire pour d\u00e9vidoir &#8211; Servibati","robots":{"index":"index","follow":"follow","max-snippet":"max-snippet:-1","max-image-preview":"max-image-preview:large","max-video-preview":"max-video-preview:-1"},"canonical":"https:\/\/servibati.be\/index.php\/produit\/armoire-pour-devidoir\/","og_locale":"fr_FR","og_type":"article","og_title":"Armoire pour d\u00e9vidoir &#8211; Servibati","og_description":"\u2022 1 armoire pour d\u00e9vidoir fixe ou pivotant. \u2022 T\u00f4le d\u2019acier 1 mm en RAL 3000 (rouge). \u2022 Trous pour l\u2019alimentation en eau pr\u00e9vu. \u2022 Tous les trous pour montage facile sont pr\u00e9vu. \u2022 Fixation pour d\u00e9vidoir pivotant d\u00e9j\u00e0 construit. \u2022 Fixation pour d\u00e9vidoir pivotant avec bloc d\u2019arr\u00eat \u2013 pas de dommage possible \u00e0 l\u2019armoire. \u2022 Porte r\u00e9versible.","og_url":"https:\/\/servibati.be\/index.php\/produit\/armoire-pour-devidoir\/","og_site_name":"Servibati","article_publisher":"https:\/\/www.facebook.com\/servibati.be","article_modified_time":"2021-08-18T12:44:44+00:00","og_image":[{"width":900,"height":900,"url":"https:\/\/servibati.be\/wp-content\/uploads\/2021\/07\/armoire_devidoir.jpg","type":"image\/jpeg"}],"twitter_card":"summary_large_image","twitter_misc":{"Dur\u00e9e de lecture estim\u00e9e":"1 minute"},"schema":{"@context":"https:\/\/schema.org","@graph":[{"@type":"WebPage","@id":"https:\/\/servibati.be\/index.php\/produit\/armoire-pour-devidoir\/","url":"https:\/\/servibati.be\/index.php\/produit\/armoire-pour-devidoir\/","name":"Armoire pour d\u00e9vidoir &#8211; Servibati","isPartOf":{"@id":"https:\/\/servibati.be\/#website"},"primaryImageOfPage":{"@id":"https:\/\/servibati.be\/index.php\/produit\/armoire-pour-devidoir\/#primaryimage"},"image":{"@id":"https:\/\/servibati.be\/index.php\/produit\/armoire-pour-devidoir\/#primaryimage"},"thumbnailUrl":"https:\/\/servibati.be\/wp-content\/uploads\/2021\/07\/armoire_devidoir.jpg","datePublished":"2021-07-05T14:40:24+00:00","dateModified":"2021-08-18T12:44:44+00:00","breadcrumb":{"@id":"https:\/\/servibati.be\/index.php\/produit\/armoire-pour-devidoir\/#breadcrumb"},"inLanguage":"fr-FR","potentialAction":[{"@type":"ReadAction","target":["https:\/\/servibati.be\/index.php\/produit\/armoire-pour-devidoir\/"]}]},{"@type":"ImageObject","inLanguage":"fr-FR","@id":"https:\/\/servibati.be\/index.php\/produit\/armoire-pour-devidoir\/#primaryimage","url":"https:\/\/servibati.be\/wp-content\/uploads\/2021\/07\/armoire_devidoir.jpg","contentUrl":"https:\/\/servibati.be\/wp-content\/uploads\/2021\/07\/armoire_devidoir.jpg","width":900,"height":900,"caption":"Armoire pour d\u00e9vidoir Servibati"},{"@type":"BreadcrumbList","@id":"https:\/\/servibati.be\/index.php\/produit\/armoire-pour-devidoir\/#breadcrumb","itemListElement":[{"@type":"ListItem","position":1,"name":"Accueil","item":"https:\/\/servibati.be\/"},{"@type":"ListItem","position":2,"name":"Boutique","item":"https:\/\/servibati.be\/index.php\/boutique\/"},{"@type":"ListItem","position":3,"name":"Armoire pour d\u00e9vidoir"}]},{"@type":"WebSite","@id":"https:\/\/servibati.be\/#website","url":"https:\/\/servibati.be\/","name":"Servibati","description":"Bienvenue sur le site de Servibati SPRL","publisher":{"@id":"https:\/\/servibati.be\/#organization"},"potentialAction":[{"@type":"SearchAction","target":{"@type":"EntryPoint","urlTemplate":"https:\/\/servibati.be\/?s={search_term_string}"},"query-input":{"@type":"PropertyValueSpecification","valueRequired":true,"valueName":"search_term_string"}}],"inLanguage":"fr-FR"},{"@type":"Organization","@id":"https:\/\/servibati.be\/#organization","name":"Servibati SPRL","url":"https:\/\/servibati.be\/","logo":{"@type":"ImageObject","inLanguage":"fr-FR","@id":"https:\/\/servibati.be\/#\/schema\/logo\/image\/","url":"https:\/\/servibati.be\/wp-content\/uploads\/2021\/07\/cropped-logo.jpg","contentUrl":"https:\/\/servibati.be\/wp-content\/uploads\/2021\/07\/cropped-logo.jpg","width":512,"height":512,"caption":"Servibati SPRL"},"image":{"@id":"https:\/\/servibati.be\/#\/schema\/logo\/image\/"},"sameAs":["https:\/\/www.facebook.com\/servibati.be"]}]}},"_links":{"self":[{"href":"https:\/\/servibati.be\/index.php\/wp-json\/wp\/v2\/product\/157","targetHints":{"allow":["GET"]}}],"collection":[{"href":"https:\/\/servibati.be\/index.php\/wp-json\/wp\/v2\/product"}],"about":[{"href":"https:\/\/servibati.be\/index.php\/wp-json\/wp\/v2\/types\/product"}],"replies":[{"embeddable":true,"href":"https:\/\/servibati.be\/index.php\/wp-json\/wp\/v2\/comments?post=157"}],"wp:featuredmedia":[{"embeddable":true,"href":"https:\/\/servibati.be\/index.php\/wp-json\/wp\/v2\/media\/158"}],"wp:attachment":[{"href":"https:\/\/servibati.be\/index.php\/wp-json\/wp\/v2\/media?parent=157"}],"wp:term":[{"taxonomy":"product_brand","embeddable":true,"href":"https:\/\/servibati.be\/index.php\/wp-json\/wp\/v2\/product_brand?post=157"},{"taxonomy":"product_cat","embeddable":true,"href":"https:\/\/servibati.be\/index.php\/wp-json\/wp\/v2\/product_cat?post=157"},{"taxonomy":"product_tag","embeddable":true,"href":"https:\/\/servibati.be\/index.php\/wp-json\/wp\/v2\/product_tag?post=157"}],"curies":[{"name":"wp","href":"https:\/\/api.w.org\/{rel}","templated":true}]}}