{"id":235,"date":"2021-07-06T18:15:08","date_gmt":"2021-07-06T16:15:08","guid":{"rendered":"http:\/\/servibati.be\/?post_type=product&#038;p=235"},"modified":"2021-08-18T14:38:40","modified_gmt":"2021-08-18T12:38:40","slug":"extincteur-pp6alu-6-kg-a-pression-permanente-poudre-abc","status":"publish","type":"product","link":"https:\/\/servibati.be\/index.php\/produit\/extincteur-pp6alu-6-kg-a-pression-permanente-poudre-abc\/","title":{"rendered":"Extincteur  PP6ALU \u2013 6 kg \u00e0 pression permanente \u2013 Poudre ABC"},"content":{"rendered":"\n<table id=\"tablepress-12\" class=\"tablepress tablepress-id-12\">\n<thead>\n<tr class=\"row-1\">\n\t<th class=\"column-1\">Capacit\u00e9<\/th><th class=\"column-2\">6kg<\/th>\n<\/tr>\n<\/thead>\n<tbody class=\"row-striping row-hover\">\n<tr class=\"row-2\">\n\t<td class=\"column-1\">Capacit\u00e9 d'extinction<\/td><td class=\"column-2\">21A 144B C<\/td>\n<\/tr>\n<tr class=\"row-3\">\n\t<td class=\"column-1\">Agent extincteur<\/td><td class=\"column-2\">Poudre ABC<\/td>\n<\/tr>\n<tr class=\"row-4\">\n\t<td class=\"column-1\">Temp\u00e9rature de fonctionnement<\/td><td class=\"column-2\">-20\u00b0C +60\u00b0C<\/td>\n<\/tr>\n<tr class=\"row-5\">\n\t<td class=\"column-1\">Dur\u00e9e moyenne de d\u00e9charge<\/td><td class=\"column-2\">16,74 secondes<\/td>\n<\/tr>\n<tr class=\"row-6\">\n\t<td class=\"column-1\">Test de pression<\/td><td class=\"column-2\">27,00 bar<\/td>\n<\/tr>\n<tr class=\"row-7\">\n\t<td class=\"column-1\">Pression maximale autoris\u00e9e<\/td><td class=\"column-2\">16,00 bar<\/td>\n<\/tr>\n<tr class=\"row-8\">\n\t<td class=\"column-1\">Volume de l'\u00e9quipement<\/td><td class=\"column-2\">7,1L<\/td>\n<\/tr>\n<tr class=\"row-9\">\n\t<td class=\"column-1\">Hauteur du r\u00e9servoir <\/td><td class=\"column-2\">525mm<\/td>\n<\/tr>\n<tr class=\"row-10\">\n\t<td class=\"column-1\">Largeur du r\u00e9servoir<\/td><td class=\"column-2\">160mm<\/td>\n<\/tr>\n<tr class=\"row-11\">\n\t<td class=\"column-1\">Profondeur du r\u00e9servoir<\/td><td class=\"column-2\">260mm<\/td>\n<\/tr>\n<tr class=\"row-12\">\n\t<td class=\"column-1\">Colisage<\/td><td class=\"column-2\">545 x 160 x 160mm<\/td>\n<\/tr>\n<tr class=\"row-13\">\n\t<td class=\"column-1\">Poids brut approximatif<\/td><td class=\"column-2\">9,6kg<\/td>\n<\/tr>\n<tr class=\"row-14\">\n\t<td class=\"column-1\">Finition <\/td><td class=\"column-2\">R-3000<\/td>\n<\/tr>\n<tr class=\"row-15\">\n\t<td class=\"column-1\">Pression de fonctionnement \u00e0 20\u00b0C<\/td><td class=\"column-2\">15 bar<\/td>\n<\/tr>\n<tr class=\"row-16\">\n\t<td class=\"column-1\">Support<\/td><td class=\"column-2\">Type mural ou transport<\/td>\n<\/tr>\n<\/tbody>\n<\/table>\n<!-- #tablepress-12 from cache -->\n<p>Test\u00e9 selon<\/p>\n<p><img loading=\"lazy\" decoding=\"async\" class=\"alignnone size-medium wp-image-237\" src=\"https:\/\/servibati.be\/wp-content\/uploads\/2021\/07\/tested4-300x108.png\" alt=\"\" width=\"300\" height=\"108\" srcset=\"https:\/\/servibati.be\/wp-content\/uploads\/2021\/07\/tested4-300x108.png 300w, https:\/\/servibati.be\/wp-content\/uploads\/2021\/07\/tested4.png 463w\" sizes=\"(max-width: 300px) 100vw, 300px\" \/><\/p>\n<p>&nbsp;<\/p>\n<p>&nbsp;<\/p>\n","protected":false},"excerpt":{"rendered":"<p>\u2022 Qualit\u00e9s physico-chimiques : fluidit\u00e9, non toxicit\u00e9, neutralit\u00e9, insensibilit\u00e9 aux conditions ext\u00e9rieures, grand<br \/>\npouvoir de p\u00e9n\u00e9tration des flammes, possibilit\u00e9 d\u2019utilisation en pr\u00e9sence de courant \u00e9lectrique.<br \/>\n\u2022 M\u00e9canisme d\u2019extinction polyvalent : la poudre ABC agit sur les flammes et sur les braises et forme un \u00e9cran<br \/>\nisolant qui protege l\u2019utilisateur de la chaleur rayonnante du foyer.<br \/>\n\u2022 Mobile et compact, il permet d\u2019intervenir rapidement sur le lieu du risque.<br \/>\n\u2022 Conforme \u00e0 la norme fran\u00e7aise NF-S 61900, il r\u00e9pond aux sp\u00e9cifications de la norme<br \/>\neurop\u00e9enne Afnor NF EN3-7 + A1, PED CE et MED CE.<br \/>\n\u2022 5 ans de garantie si les produits sont inspect\u00e9s via nos services.<\/p>\n","protected":false},"featured_media":236,"comment_status":"closed","ping_status":"closed","template":"","meta":{"_et_pb_use_builder":"","_et_pb_old_content":"","_et_gb_content_width":""},"product_brand":[],"product_cat":[20,18],"product_tag":[],"class_list":{"0":"post-235","1":"product","2":"type-product","3":"status-publish","4":"has-post-thumbnail","6":"product_cat-extincteur-poudre","7":"product_cat-protection-incendie","9":"first","10":"instock","11":"shipping-taxable","12":"product-type-simple"},"acf":[],"yoast_head":"<!-- This site is optimized with the Yoast SEO plugin v26.9 - https:\/\/yoast.com\/product\/yoast-seo-wordpress\/ -->\n<title>Extincteur PP6ALU \u2013 6 kg \u00e0 pression permanente \u2013 Poudre ABC &#8211; Servibati<\/title>\n<meta name=\"robots\" content=\"index, follow, max-snippet:-1, max-image-preview:large, max-video-preview:-1\" \/>\n<link rel=\"canonical\" href=\"https:\/\/servibati.be\/index.php\/produit\/extincteur-pp6alu-6-kg-a-pression-permanente-poudre-abc\/\" \/>\n<meta property=\"og:locale\" content=\"fr_FR\" \/>\n<meta property=\"og:type\" content=\"article\" \/>\n<meta property=\"og:title\" content=\"Extincteur PP6ALU \u2013 6 kg \u00e0 pression permanente \u2013 Poudre ABC &#8211; Servibati\" \/>\n<meta property=\"og:description\" content=\"\u2022 Qualit\u00e9s physico-chimiques : fluidit\u00e9, non toxicit\u00e9, neutralit\u00e9, insensibilit\u00e9 aux conditions ext\u00e9rieures, grand pouvoir de p\u00e9n\u00e9tration des flammes, possibilit\u00e9 d\u2019utilisation en pr\u00e9sence de courant \u00e9lectrique. \u2022 M\u00e9canisme d\u2019extinction polyvalent : la poudre ABC agit sur les flammes et sur les braises et forme un \u00e9cran isolant qui protege l\u2019utilisateur de la chaleur rayonnante du foyer. \u2022 Mobile et compact, il permet d\u2019intervenir rapidement sur le lieu du risque. \u2022 Conforme \u00e0 la norme fran\u00e7aise NF-S 61900, il r\u00e9pond aux sp\u00e9cifications de la norme europ\u00e9enne Afnor NF EN3-7 + A1, PED CE et MED CE. \u2022 5 ans de garantie si les produits sont inspect\u00e9s via nos services.\" \/>\n<meta property=\"og:url\" content=\"https:\/\/servibati.be\/index.php\/produit\/extincteur-pp6alu-6-kg-a-pression-permanente-poudre-abc\/\" \/>\n<meta property=\"og:site_name\" content=\"Servibati\" \/>\n<meta property=\"article:publisher\" content=\"https:\/\/www.facebook.com\/servibati.be\" \/>\n<meta property=\"article:modified_time\" content=\"2021-08-18T12:38:40+00:00\" \/>\n<meta property=\"og:image\" content=\"https:\/\/servibati.be\/wp-content\/uploads\/2021\/07\/extincteur8.jpg\" \/>\n\t<meta property=\"og:image:width\" content=\"900\" \/>\n\t<meta property=\"og:image:height\" content=\"900\" \/>\n\t<meta property=\"og:image:type\" content=\"image\/jpeg\" \/>\n<meta name=\"twitter:card\" content=\"summary_large_image\" \/>\n<meta name=\"twitter:label1\" content=\"Dur\u00e9e de lecture estim\u00e9e\" \/>\n\t<meta name=\"twitter:data1\" content=\"1 minute\" \/>\n<script type=\"application\/ld+json\" class=\"yoast-schema-graph\">{\"@context\":\"https:\/\/schema.org\",\"@graph\":[{\"@type\":\"WebPage\",\"@id\":\"https:\/\/servibati.be\/index.php\/produit\/extincteur-pp6alu-6-kg-a-pression-permanente-poudre-abc\/\",\"url\":\"https:\/\/servibati.be\/index.php\/produit\/extincteur-pp6alu-6-kg-a-pression-permanente-poudre-abc\/\",\"name\":\"Extincteur PP6ALU \u2013 6 kg \u00e0 pression permanente \u2013 Poudre ABC &#8211; Servibati\",\"isPartOf\":{\"@id\":\"https:\/\/servibati.be\/#website\"},\"primaryImageOfPage\":{\"@id\":\"https:\/\/servibati.be\/index.php\/produit\/extincteur-pp6alu-6-kg-a-pression-permanente-poudre-abc\/#primaryimage\"},\"image\":{\"@id\":\"https:\/\/servibati.be\/index.php\/produit\/extincteur-pp6alu-6-kg-a-pression-permanente-poudre-abc\/#primaryimage\"},\"thumbnailUrl\":\"https:\/\/servibati.be\/wp-content\/uploads\/2021\/07\/extincteur8.jpg\",\"datePublished\":\"2021-07-06T16:15:08+00:00\",\"dateModified\":\"2021-08-18T12:38:40+00:00\",\"breadcrumb\":{\"@id\":\"https:\/\/servibati.be\/index.php\/produit\/extincteur-pp6alu-6-kg-a-pression-permanente-poudre-abc\/#breadcrumb\"},\"inLanguage\":\"fr-FR\",\"potentialAction\":[{\"@type\":\"ReadAction\",\"target\":[\"https:\/\/servibati.be\/index.php\/produit\/extincteur-pp6alu-6-kg-a-pression-permanente-poudre-abc\/\"]}]},{\"@type\":\"ImageObject\",\"inLanguage\":\"fr-FR\",\"@id\":\"https:\/\/servibati.be\/index.php\/produit\/extincteur-pp6alu-6-kg-a-pression-permanente-poudre-abc\/#primaryimage\",\"url\":\"https:\/\/servibati.be\/wp-content\/uploads\/2021\/07\/extincteur8.jpg\",\"contentUrl\":\"https:\/\/servibati.be\/wp-content\/uploads\/2021\/07\/extincteur8.jpg\",\"width\":900,\"height\":900,\"caption\":\"Extincteurs servibati\"},{\"@type\":\"BreadcrumbList\",\"@id\":\"https:\/\/servibati.be\/index.php\/produit\/extincteur-pp6alu-6-kg-a-pression-permanente-poudre-abc\/#breadcrumb\",\"itemListElement\":[{\"@type\":\"ListItem\",\"position\":1,\"name\":\"Accueil\",\"item\":\"https:\/\/servibati.be\/\"},{\"@type\":\"ListItem\",\"position\":2,\"name\":\"Boutique\",\"item\":\"https:\/\/servibati.be\/index.php\/boutique\/\"},{\"@type\":\"ListItem\",\"position\":3,\"name\":\"Extincteur PP6ALU \u2013 6 kg \u00e0 pression permanente \u2013 Poudre ABC\"}]},{\"@type\":\"WebSite\",\"@id\":\"https:\/\/servibati.be\/#website\",\"url\":\"https:\/\/servibati.be\/\",\"name\":\"Servibati\",\"description\":\"Bienvenue sur le site de Servibati SPRL\",\"publisher\":{\"@id\":\"https:\/\/servibati.be\/#organization\"},\"potentialAction\":[{\"@type\":\"SearchAction\",\"target\":{\"@type\":\"EntryPoint\",\"urlTemplate\":\"https:\/\/servibati.be\/?s={search_term_string}\"},\"query-input\":{\"@type\":\"PropertyValueSpecification\",\"valueRequired\":true,\"valueName\":\"search_term_string\"}}],\"inLanguage\":\"fr-FR\"},{\"@type\":\"Organization\",\"@id\":\"https:\/\/servibati.be\/#organization\",\"name\":\"Servibati SPRL\",\"url\":\"https:\/\/servibati.be\/\",\"logo\":{\"@type\":\"ImageObject\",\"inLanguage\":\"fr-FR\",\"@id\":\"https:\/\/servibati.be\/#\/schema\/logo\/image\/\",\"url\":\"https:\/\/servibati.be\/wp-content\/uploads\/2021\/07\/cropped-logo.jpg\",\"contentUrl\":\"https:\/\/servibati.be\/wp-content\/uploads\/2021\/07\/cropped-logo.jpg\",\"width\":512,\"height\":512,\"caption\":\"Servibati SPRL\"},\"image\":{\"@id\":\"https:\/\/servibati.be\/#\/schema\/logo\/image\/\"},\"sameAs\":[\"https:\/\/www.facebook.com\/servibati.be\"]}]}<\/script>\n<!-- \/ Yoast SEO plugin. -->","yoast_head_json":{"title":"Extincteur PP6ALU \u2013 6 kg \u00e0 pression permanente \u2013 Poudre ABC &#8211; Servibati","robots":{"index":"index","follow":"follow","max-snippet":"max-snippet:-1","max-image-preview":"max-image-preview:large","max-video-preview":"max-video-preview:-1"},"canonical":"https:\/\/servibati.be\/index.php\/produit\/extincteur-pp6alu-6-kg-a-pression-permanente-poudre-abc\/","og_locale":"fr_FR","og_type":"article","og_title":"Extincteur PP6ALU \u2013 6 kg \u00e0 pression permanente \u2013 Poudre ABC &#8211; Servibati","og_description":"\u2022 Qualit\u00e9s physico-chimiques : fluidit\u00e9, non toxicit\u00e9, neutralit\u00e9, insensibilit\u00e9 aux conditions ext\u00e9rieures, grand pouvoir de p\u00e9n\u00e9tration des flammes, possibilit\u00e9 d\u2019utilisation en pr\u00e9sence de courant \u00e9lectrique. \u2022 M\u00e9canisme d\u2019extinction polyvalent : la poudre ABC agit sur les flammes et sur les braises et forme un \u00e9cran isolant qui protege l\u2019utilisateur de la chaleur rayonnante du foyer. \u2022 Mobile et compact, il permet d\u2019intervenir rapidement sur le lieu du risque. \u2022 Conforme \u00e0 la norme fran\u00e7aise NF-S 61900, il r\u00e9pond aux sp\u00e9cifications de la norme europ\u00e9enne Afnor NF EN3-7 + A1, PED CE et MED CE. \u2022 5 ans de garantie si les produits sont inspect\u00e9s via nos services.","og_url":"https:\/\/servibati.be\/index.php\/produit\/extincteur-pp6alu-6-kg-a-pression-permanente-poudre-abc\/","og_site_name":"Servibati","article_publisher":"https:\/\/www.facebook.com\/servibati.be","article_modified_time":"2021-08-18T12:38:40+00:00","og_image":[{"width":900,"height":900,"url":"https:\/\/servibati.be\/wp-content\/uploads\/2021\/07\/extincteur8.jpg","type":"image\/jpeg"}],"twitter_card":"summary_large_image","twitter_misc":{"Dur\u00e9e de lecture estim\u00e9e":"1 minute"},"schema":{"@context":"https:\/\/schema.org","@graph":[{"@type":"WebPage","@id":"https:\/\/servibati.be\/index.php\/produit\/extincteur-pp6alu-6-kg-a-pression-permanente-poudre-abc\/","url":"https:\/\/servibati.be\/index.php\/produit\/extincteur-pp6alu-6-kg-a-pression-permanente-poudre-abc\/","name":"Extincteur PP6ALU \u2013 6 kg \u00e0 pression permanente \u2013 Poudre ABC &#8211; Servibati","isPartOf":{"@id":"https:\/\/servibati.be\/#website"},"primaryImageOfPage":{"@id":"https:\/\/servibati.be\/index.php\/produit\/extincteur-pp6alu-6-kg-a-pression-permanente-poudre-abc\/#primaryimage"},"image":{"@id":"https:\/\/servibati.be\/index.php\/produit\/extincteur-pp6alu-6-kg-a-pression-permanente-poudre-abc\/#primaryimage"},"thumbnailUrl":"https:\/\/servibati.be\/wp-content\/uploads\/2021\/07\/extincteur8.jpg","datePublished":"2021-07-06T16:15:08+00:00","dateModified":"2021-08-18T12:38:40+00:00","breadcrumb":{"@id":"https:\/\/servibati.be\/index.php\/produit\/extincteur-pp6alu-6-kg-a-pression-permanente-poudre-abc\/#breadcrumb"},"inLanguage":"fr-FR","potentialAction":[{"@type":"ReadAction","target":["https:\/\/servibati.be\/index.php\/produit\/extincteur-pp6alu-6-kg-a-pression-permanente-poudre-abc\/"]}]},{"@type":"ImageObject","inLanguage":"fr-FR","@id":"https:\/\/servibati.be\/index.php\/produit\/extincteur-pp6alu-6-kg-a-pression-permanente-poudre-abc\/#primaryimage","url":"https:\/\/servibati.be\/wp-content\/uploads\/2021\/07\/extincteur8.jpg","contentUrl":"https:\/\/servibati.be\/wp-content\/uploads\/2021\/07\/extincteur8.jpg","width":900,"height":900,"caption":"Extincteurs servibati"},{"@type":"BreadcrumbList","@id":"https:\/\/servibati.be\/index.php\/produit\/extincteur-pp6alu-6-kg-a-pression-permanente-poudre-abc\/#breadcrumb","itemListElement":[{"@type":"ListItem","position":1,"name":"Accueil","item":"https:\/\/servibati.be\/"},{"@type":"ListItem","position":2,"name":"Boutique","item":"https:\/\/servibati.be\/index.php\/boutique\/"},{"@type":"ListItem","position":3,"name":"Extincteur PP6ALU \u2013 6 kg \u00e0 pression permanente \u2013 Poudre ABC"}]},{"@type":"WebSite","@id":"https:\/\/servibati.be\/#website","url":"https:\/\/servibati.be\/","name":"Servibati","description":"Bienvenue sur le site de Servibati SPRL","publisher":{"@id":"https:\/\/servibati.be\/#organization"},"potentialAction":[{"@type":"SearchAction","target":{"@type":"EntryPoint","urlTemplate":"https:\/\/servibati.be\/?s={search_term_string}"},"query-input":{"@type":"PropertyValueSpecification","valueRequired":true,"valueName":"search_term_string"}}],"inLanguage":"fr-FR"},{"@type":"Organization","@id":"https:\/\/servibati.be\/#organization","name":"Servibati SPRL","url":"https:\/\/servibati.be\/","logo":{"@type":"ImageObject","inLanguage":"fr-FR","@id":"https:\/\/servibati.be\/#\/schema\/logo\/image\/","url":"https:\/\/servibati.be\/wp-content\/uploads\/2021\/07\/cropped-logo.jpg","contentUrl":"https:\/\/servibati.be\/wp-content\/uploads\/2021\/07\/cropped-logo.jpg","width":512,"height":512,"caption":"Servibati SPRL"},"image":{"@id":"https:\/\/servibati.be\/#\/schema\/logo\/image\/"},"sameAs":["https:\/\/www.facebook.com\/servibati.be"]}]}},"_links":{"self":[{"href":"https:\/\/servibati.be\/index.php\/wp-json\/wp\/v2\/product\/235","targetHints":{"allow":["GET"]}}],"collection":[{"href":"https:\/\/servibati.be\/index.php\/wp-json\/wp\/v2\/product"}],"about":[{"href":"https:\/\/servibati.be\/index.php\/wp-json\/wp\/v2\/types\/product"}],"replies":[{"embeddable":true,"href":"https:\/\/servibati.be\/index.php\/wp-json\/wp\/v2\/comments?post=235"}],"wp:featuredmedia":[{"embeddable":true,"href":"https:\/\/servibati.be\/index.php\/wp-json\/wp\/v2\/media\/236"}],"wp:attachment":[{"href":"https:\/\/servibati.be\/index.php\/wp-json\/wp\/v2\/media?parent=235"}],"wp:term":[{"taxonomy":"product_brand","embeddable":true,"href":"https:\/\/servibati.be\/index.php\/wp-json\/wp\/v2\/product_brand?post=235"},{"taxonomy":"product_cat","embeddable":true,"href":"https:\/\/servibati.be\/index.php\/wp-json\/wp\/v2\/product_cat?post=235"},{"taxonomy":"product_tag","embeddable":true,"href":"https:\/\/servibati.be\/index.php\/wp-json\/wp\/v2\/product_tag?post=235"}],"curies":[{"name":"wp","href":"https:\/\/api.w.org\/{rel}","templated":true}]}}