{"id":251,"date":"2021-07-07T16:08:52","date_gmt":"2021-07-07T14:08:52","guid":{"rendered":"http:\/\/servibati.be\/?post_type=product&#038;p=251"},"modified":"2021-08-23T16:59:29","modified_gmt":"2021-08-23T14:59:29","slug":"extincteurs-3-6-9l-a-eau-pulverisee-avec-additif-ecologique","status":"publish","type":"product","link":"https:\/\/servibati.be\/index.php\/produit\/extincteurs-3-6-9l-a-eau-pulverisee-avec-additif-ecologique\/","title":{"rendered":"Extincteurs 3-6-9L \u00e0 eau pulv\u00e9ris\u00e9e avec additif \u00e9cologique"},"content":{"rendered":"\n<table id=\"tablepress-15\" class=\"tablepress tablepress-id-15\">\n<thead>\n<tr class=\"row-1\">\n\t<td class=\"column-1\"><\/td><th class=\"column-2\">3L eau + additif \u00e9cologique<\/th><th class=\"column-3\">6L eau + additif \u00e9cologique<\/th><th class=\"column-4\">9L eau + additif \u00e9cologique<\/th>\n<\/tr>\n<\/thead>\n<tbody class=\"row-striping row-hover\">\n<tr class=\"row-2\">\n\t<td class=\"column-1\">Num\u00e9ro d'article<\/td><td class=\"column-2\">0108<\/td><td class=\"column-3\">0107<\/td><td class=\"column-4\">0108<\/td>\n<\/tr>\n<tr class=\"row-3\">\n\t<td class=\"column-1\">Agent extincteur en<br \/>\npr\u00e9m\u00e9lange<\/td><td class=\"column-2\">2,817 L eau + 0,183 kg<br \/>\nBIOVERSAL\u00ae<\/td><td class=\"column-3\">5,63 L eau + 0,37 kg<br \/>\nBIOVERSAL\u00ae<\/td><td class=\"column-4\">8,35 L eau + 0,65 kg<br \/>\nBIOVERSAL\u00ae<\/td>\n<\/tr>\n<tr class=\"row-4\">\n\t<td class=\"column-1\">Foyers<\/td><td class=\"column-2\">8A 89B 40F<\/td><td class=\"column-3\">21A 183B 75F<\/td><td class=\"column-4\">27A 233B 75F<\/td>\n<\/tr>\n<tr class=\"row-5\">\n\t<td class=\"column-1\">Poids en ordre de marche<\/td><td class=\"column-2\">5.325kg<\/td><td class=\"column-3\">10.3kg<\/td><td class=\"column-4\">14kg<\/td>\n<\/tr>\n<tr class=\"row-6\">\n\t<td class=\"column-1\">Hauteur<\/td><td class=\"column-2\">440mm<\/td><td class=\"column-3\">465mm<\/td><td class=\"column-4\">560mm<\/td>\n<\/tr>\n<tr class=\"row-7\">\n\t<td class=\"column-1\">Largeur hors tout<\/td><td class=\"column-2\">180mm<\/td><td class=\"column-3\">220mm<\/td><td class=\"column-4\">230mm<\/td>\n<\/tr>\n<tr class=\"row-8\">\n\t<td class=\"column-1\">Diam\u00e8tre<\/td><td class=\"column-2\">130mm<\/td><td class=\"column-3\">160mm<\/td><td class=\"column-4\">170mm<\/td>\n<\/tr>\n<tr class=\"row-9\">\n\t<td class=\"column-1\">Agent propulseur<\/td><td class=\"column-2\">15bar (azote + 3% h\u00e9lium)<\/td><td class=\"column-3\">Cartouche CO2 40 g<\/td><td class=\"column-4\">Cartouche CO2 40 g<\/td>\n<\/tr>\n<tr class=\"row-10\">\n\t<td class=\"column-1\">Temp\u00e9rature d'utilisation <\/td><td class=\"column-2\">+ 0\u00b0 C + 60\u00b0 C<\/td><td class=\"column-3\">+ 0\u00b0 C + 60\u00b0 C<\/td><td class=\"column-4\">+ 0\u00b0 C + 60\u00b0 C<\/td>\n<\/tr>\n<tr class=\"row-11\">\n\t<td class=\"column-1\">Temps de fonctionnement<\/td><td class=\"column-2\">23.7 secondes<\/td><td class=\"column-3\">35.7 secondes<\/td><td class=\"column-4\">57.3 secondes<\/td>\n<\/tr>\n<tr class=\"row-12\">\n\t<td class=\"column-1\">Emballage L x l x H (mm)<\/td><td class=\"column-2\">460 x 170 x 150<\/td><td class=\"column-3\">600 x 200 x 175<\/td><td class=\"column-4\">660 x 220 x 185<\/td>\n<\/tr>\n<tr class=\"row-13\">\n\t<td class=\"column-1\">Palettisation L x l x H (mm)<br \/>\n(quantit\u00e9 par palette)<\/td><td class=\"column-2\">800 x 1200 x 1530<br \/>\n(105 appareils)<\/td><td class=\"column-3\">800 x 1200 x 1575<br \/>\n(64 appareils)<\/td><td class=\"column-4\">800 x 1200 x 1625<br \/>\n(40 appareils)<\/td>\n<\/tr>\n<tr class=\"row-14\">\n\t<td class=\"column-1\">Poids de la palette<\/td><td class=\"column-2\">570 kg<\/td><td class=\"column-3\">700 \u00b1 5 kg<\/td><td class=\"column-4\">584 \u00b1 5 kg<\/td>\n<\/tr>\n<\/tbody>\n<\/table>\n<!-- #tablepress-15 from cache -->\n<p><img loading=\"lazy\" decoding=\"async\" class=\"alignnone size-medium wp-image-253\" src=\"https:\/\/servibati.be\/wp-content\/uploads\/2021\/07\/tested6-300x47.png\" alt=\"\" width=\"300\" height=\"47\" \/><\/p>\n","protected":false},"excerpt":{"rendered":"<p>La gamme d\u2019extincteurs \u00e0 pression auxiliaire avec additif \u00e9cologique correspond \u00e0 vos exigences en terme d\u2019environnement et d\u2019utilisation sur le long terme. Id\u00e9ale pour une s\u00e9curit\u00e9 optimale de l\u2019utilisateur, cette gamme allie protection de l\u2019environnement, performance et esth\u00e9tisme. S\u2019emploie sur les feux de classe A (bois, papiers, etc.), B (essence, fioul, etc.) et F (huile, cuisson, etc.). Con\u00e7ue dans le respect des exigences r\u00e9glementaires et dans une d\u00e9marche d\u2019\u00e9co-conception, elle r\u00e9pond aux besoins des activit\u00e9s industrielles, tertiaires, agro-alimentaires et domestiques.<br \/>\n5 ans de garantie si les produits sont inspect\u00e9s via nos services.<\/p>\n<p>Les + du produit:<\/p>\n<ul>\n<li>Innovation et exclusivit\u00e9 reconnues par<br \/>\nde nombreux prix et distinctions,<\/li>\n<li>Gamme disponible de 3 \u00e0 50 L.<\/li>\n<li>\u00a0BIOD\u00c9GRADABLE &#8211; BIOD\u00c9GRADANT :<br \/>\nR\u00e9g\u00e9n\u00e9ration naturelle du milieu contamin\u00e9, &#8211; R\u00e9tablissement de l\u2019\u00e9quilibre biologique.<\/li>\n<\/ul>\n","protected":false},"featured_media":252,"comment_status":"closed","ping_status":"closed","template":"","meta":{"_et_pb_use_builder":"off","_et_pb_old_content":"[table id=15 \/]","_et_gb_content_width":""},"product_brand":[],"product_cat":[19,18],"product_tag":[],"class_list":{"0":"post-251","1":"product","2":"type-product","3":"status-publish","4":"has-post-thumbnail","6":"product_cat-extincteur-mousse","7":"product_cat-protection-incendie","9":"first","10":"instock","11":"shipping-taxable","12":"product-type-simple"},"acf":[],"yoast_head":"<!-- This site is optimized with the Yoast SEO plugin v26.9 - https:\/\/yoast.com\/product\/yoast-seo-wordpress\/ -->\n<title>Extincteurs 3-6-9L \u00e0 eau pulv\u00e9ris\u00e9e avec additif \u00e9cologique &#8211; Servibati<\/title>\n<meta name=\"robots\" content=\"index, follow, max-snippet:-1, max-image-preview:large, max-video-preview:-1\" \/>\n<link rel=\"canonical\" href=\"https:\/\/servibati.be\/index.php\/produit\/extincteurs-3-6-9l-a-eau-pulverisee-avec-additif-ecologique\/\" \/>\n<meta property=\"og:locale\" content=\"fr_FR\" \/>\n<meta property=\"og:type\" content=\"article\" \/>\n<meta property=\"og:title\" content=\"Extincteurs 3-6-9L \u00e0 eau pulv\u00e9ris\u00e9e avec additif \u00e9cologique &#8211; Servibati\" \/>\n<meta property=\"og:description\" content=\"La gamme d\u2019extincteurs \u00e0 pression auxiliaire avec additif \u00e9cologique correspond \u00e0 vos exigences en terme d\u2019environnement et d\u2019utilisation sur le long terme. Id\u00e9ale pour une s\u00e9curit\u00e9 optimale de l\u2019utilisateur, cette gamme allie protection de l\u2019environnement, performance et esth\u00e9tisme. S\u2019emploie sur les feux de classe A (bois, papiers, etc.), B (essence, fioul, etc.) et F (huile, cuisson, etc.). Con\u00e7ue dans le respect des exigences r\u00e9glementaires et dans une d\u00e9marche d\u2019\u00e9co-conception, elle r\u00e9pond aux besoins des activit\u00e9s industrielles, tertiaires, agro-alimentaires et domestiques. 5 ans de garantie si les produits sont inspect\u00e9s via nos services.  Les + du produit:   Innovation et exclusivit\u00e9 reconnues par de nombreux prix et distinctions,  Gamme disponible de 3 \u00e0 50 L.  \u00a0BIOD\u00c9GRADABLE - BIOD\u00c9GRADANT : R\u00e9g\u00e9n\u00e9ration naturelle du milieu contamin\u00e9, - R\u00e9tablissement de l\u2019\u00e9quilibre biologique.\" \/>\n<meta property=\"og:url\" content=\"https:\/\/servibati.be\/index.php\/produit\/extincteurs-3-6-9l-a-eau-pulverisee-avec-additif-ecologique\/\" \/>\n<meta property=\"og:site_name\" content=\"Servibati\" \/>\n<meta property=\"article:publisher\" content=\"https:\/\/www.facebook.com\/servibati.be\" \/>\n<meta property=\"article:modified_time\" content=\"2021-08-23T14:59:29+00:00\" \/>\n<meta property=\"og:image\" content=\"https:\/\/servibati.be\/wp-content\/uploads\/2021\/07\/extincteur11.jpg\" \/>\n\t<meta property=\"og:image:width\" content=\"900\" \/>\n\t<meta property=\"og:image:height\" content=\"900\" \/>\n\t<meta property=\"og:image:type\" content=\"image\/jpeg\" \/>\n<meta name=\"twitter:card\" content=\"summary_large_image\" \/>\n<meta name=\"twitter:label1\" content=\"Dur\u00e9e de lecture estim\u00e9e\" \/>\n\t<meta name=\"twitter:data1\" content=\"1 minute\" \/>\n<script type=\"application\/ld+json\" class=\"yoast-schema-graph\">{\"@context\":\"https:\/\/schema.org\",\"@graph\":[{\"@type\":\"WebPage\",\"@id\":\"https:\/\/servibati.be\/index.php\/produit\/extincteurs-3-6-9l-a-eau-pulverisee-avec-additif-ecologique\/\",\"url\":\"https:\/\/servibati.be\/index.php\/produit\/extincteurs-3-6-9l-a-eau-pulverisee-avec-additif-ecologique\/\",\"name\":\"Extincteurs 3-6-9L \u00e0 eau pulv\u00e9ris\u00e9e avec additif \u00e9cologique &#8211; Servibati\",\"isPartOf\":{\"@id\":\"https:\/\/servibati.be\/#website\"},\"primaryImageOfPage\":{\"@id\":\"https:\/\/servibati.be\/index.php\/produit\/extincteurs-3-6-9l-a-eau-pulverisee-avec-additif-ecologique\/#primaryimage\"},\"image\":{\"@id\":\"https:\/\/servibati.be\/index.php\/produit\/extincteurs-3-6-9l-a-eau-pulverisee-avec-additif-ecologique\/#primaryimage\"},\"thumbnailUrl\":\"https:\/\/servibati.be\/wp-content\/uploads\/2021\/07\/extincteur11.jpg\",\"datePublished\":\"2021-07-07T14:08:52+00:00\",\"dateModified\":\"2021-08-23T14:59:29+00:00\",\"breadcrumb\":{\"@id\":\"https:\/\/servibati.be\/index.php\/produit\/extincteurs-3-6-9l-a-eau-pulverisee-avec-additif-ecologique\/#breadcrumb\"},\"inLanguage\":\"fr-FR\",\"potentialAction\":[{\"@type\":\"ReadAction\",\"target\":[\"https:\/\/servibati.be\/index.php\/produit\/extincteurs-3-6-9l-a-eau-pulverisee-avec-additif-ecologique\/\"]}]},{\"@type\":\"ImageObject\",\"inLanguage\":\"fr-FR\",\"@id\":\"https:\/\/servibati.be\/index.php\/produit\/extincteurs-3-6-9l-a-eau-pulverisee-avec-additif-ecologique\/#primaryimage\",\"url\":\"https:\/\/servibati.be\/wp-content\/uploads\/2021\/07\/extincteur11.jpg\",\"contentUrl\":\"https:\/\/servibati.be\/wp-content\/uploads\/2021\/07\/extincteur11.jpg\",\"width\":900,\"height\":900,\"caption\":\"Extincteurs servibati\"},{\"@type\":\"BreadcrumbList\",\"@id\":\"https:\/\/servibati.be\/index.php\/produit\/extincteurs-3-6-9l-a-eau-pulverisee-avec-additif-ecologique\/#breadcrumb\",\"itemListElement\":[{\"@type\":\"ListItem\",\"position\":1,\"name\":\"Accueil\",\"item\":\"https:\/\/servibati.be\/\"},{\"@type\":\"ListItem\",\"position\":2,\"name\":\"Boutique\",\"item\":\"https:\/\/servibati.be\/index.php\/boutique\/\"},{\"@type\":\"ListItem\",\"position\":3,\"name\":\"Extincteurs 3-6-9L \u00e0 eau pulv\u00e9ris\u00e9e avec additif \u00e9cologique\"}]},{\"@type\":\"WebSite\",\"@id\":\"https:\/\/servibati.be\/#website\",\"url\":\"https:\/\/servibati.be\/\",\"name\":\"Servibati\",\"description\":\"Bienvenue sur le site de Servibati SPRL\",\"publisher\":{\"@id\":\"https:\/\/servibati.be\/#organization\"},\"potentialAction\":[{\"@type\":\"SearchAction\",\"target\":{\"@type\":\"EntryPoint\",\"urlTemplate\":\"https:\/\/servibati.be\/?s={search_term_string}\"},\"query-input\":{\"@type\":\"PropertyValueSpecification\",\"valueRequired\":true,\"valueName\":\"search_term_string\"}}],\"inLanguage\":\"fr-FR\"},{\"@type\":\"Organization\",\"@id\":\"https:\/\/servibati.be\/#organization\",\"name\":\"Servibati SPRL\",\"url\":\"https:\/\/servibati.be\/\",\"logo\":{\"@type\":\"ImageObject\",\"inLanguage\":\"fr-FR\",\"@id\":\"https:\/\/servibati.be\/#\/schema\/logo\/image\/\",\"url\":\"https:\/\/servibati.be\/wp-content\/uploads\/2021\/07\/cropped-logo.jpg\",\"contentUrl\":\"https:\/\/servibati.be\/wp-content\/uploads\/2021\/07\/cropped-logo.jpg\",\"width\":512,\"height\":512,\"caption\":\"Servibati SPRL\"},\"image\":{\"@id\":\"https:\/\/servibati.be\/#\/schema\/logo\/image\/\"},\"sameAs\":[\"https:\/\/www.facebook.com\/servibati.be\"]}]}<\/script>\n<!-- \/ Yoast SEO plugin. -->","yoast_head_json":{"title":"Extincteurs 3-6-9L \u00e0 eau pulv\u00e9ris\u00e9e avec additif \u00e9cologique &#8211; Servibati","robots":{"index":"index","follow":"follow","max-snippet":"max-snippet:-1","max-image-preview":"max-image-preview:large","max-video-preview":"max-video-preview:-1"},"canonical":"https:\/\/servibati.be\/index.php\/produit\/extincteurs-3-6-9l-a-eau-pulverisee-avec-additif-ecologique\/","og_locale":"fr_FR","og_type":"article","og_title":"Extincteurs 3-6-9L \u00e0 eau pulv\u00e9ris\u00e9e avec additif \u00e9cologique &#8211; Servibati","og_description":"La gamme d\u2019extincteurs \u00e0 pression auxiliaire avec additif \u00e9cologique correspond \u00e0 vos exigences en terme d\u2019environnement et d\u2019utilisation sur le long terme. Id\u00e9ale pour une s\u00e9curit\u00e9 optimale de l\u2019utilisateur, cette gamme allie protection de l\u2019environnement, performance et esth\u00e9tisme. S\u2019emploie sur les feux de classe A (bois, papiers, etc.), B (essence, fioul, etc.) et F (huile, cuisson, etc.). Con\u00e7ue dans le respect des exigences r\u00e9glementaires et dans une d\u00e9marche d\u2019\u00e9co-conception, elle r\u00e9pond aux besoins des activit\u00e9s industrielles, tertiaires, agro-alimentaires et domestiques. 5 ans de garantie si les produits sont inspect\u00e9s via nos services.  Les + du produit:   Innovation et exclusivit\u00e9 reconnues par de nombreux prix et distinctions,  Gamme disponible de 3 \u00e0 50 L.  \u00a0BIOD\u00c9GRADABLE - BIOD\u00c9GRADANT : R\u00e9g\u00e9n\u00e9ration naturelle du milieu contamin\u00e9, - R\u00e9tablissement de l\u2019\u00e9quilibre biologique.","og_url":"https:\/\/servibati.be\/index.php\/produit\/extincteurs-3-6-9l-a-eau-pulverisee-avec-additif-ecologique\/","og_site_name":"Servibati","article_publisher":"https:\/\/www.facebook.com\/servibati.be","article_modified_time":"2021-08-23T14:59:29+00:00","og_image":[{"width":900,"height":900,"url":"https:\/\/servibati.be\/wp-content\/uploads\/2021\/07\/extincteur11.jpg","type":"image\/jpeg"}],"twitter_card":"summary_large_image","twitter_misc":{"Dur\u00e9e de lecture estim\u00e9e":"1 minute"},"schema":{"@context":"https:\/\/schema.org","@graph":[{"@type":"WebPage","@id":"https:\/\/servibati.be\/index.php\/produit\/extincteurs-3-6-9l-a-eau-pulverisee-avec-additif-ecologique\/","url":"https:\/\/servibati.be\/index.php\/produit\/extincteurs-3-6-9l-a-eau-pulverisee-avec-additif-ecologique\/","name":"Extincteurs 3-6-9L \u00e0 eau pulv\u00e9ris\u00e9e avec additif \u00e9cologique &#8211; Servibati","isPartOf":{"@id":"https:\/\/servibati.be\/#website"},"primaryImageOfPage":{"@id":"https:\/\/servibati.be\/index.php\/produit\/extincteurs-3-6-9l-a-eau-pulverisee-avec-additif-ecologique\/#primaryimage"},"image":{"@id":"https:\/\/servibati.be\/index.php\/produit\/extincteurs-3-6-9l-a-eau-pulverisee-avec-additif-ecologique\/#primaryimage"},"thumbnailUrl":"https:\/\/servibati.be\/wp-content\/uploads\/2021\/07\/extincteur11.jpg","datePublished":"2021-07-07T14:08:52+00:00","dateModified":"2021-08-23T14:59:29+00:00","breadcrumb":{"@id":"https:\/\/servibati.be\/index.php\/produit\/extincteurs-3-6-9l-a-eau-pulverisee-avec-additif-ecologique\/#breadcrumb"},"inLanguage":"fr-FR","potentialAction":[{"@type":"ReadAction","target":["https:\/\/servibati.be\/index.php\/produit\/extincteurs-3-6-9l-a-eau-pulverisee-avec-additif-ecologique\/"]}]},{"@type":"ImageObject","inLanguage":"fr-FR","@id":"https:\/\/servibati.be\/index.php\/produit\/extincteurs-3-6-9l-a-eau-pulverisee-avec-additif-ecologique\/#primaryimage","url":"https:\/\/servibati.be\/wp-content\/uploads\/2021\/07\/extincteur11.jpg","contentUrl":"https:\/\/servibati.be\/wp-content\/uploads\/2021\/07\/extincteur11.jpg","width":900,"height":900,"caption":"Extincteurs servibati"},{"@type":"BreadcrumbList","@id":"https:\/\/servibati.be\/index.php\/produit\/extincteurs-3-6-9l-a-eau-pulverisee-avec-additif-ecologique\/#breadcrumb","itemListElement":[{"@type":"ListItem","position":1,"name":"Accueil","item":"https:\/\/servibati.be\/"},{"@type":"ListItem","position":2,"name":"Boutique","item":"https:\/\/servibati.be\/index.php\/boutique\/"},{"@type":"ListItem","position":3,"name":"Extincteurs 3-6-9L \u00e0 eau pulv\u00e9ris\u00e9e avec additif \u00e9cologique"}]},{"@type":"WebSite","@id":"https:\/\/servibati.be\/#website","url":"https:\/\/servibati.be\/","name":"Servibati","description":"Bienvenue sur le site de Servibati SPRL","publisher":{"@id":"https:\/\/servibati.be\/#organization"},"potentialAction":[{"@type":"SearchAction","target":{"@type":"EntryPoint","urlTemplate":"https:\/\/servibati.be\/?s={search_term_string}"},"query-input":{"@type":"PropertyValueSpecification","valueRequired":true,"valueName":"search_term_string"}}],"inLanguage":"fr-FR"},{"@type":"Organization","@id":"https:\/\/servibati.be\/#organization","name":"Servibati SPRL","url":"https:\/\/servibati.be\/","logo":{"@type":"ImageObject","inLanguage":"fr-FR","@id":"https:\/\/servibati.be\/#\/schema\/logo\/image\/","url":"https:\/\/servibati.be\/wp-content\/uploads\/2021\/07\/cropped-logo.jpg","contentUrl":"https:\/\/servibati.be\/wp-content\/uploads\/2021\/07\/cropped-logo.jpg","width":512,"height":512,"caption":"Servibati SPRL"},"image":{"@id":"https:\/\/servibati.be\/#\/schema\/logo\/image\/"},"sameAs":["https:\/\/www.facebook.com\/servibati.be"]}]}},"_links":{"self":[{"href":"https:\/\/servibati.be\/index.php\/wp-json\/wp\/v2\/product\/251","targetHints":{"allow":["GET"]}}],"collection":[{"href":"https:\/\/servibati.be\/index.php\/wp-json\/wp\/v2\/product"}],"about":[{"href":"https:\/\/servibati.be\/index.php\/wp-json\/wp\/v2\/types\/product"}],"replies":[{"embeddable":true,"href":"https:\/\/servibati.be\/index.php\/wp-json\/wp\/v2\/comments?post=251"}],"wp:featuredmedia":[{"embeddable":true,"href":"https:\/\/servibati.be\/index.php\/wp-json\/wp\/v2\/media\/252"}],"wp:attachment":[{"href":"https:\/\/servibati.be\/index.php\/wp-json\/wp\/v2\/media?parent=251"}],"wp:term":[{"taxonomy":"product_brand","embeddable":true,"href":"https:\/\/servibati.be\/index.php\/wp-json\/wp\/v2\/product_brand?post=251"},{"taxonomy":"product_cat","embeddable":true,"href":"https:\/\/servibati.be\/index.php\/wp-json\/wp\/v2\/product_cat?post=251"},{"taxonomy":"product_tag","embeddable":true,"href":"https:\/\/servibati.be\/index.php\/wp-json\/wp\/v2\/product_tag?post=251"}],"curies":[{"name":"wp","href":"https:\/\/api.w.org\/{rel}","templated":true}]}}