{"id":256,"date":"2021-07-07T16:24:31","date_gmt":"2021-07-07T14:24:31","guid":{"rendered":"http:\/\/servibati.be\/?post_type=product&#038;p=256"},"modified":"2021-08-23T17:00:45","modified_gmt":"2021-08-23T15:00:45","slug":"extincteurs-6-9l-a-pression-auxiliaire-eau-avec-additif-avec-ou-sans-antigel","status":"publish","type":"product","link":"https:\/\/servibati.be\/index.php\/produit\/extincteurs-6-9l-a-pression-auxiliaire-eau-avec-additif-avec-ou-sans-antigel\/","title":{"rendered":"Extincteurs 6-9L \u00e0 pression auxiliaire \u2013 Eau avec additif, avec ou sans antigel"},"content":{"rendered":"\n<table id=\"tablepress-16\" class=\"tablepress tablepress-id-16\">\n<thead>\n<tr class=\"row-1\">\n\t<td class=\"column-1\"><\/td><th class=\"column-2\">6L eau + additif<\/th><th class=\"column-3\">9L eau + additif<\/th><th class=\"column-4\">6L eau + additif + antigel<\/th><th class=\"column-5\">9L eau + additif + antigel<\/th>\n<\/tr>\n<\/thead>\n<tbody class=\"row-striping row-hover\">\n<tr class=\"row-2\">\n\t<td class=\"column-1\">Num\u00e9ro article <\/td><td class=\"column-2\">0104<\/td><td class=\"column-3\">0109<\/td><td class=\"column-4\">0113<\/td><td class=\"column-5\"><\/td>\n<\/tr>\n<tr class=\"row-3\">\n\t<td class=\"column-1\">Agent extincteur<\/td><td class=\"column-2\">5,88 L Eau<br \/>\n+ 0,12 L Additif<\/td><td class=\"column-3\">8,88 L Eau<br \/>\n+ 0,12 L Additif<\/td><td class=\"column-4\">4,32 L Eau<br \/>\n+ 0,12 L Additif<br \/>\npr\u00e9m\u00e9lang\u00e9<br \/>\n+ 1,56 L Antigel<\/td><td class=\"column-5\">6,48 L Eau<br \/>\n+ 0,18 L Additif<br \/>\npr\u00e9m\u00e9lang\u00e9<br \/>\n+ 2,34 L Antigel<\/td>\n<\/tr>\n<tr class=\"row-4\">\n\t<td class=\"column-1\">Foyers<\/td><td class=\"column-2\">21A 233B<\/td><td class=\"column-3\">27A 233B<\/td><td class=\"column-4\">13A 144B<\/td><td class=\"column-5\">21A 183B<\/td>\n<\/tr>\n<tr class=\"row-5\">\n\t<td class=\"column-1\">Poids en ordre de marche<\/td><td class=\"column-2\">10,3 kg<\/td><td class=\"column-3\">14 kg<\/td><td class=\"column-4\">10,3 kg<\/td><td class=\"column-5\">14 kg<\/td>\n<\/tr>\n<tr class=\"row-6\">\n\t<td class=\"column-1\">Hauteur<\/td><td class=\"column-2\">465 mm<\/td><td class=\"column-3\">560 mm<\/td><td class=\"column-4\">465 mm<\/td><td class=\"column-5\">560 mm<\/td>\n<\/tr>\n<tr class=\"row-7\">\n\t<td class=\"column-1\">Largeur hors tout<\/td><td class=\"column-2\">220 mm<\/td><td class=\"column-3\">230 mm<\/td><td class=\"column-4\">220 mm <\/td><td class=\"column-5\">230 mm<\/td>\n<\/tr>\n<tr class=\"row-8\">\n\t<td class=\"column-1\">Diam\u00e8tre <\/td><td class=\"column-2\">160 mm <\/td><td class=\"column-3\">170 mm<\/td><td class=\"column-4\">160 mm<\/td><td class=\"column-5\">170 mm<\/td>\n<\/tr>\n<tr class=\"row-9\">\n\t<td class=\"column-1\">Agent propulseur<\/td><td class=\"column-2\">Cartouche CO2 40 g<\/td><td class=\"column-3\">Cartouche CO2 40 g<\/td><td class=\"column-4\">Cartouche CO2 40 g<\/td><td class=\"column-5\">Cartouche CO2 40 g<\/td>\n<\/tr>\n<tr class=\"row-10\">\n\t<td class=\"column-1\">Temp\u00e9rature d'utilisation<\/td><td class=\"column-2\">+ 5\u00b0 C + 60\u00b0 C<\/td><td class=\"column-3\">+ 5\u00b0 C + 60\u00b0 C<\/td><td class=\"column-4\">- 10\u00b0 C + 60\u00b0 C<\/td><td class=\"column-5\">- 10\u00b0 C + 60\u00b0 C<\/td>\n<\/tr>\n<tr class=\"row-11\">\n\t<td class=\"column-1\">Temps de fonctionnement<\/td><td class=\"column-2\">27,7 secondes<\/td><td class=\"column-3\">47,3 secondes<\/td><td class=\"column-4\">27,7 secondes<\/td><td class=\"column-5\">47,3 secondes<\/td>\n<\/tr>\n<tr class=\"row-12\">\n\t<td class=\"column-1\">Emballage L x l x H (mm)<\/td><td class=\"column-2\">600 x 200 x 175<\/td><td class=\"column-3\">660 x 220 x 185<\/td><td class=\"column-4\">600 x 200 x 175<\/td><td class=\"column-5\">660 x 220 x 185<\/td>\n<\/tr>\n<tr class=\"row-13\">\n\t<td class=\"column-1\">Palettisation L x l x H (mm) (quantit\u00e9 par palette)<\/td><td class=\"column-2\">800 x 1200 x 1575<br \/>\n(64 appareils)<\/td><td class=\"column-3\">800 x 1200 x 1625<br \/>\n(40 appareils)<\/td><td class=\"column-4\">800 x 1200 x 1575<br \/>\n(64 appareils)<\/td><td class=\"column-5\">800 x 1200 x 1625<br \/>\n(40 appareils)<\/td>\n<\/tr>\n<tr class=\"row-14\">\n\t<td class=\"column-1\">Poids de la palette<\/td><td class=\"column-2\">700 kg \u00b1 5 kg<\/td><td class=\"column-3\">584 kg \u00b1 5 kg<\/td><td class=\"column-4\">700 kg \u00b1 5 kg<\/td><td class=\"column-5\">584 kg \u00b1 5 kg<\/td>\n<\/tr>\n<\/tbody>\n<\/table>\n<!-- #tablepress-16 from cache -->\n<p><img loading=\"lazy\" decoding=\"async\" class=\"alignnone size-medium wp-image-253\" src=\"https:\/\/servibati.be\/wp-content\/uploads\/2021\/07\/tested6-300x47.png\" alt=\"\" width=\"300\" height=\"47\" \/><\/p>\n","protected":false},"excerpt":{"rendered":"<p>La gamme d\u2019extincteurs \u00e0 pression auxiliaire r\u00e9pond \u00e0 tous vos besoins<br \/>\nen terme d\u2019environnement et d\u2019utilisation sur le long terme. Id\u00e9al pour une<br \/>\ns\u00e9curit\u00e9 optimale de l\u2019utilisateur, cette gamme allie robustesse, performance<br \/>\net esth\u00e9tisme. S\u2019emploie sur les feux de classe A (bois, papiers, etc.) et B<br \/>\n(essence, fioul, etc.) avec additif. Con\u00e7ue dans le respect des exigences<br \/>\nr\u00e9glementaires, elle r\u00e9pond aux besoins des activit\u00e9s industrielles et tertiaires.<\/p>\n<p>5 ans de garantie si les produits sont inspect\u00e9s via nos services.<\/p>\n<p>Les + du produit:<\/p>\n<ul>\n<li>Maintien des caract\u00e9ristiques techniques de l\u2019additif par son conditionnement en flacon non m\u00e9lang\u00e9,<\/li>\n<li>Personnalisation par des caches et s\u00e9rigraphie (en option),<\/li>\n<li>Large d\u00e9clinaison de la gamme.<\/li>\n<\/ul>\n","protected":false},"featured_media":257,"comment_status":"closed","ping_status":"closed","template":"","meta":{"_et_pb_use_builder":"","_et_pb_old_content":"","_et_gb_content_width":""},"product_brand":[],"product_cat":[19,18],"product_tag":[],"class_list":{"0":"post-256","1":"product","2":"type-product","3":"status-publish","4":"has-post-thumbnail","6":"product_cat-extincteur-mousse","7":"product_cat-protection-incendie","9":"first","10":"instock","11":"shipping-taxable","12":"product-type-simple"},"acf":[],"yoast_head":"<!-- This site is optimized with the Yoast SEO plugin v26.9 - https:\/\/yoast.com\/product\/yoast-seo-wordpress\/ -->\n<title>Extincteurs 6-9L \u00e0 pression auxiliaire \u2013 Eau avec additif, avec ou sans antigel &#8211; Servibati<\/title>\n<meta name=\"robots\" content=\"index, follow, max-snippet:-1, max-image-preview:large, max-video-preview:-1\" \/>\n<link rel=\"canonical\" href=\"https:\/\/servibati.be\/index.php\/produit\/extincteurs-6-9l-a-pression-auxiliaire-eau-avec-additif-avec-ou-sans-antigel\/\" \/>\n<meta property=\"og:locale\" content=\"fr_FR\" \/>\n<meta property=\"og:type\" content=\"article\" \/>\n<meta property=\"og:title\" content=\"Extincteurs 6-9L \u00e0 pression auxiliaire \u2013 Eau avec additif, avec ou sans antigel &#8211; Servibati\" \/>\n<meta property=\"og:description\" content=\"La gamme d\u2019extincteurs \u00e0 pression auxiliaire r\u00e9pond \u00e0 tous vos besoins en terme d\u2019environnement et d\u2019utilisation sur le long terme. Id\u00e9al pour une s\u00e9curit\u00e9 optimale de l\u2019utilisateur, cette gamme allie robustesse, performance et esth\u00e9tisme. S\u2019emploie sur les feux de classe A (bois, papiers, etc.) et B (essence, fioul, etc.) avec additif. Con\u00e7ue dans le respect des exigences r\u00e9glementaires, elle r\u00e9pond aux besoins des activit\u00e9s industrielles et tertiaires.  5 ans de garantie si les produits sont inspect\u00e9s via nos services.  Les + du produit:   Maintien des caract\u00e9ristiques techniques de l\u2019additif par son conditionnement en flacon non m\u00e9lang\u00e9,  Personnalisation par des caches et s\u00e9rigraphie (en option),  Large d\u00e9clinaison de la gamme.\" \/>\n<meta property=\"og:url\" content=\"https:\/\/servibati.be\/index.php\/produit\/extincteurs-6-9l-a-pression-auxiliaire-eau-avec-additif-avec-ou-sans-antigel\/\" \/>\n<meta property=\"og:site_name\" content=\"Servibati\" \/>\n<meta property=\"article:publisher\" content=\"https:\/\/www.facebook.com\/servibati.be\" \/>\n<meta property=\"article:modified_time\" content=\"2021-08-23T15:00:45+00:00\" \/>\n<meta property=\"og:image\" content=\"https:\/\/servibati.be\/wp-content\/uploads\/2021\/07\/extincteur12.jpg\" \/>\n\t<meta property=\"og:image:width\" content=\"900\" \/>\n\t<meta property=\"og:image:height\" content=\"900\" \/>\n\t<meta property=\"og:image:type\" content=\"image\/jpeg\" \/>\n<meta name=\"twitter:card\" content=\"summary_large_image\" \/>\n<meta name=\"twitter:label1\" content=\"Dur\u00e9e de lecture estim\u00e9e\" \/>\n\t<meta name=\"twitter:data1\" content=\"1 minute\" \/>\n<script type=\"application\/ld+json\" class=\"yoast-schema-graph\">{\"@context\":\"https:\/\/schema.org\",\"@graph\":[{\"@type\":\"WebPage\",\"@id\":\"https:\/\/servibati.be\/index.php\/produit\/extincteurs-6-9l-a-pression-auxiliaire-eau-avec-additif-avec-ou-sans-antigel\/\",\"url\":\"https:\/\/servibati.be\/index.php\/produit\/extincteurs-6-9l-a-pression-auxiliaire-eau-avec-additif-avec-ou-sans-antigel\/\",\"name\":\"Extincteurs 6-9L \u00e0 pression auxiliaire \u2013 Eau avec additif, avec ou sans antigel &#8211; Servibati\",\"isPartOf\":{\"@id\":\"https:\/\/servibati.be\/#website\"},\"primaryImageOfPage\":{\"@id\":\"https:\/\/servibati.be\/index.php\/produit\/extincteurs-6-9l-a-pression-auxiliaire-eau-avec-additif-avec-ou-sans-antigel\/#primaryimage\"},\"image\":{\"@id\":\"https:\/\/servibati.be\/index.php\/produit\/extincteurs-6-9l-a-pression-auxiliaire-eau-avec-additif-avec-ou-sans-antigel\/#primaryimage\"},\"thumbnailUrl\":\"https:\/\/servibati.be\/wp-content\/uploads\/2021\/07\/extincteur12.jpg\",\"datePublished\":\"2021-07-07T14:24:31+00:00\",\"dateModified\":\"2021-08-23T15:00:45+00:00\",\"breadcrumb\":{\"@id\":\"https:\/\/servibati.be\/index.php\/produit\/extincteurs-6-9l-a-pression-auxiliaire-eau-avec-additif-avec-ou-sans-antigel\/#breadcrumb\"},\"inLanguage\":\"fr-FR\",\"potentialAction\":[{\"@type\":\"ReadAction\",\"target\":[\"https:\/\/servibati.be\/index.php\/produit\/extincteurs-6-9l-a-pression-auxiliaire-eau-avec-additif-avec-ou-sans-antigel\/\"]}]},{\"@type\":\"ImageObject\",\"inLanguage\":\"fr-FR\",\"@id\":\"https:\/\/servibati.be\/index.php\/produit\/extincteurs-6-9l-a-pression-auxiliaire-eau-avec-additif-avec-ou-sans-antigel\/#primaryimage\",\"url\":\"https:\/\/servibati.be\/wp-content\/uploads\/2021\/07\/extincteur12.jpg\",\"contentUrl\":\"https:\/\/servibati.be\/wp-content\/uploads\/2021\/07\/extincteur12.jpg\",\"width\":900,\"height\":900,\"caption\":\"Extincteurs servibati\"},{\"@type\":\"BreadcrumbList\",\"@id\":\"https:\/\/servibati.be\/index.php\/produit\/extincteurs-6-9l-a-pression-auxiliaire-eau-avec-additif-avec-ou-sans-antigel\/#breadcrumb\",\"itemListElement\":[{\"@type\":\"ListItem\",\"position\":1,\"name\":\"Accueil\",\"item\":\"https:\/\/servibati.be\/\"},{\"@type\":\"ListItem\",\"position\":2,\"name\":\"Boutique\",\"item\":\"https:\/\/servibati.be\/index.php\/boutique\/\"},{\"@type\":\"ListItem\",\"position\":3,\"name\":\"Extincteurs 6-9L \u00e0 pression auxiliaire \u2013 Eau avec additif, avec ou sans antigel\"}]},{\"@type\":\"WebSite\",\"@id\":\"https:\/\/servibati.be\/#website\",\"url\":\"https:\/\/servibati.be\/\",\"name\":\"Servibati\",\"description\":\"Bienvenue sur le site de Servibati SPRL\",\"publisher\":{\"@id\":\"https:\/\/servibati.be\/#organization\"},\"potentialAction\":[{\"@type\":\"SearchAction\",\"target\":{\"@type\":\"EntryPoint\",\"urlTemplate\":\"https:\/\/servibati.be\/?s={search_term_string}\"},\"query-input\":{\"@type\":\"PropertyValueSpecification\",\"valueRequired\":true,\"valueName\":\"search_term_string\"}}],\"inLanguage\":\"fr-FR\"},{\"@type\":\"Organization\",\"@id\":\"https:\/\/servibati.be\/#organization\",\"name\":\"Servibati SPRL\",\"url\":\"https:\/\/servibati.be\/\",\"logo\":{\"@type\":\"ImageObject\",\"inLanguage\":\"fr-FR\",\"@id\":\"https:\/\/servibati.be\/#\/schema\/logo\/image\/\",\"url\":\"https:\/\/servibati.be\/wp-content\/uploads\/2021\/07\/cropped-logo.jpg\",\"contentUrl\":\"https:\/\/servibati.be\/wp-content\/uploads\/2021\/07\/cropped-logo.jpg\",\"width\":512,\"height\":512,\"caption\":\"Servibati SPRL\"},\"image\":{\"@id\":\"https:\/\/servibati.be\/#\/schema\/logo\/image\/\"},\"sameAs\":[\"https:\/\/www.facebook.com\/servibati.be\"]}]}<\/script>\n<!-- \/ Yoast SEO plugin. -->","yoast_head_json":{"title":"Extincteurs 6-9L \u00e0 pression auxiliaire \u2013 Eau avec additif, avec ou sans antigel &#8211; Servibati","robots":{"index":"index","follow":"follow","max-snippet":"max-snippet:-1","max-image-preview":"max-image-preview:large","max-video-preview":"max-video-preview:-1"},"canonical":"https:\/\/servibati.be\/index.php\/produit\/extincteurs-6-9l-a-pression-auxiliaire-eau-avec-additif-avec-ou-sans-antigel\/","og_locale":"fr_FR","og_type":"article","og_title":"Extincteurs 6-9L \u00e0 pression auxiliaire \u2013 Eau avec additif, avec ou sans antigel &#8211; Servibati","og_description":"La gamme d\u2019extincteurs \u00e0 pression auxiliaire r\u00e9pond \u00e0 tous vos besoins en terme d\u2019environnement et d\u2019utilisation sur le long terme. Id\u00e9al pour une s\u00e9curit\u00e9 optimale de l\u2019utilisateur, cette gamme allie robustesse, performance et esth\u00e9tisme. S\u2019emploie sur les feux de classe A (bois, papiers, etc.) et B (essence, fioul, etc.) avec additif. Con\u00e7ue dans le respect des exigences r\u00e9glementaires, elle r\u00e9pond aux besoins des activit\u00e9s industrielles et tertiaires.  5 ans de garantie si les produits sont inspect\u00e9s via nos services.  Les + du produit:   Maintien des caract\u00e9ristiques techniques de l\u2019additif par son conditionnement en flacon non m\u00e9lang\u00e9,  Personnalisation par des caches et s\u00e9rigraphie (en option),  Large d\u00e9clinaison de la gamme.","og_url":"https:\/\/servibati.be\/index.php\/produit\/extincteurs-6-9l-a-pression-auxiliaire-eau-avec-additif-avec-ou-sans-antigel\/","og_site_name":"Servibati","article_publisher":"https:\/\/www.facebook.com\/servibati.be","article_modified_time":"2021-08-23T15:00:45+00:00","og_image":[{"width":900,"height":900,"url":"https:\/\/servibati.be\/wp-content\/uploads\/2021\/07\/extincteur12.jpg","type":"image\/jpeg"}],"twitter_card":"summary_large_image","twitter_misc":{"Dur\u00e9e de lecture estim\u00e9e":"1 minute"},"schema":{"@context":"https:\/\/schema.org","@graph":[{"@type":"WebPage","@id":"https:\/\/servibati.be\/index.php\/produit\/extincteurs-6-9l-a-pression-auxiliaire-eau-avec-additif-avec-ou-sans-antigel\/","url":"https:\/\/servibati.be\/index.php\/produit\/extincteurs-6-9l-a-pression-auxiliaire-eau-avec-additif-avec-ou-sans-antigel\/","name":"Extincteurs 6-9L \u00e0 pression auxiliaire \u2013 Eau avec additif, avec ou sans antigel &#8211; Servibati","isPartOf":{"@id":"https:\/\/servibati.be\/#website"},"primaryImageOfPage":{"@id":"https:\/\/servibati.be\/index.php\/produit\/extincteurs-6-9l-a-pression-auxiliaire-eau-avec-additif-avec-ou-sans-antigel\/#primaryimage"},"image":{"@id":"https:\/\/servibati.be\/index.php\/produit\/extincteurs-6-9l-a-pression-auxiliaire-eau-avec-additif-avec-ou-sans-antigel\/#primaryimage"},"thumbnailUrl":"https:\/\/servibati.be\/wp-content\/uploads\/2021\/07\/extincteur12.jpg","datePublished":"2021-07-07T14:24:31+00:00","dateModified":"2021-08-23T15:00:45+00:00","breadcrumb":{"@id":"https:\/\/servibati.be\/index.php\/produit\/extincteurs-6-9l-a-pression-auxiliaire-eau-avec-additif-avec-ou-sans-antigel\/#breadcrumb"},"inLanguage":"fr-FR","potentialAction":[{"@type":"ReadAction","target":["https:\/\/servibati.be\/index.php\/produit\/extincteurs-6-9l-a-pression-auxiliaire-eau-avec-additif-avec-ou-sans-antigel\/"]}]},{"@type":"ImageObject","inLanguage":"fr-FR","@id":"https:\/\/servibati.be\/index.php\/produit\/extincteurs-6-9l-a-pression-auxiliaire-eau-avec-additif-avec-ou-sans-antigel\/#primaryimage","url":"https:\/\/servibati.be\/wp-content\/uploads\/2021\/07\/extincteur12.jpg","contentUrl":"https:\/\/servibati.be\/wp-content\/uploads\/2021\/07\/extincteur12.jpg","width":900,"height":900,"caption":"Extincteurs servibati"},{"@type":"BreadcrumbList","@id":"https:\/\/servibati.be\/index.php\/produit\/extincteurs-6-9l-a-pression-auxiliaire-eau-avec-additif-avec-ou-sans-antigel\/#breadcrumb","itemListElement":[{"@type":"ListItem","position":1,"name":"Accueil","item":"https:\/\/servibati.be\/"},{"@type":"ListItem","position":2,"name":"Boutique","item":"https:\/\/servibati.be\/index.php\/boutique\/"},{"@type":"ListItem","position":3,"name":"Extincteurs 6-9L \u00e0 pression auxiliaire \u2013 Eau avec additif, avec ou sans antigel"}]},{"@type":"WebSite","@id":"https:\/\/servibati.be\/#website","url":"https:\/\/servibati.be\/","name":"Servibati","description":"Bienvenue sur le site de Servibati SPRL","publisher":{"@id":"https:\/\/servibati.be\/#organization"},"potentialAction":[{"@type":"SearchAction","target":{"@type":"EntryPoint","urlTemplate":"https:\/\/servibati.be\/?s={search_term_string}"},"query-input":{"@type":"PropertyValueSpecification","valueRequired":true,"valueName":"search_term_string"}}],"inLanguage":"fr-FR"},{"@type":"Organization","@id":"https:\/\/servibati.be\/#organization","name":"Servibati SPRL","url":"https:\/\/servibati.be\/","logo":{"@type":"ImageObject","inLanguage":"fr-FR","@id":"https:\/\/servibati.be\/#\/schema\/logo\/image\/","url":"https:\/\/servibati.be\/wp-content\/uploads\/2021\/07\/cropped-logo.jpg","contentUrl":"https:\/\/servibati.be\/wp-content\/uploads\/2021\/07\/cropped-logo.jpg","width":512,"height":512,"caption":"Servibati SPRL"},"image":{"@id":"https:\/\/servibati.be\/#\/schema\/logo\/image\/"},"sameAs":["https:\/\/www.facebook.com\/servibati.be"]}]}},"_links":{"self":[{"href":"https:\/\/servibati.be\/index.php\/wp-json\/wp\/v2\/product\/256","targetHints":{"allow":["GET"]}}],"collection":[{"href":"https:\/\/servibati.be\/index.php\/wp-json\/wp\/v2\/product"}],"about":[{"href":"https:\/\/servibati.be\/index.php\/wp-json\/wp\/v2\/types\/product"}],"replies":[{"embeddable":true,"href":"https:\/\/servibati.be\/index.php\/wp-json\/wp\/v2\/comments?post=256"}],"wp:featuredmedia":[{"embeddable":true,"href":"https:\/\/servibati.be\/index.php\/wp-json\/wp\/v2\/media\/257"}],"wp:attachment":[{"href":"https:\/\/servibati.be\/index.php\/wp-json\/wp\/v2\/media?parent=256"}],"wp:term":[{"taxonomy":"product_brand","embeddable":true,"href":"https:\/\/servibati.be\/index.php\/wp-json\/wp\/v2\/product_brand?post=256"},{"taxonomy":"product_cat","embeddable":true,"href":"https:\/\/servibati.be\/index.php\/wp-json\/wp\/v2\/product_cat?post=256"},{"taxonomy":"product_tag","embeddable":true,"href":"https:\/\/servibati.be\/index.php\/wp-json\/wp\/v2\/product_tag?post=256"}],"curies":[{"name":"wp","href":"https:\/\/api.w.org\/{rel}","templated":true}]}}