{"id":264,"date":"2021-07-07T16:41:11","date_gmt":"2021-07-07T14:41:11","guid":{"rendered":"http:\/\/servibati.be\/?post_type=product&#038;p=264"},"modified":"2021-08-18T14:42:31","modified_gmt":"2021-08-18T12:42:31","slug":"264","status":"publish","type":"product","link":"https:\/\/servibati.be\/index.php\/produit\/264\/","title":{"rendered":"Extincteurs automatiques 9-12 kg \u00e0 pression auxiliaire \u2013 Poudre ABC \u2013 BC"},"content":{"rendered":"\n<table id=\"tablepress-18\" class=\"tablepress tablepress-id-18\">\n<thead>\n<tr class=\"row-1\">\n\t<td class=\"column-1\"><\/td><th class=\"column-2\">9 KG<br \/>\nAUTOMATIQUE<br \/>\nPERCHE ABC<\/th><th class=\"column-3\">9 KG<br \/>\nAUTOMATIQUE<br \/>\nPERCHE BC<\/th><th class=\"column-4\">12 KG<br \/>\nAUTOMATIQUE<br \/>\nPERCHE ABC<\/th><th class=\"column-5\">12 KG<br \/>\nAUTOMATIQUE<br \/>\nPERCHE BC<\/th>\n<\/tr>\n<\/thead>\n<tbody class=\"row-striping row-hover\">\n<tr class=\"row-2\">\n\t<td class=\"column-1\">Num\u00e9ro d'article<\/td><td class=\"column-2\">0124<\/td><td class=\"column-3\">0124<\/td><td class=\"column-4\">0123<\/td><td class=\"column-5\">0123<\/td>\n<\/tr>\n<tr class=\"row-3\">\n\t<td class=\"column-1\">Agent extincteur<\/td><td class=\"column-2\">Poudre ABC 40<\/td><td class=\"column-3\">Poudre BC<\/td><td class=\"column-4\">Poudre ABC 40<\/td><td class=\"column-5\">Poudre BC<\/td>\n<\/tr>\n<tr class=\"row-4\">\n\t<td class=\"column-1\">Foyers<\/td><td class=\"column-2\">ABC<\/td><td class=\"column-3\">BC<\/td><td class=\"column-4\">ABC<\/td><td class=\"column-5\">BC<\/td>\n<\/tr>\n<tr class=\"row-5\">\n\t<td class=\"column-1\">Poids en ordre de marche<\/td><td class=\"column-2\">21kg <\/td><td class=\"column-3\">21kg<\/td><td class=\"column-4\">24kg<\/td><td class=\"column-5\">24kg<\/td>\n<\/tr>\n<tr class=\"row-6\">\n\t<td class=\"column-1\">Hauteur<\/td><td class=\"column-2\">1,20 m \u00e0 1,80 m<\/td><td class=\"column-3\">1,20 m \u00e0 1,80 m<\/td><td class=\"column-4\">1,20 m \u00e0 1,80 m<\/td><td class=\"column-5\">1,20 m \u00e0 1,80 m<\/td>\n<\/tr>\n<tr class=\"row-7\">\n\t<td class=\"column-1\">Largeur hors tout<\/td><td class=\"column-2\">660 mm \u00e0 1150 mm<\/td><td class=\"column-3\">660 mm \u00e0 1150 mm<\/td><td class=\"column-4\">660 mm \u00e0 1150 mm<\/td><td class=\"column-5\">660 mm \u00e0 1150 mm<\/td>\n<\/tr>\n<tr class=\"row-8\">\n\t<td class=\"column-1\">Diam\u00e8tre<\/td><td class=\"column-2\">170 mm<\/td><td class=\"column-3\">170 mm<\/td><td class=\"column-4\">170 mm<\/td><td class=\"column-5\">170 mm<\/td>\n<\/tr>\n<tr class=\"row-9\">\n\t<td class=\"column-1\">Agent propulseur<\/td><td class=\"column-2\">Cartouche CO2 120 g<\/td><td class=\"column-3\">Cartouche CO2 120 g<\/td><td class=\"column-4\">Cartouche CO2 180 g<\/td><td class=\"column-5\">Cartouche CO2 180 g<\/td>\n<\/tr>\n<tr class=\"row-10\">\n\t<td class=\"column-1\">Temp\u00e9rature d'utilisation<\/td><td class=\"column-2\">- 30\u00b0 C + 60\u00b0 C<\/td><td class=\"column-3\">- 30\u00b0 C + 60\u00b0 C<\/td><td class=\"column-4\">- 30\u00b0 C + 60\u00b0 C<\/td><td class=\"column-5\">- 30\u00b0 C + 60\u00b0 C<\/td>\n<\/tr>\n<tr class=\"row-11\">\n\t<td class=\"column-1\">Temps de fonctionnement<\/td><td class=\"column-2\">~ 30 secondes<\/td><td class=\"column-3\">~ 30 secondes<\/td><td class=\"column-4\">~ 40 secondes<\/td><td class=\"column-5\">~ 40 secondes<\/td>\n<\/tr>\n<tr class=\"row-12\">\n\t<td class=\"column-1\">Emballage L x l x H (mm)<\/td><td class=\"column-2\">1040 x 200 x 240<\/td><td class=\"column-3\">1040 x 200 x 240<\/td><td class=\"column-4\">1040 x 200 x 240<\/td><td class=\"column-5\">1040 x 200 x 240<\/td>\n<\/tr>\n<tr class=\"row-13\">\n\t<td class=\"column-1\">Palettisation L x l x H (mm)<br \/>\n(quantit\u00e9 par palette)<\/td><td class=\"column-2\">1200 x 1200<br \/>\n(25 appareils)<\/td><td class=\"column-3\">1200 x 1200<br \/>\n(25 appareils)<\/td><td class=\"column-4\">1200 x 1200<br \/>\n(25 appareils)<\/td><td class=\"column-5\">1200 x 1200<br \/>\n(25 appareils)<\/td>\n<\/tr>\n<tr class=\"row-14\">\n\t<td class=\"column-1\">Poids de la palette<\/td><td class=\"column-2\">600 kg \u00b1 5 kg<\/td><td class=\"column-3\">600 kg \u00b1 5 kg<\/td><td class=\"column-4\">600 kg \u00b1 5 kg<\/td><td class=\"column-5\">600 kg \u00b1 5 kg<\/td>\n<\/tr>\n<\/tbody>\n<\/table>\n<!-- #tablepress-18 from cache -->\n<p><img loading=\"lazy\" decoding=\"async\" class=\"alignnone size-medium wp-image-265\" src=\"https:\/\/servibati.be\/wp-content\/uploads\/2021\/07\/tested7-300x92.png\" alt=\"\" width=\"300\" height=\"92\" \/><\/p>\n<p>&nbsp;<\/p>\n","protected":false},"excerpt":{"rendered":"<p>La gamme d\u2019extincteurs automatiques perches est la r\u00e9f\u00e9rence id\u00e9ale pour les lieux \u00e9quip\u00e9s d\u2019installations sp\u00e9cifiques (chaudi\u00e8re, machinerie, ascenseur, groupe \u00e9lectrog\u00e8ne, etc.). Elle s\u2019emploie sur la majorit\u00e9 des feux de classe A (bois, papiers, etc.), B (essence, fioul, etc.) et C (gaz, produits chimiques, etc.). Cette gamme est con\u00e7ue dans le respect des exigences r\u00e9glementaires et r\u00e9pond aux besoins des activit\u00e9s industrielles.<\/p>\n<p>5 ans de garantie si les produits sont inspect\u00e9s via nos services.<\/p>\n<p>Les + du produit:<\/p>\n<ul>\n<li>R\u00e9glage de la perche en hauteur min 1,20 m et max 1,80 m<\/li>\n<li>R\u00e9glage de la perche en profondeur min 0,66 m et max 1,15 m<\/li>\n<li>Appareil test\u00e9 et valid\u00e9 par nos clients<\/li>\n<li>Contacteur de s\u00e9rie.<\/li>\n<\/ul>\n","protected":false},"featured_media":266,"comment_status":"closed","ping_status":"closed","template":"","meta":{"_et_pb_use_builder":"off","_et_pb_old_content":"[table id=18 \/]","_et_gb_content_width":""},"product_brand":[],"product_cat":[21,18],"product_tag":[],"class_list":{"0":"post-264","1":"product","2":"type-product","3":"status-publish","4":"has-post-thumbnail","6":"product_cat-extincteur-automatique","7":"product_cat-protection-incendie","9":"first","10":"instock","11":"shipping-taxable","12":"product-type-simple"},"acf":[],"yoast_head":"<!-- This site is optimized with the Yoast SEO plugin v26.9 - https:\/\/yoast.com\/product\/yoast-seo-wordpress\/ -->\n<title>Extincteurs automatiques 9-12 kg \u00e0 pression auxiliaire \u2013 Poudre ABC \u2013 BC &#8211; Servibati<\/title>\n<meta name=\"robots\" content=\"index, follow, max-snippet:-1, max-image-preview:large, max-video-preview:-1\" \/>\n<link rel=\"canonical\" href=\"https:\/\/servibati.be\/index.php\/produit\/264\/\" \/>\n<meta property=\"og:locale\" content=\"fr_FR\" \/>\n<meta property=\"og:type\" content=\"article\" \/>\n<meta property=\"og:title\" content=\"Extincteurs automatiques 9-12 kg \u00e0 pression auxiliaire \u2013 Poudre ABC \u2013 BC &#8211; Servibati\" \/>\n<meta property=\"og:description\" content=\"La gamme d\u2019extincteurs automatiques perches est la r\u00e9f\u00e9rence id\u00e9ale pour les lieux \u00e9quip\u00e9s d\u2019installations sp\u00e9cifiques (chaudi\u00e8re, machinerie, ascenseur, groupe \u00e9lectrog\u00e8ne, etc.). Elle s\u2019emploie sur la majorit\u00e9 des feux de classe A (bois, papiers, etc.), B (essence, fioul, etc.) et C (gaz, produits chimiques, etc.). Cette gamme est con\u00e7ue dans le respect des exigences r\u00e9glementaires et r\u00e9pond aux besoins des activit\u00e9s industrielles.  5 ans de garantie si les produits sont inspect\u00e9s via nos services.  Les + du produit:   R\u00e9glage de la perche en hauteur min 1,20 m et max 1,80 m  R\u00e9glage de la perche en profondeur min 0,66 m et max 1,15 m  Appareil test\u00e9 et valid\u00e9 par nos clients  Contacteur de s\u00e9rie.\" \/>\n<meta property=\"og:url\" content=\"https:\/\/servibati.be\/index.php\/produit\/264\/\" \/>\n<meta property=\"og:site_name\" content=\"Servibati\" \/>\n<meta property=\"article:publisher\" content=\"https:\/\/www.facebook.com\/servibati.be\" \/>\n<meta property=\"article:modified_time\" content=\"2021-08-18T12:42:31+00:00\" \/>\n<meta property=\"og:image\" content=\"https:\/\/servibati.be\/wp-content\/uploads\/2021\/07\/extincteur14.jpg\" \/>\n\t<meta property=\"og:image:width\" content=\"900\" \/>\n\t<meta property=\"og:image:height\" content=\"900\" \/>\n\t<meta property=\"og:image:type\" content=\"image\/jpeg\" \/>\n<meta name=\"twitter:card\" content=\"summary_large_image\" \/>\n<meta name=\"twitter:label1\" content=\"Dur\u00e9e de lecture estim\u00e9e\" \/>\n\t<meta name=\"twitter:data1\" content=\"1 minute\" \/>\n<script type=\"application\/ld+json\" class=\"yoast-schema-graph\">{\"@context\":\"https:\/\/schema.org\",\"@graph\":[{\"@type\":\"WebPage\",\"@id\":\"https:\/\/servibati.be\/index.php\/produit\/264\/\",\"url\":\"https:\/\/servibati.be\/index.php\/produit\/264\/\",\"name\":\"Extincteurs automatiques 9-12 kg \u00e0 pression auxiliaire \u2013 Poudre ABC \u2013 BC &#8211; Servibati\",\"isPartOf\":{\"@id\":\"https:\/\/servibati.be\/#website\"},\"primaryImageOfPage\":{\"@id\":\"https:\/\/servibati.be\/index.php\/produit\/264\/#primaryimage\"},\"image\":{\"@id\":\"https:\/\/servibati.be\/index.php\/produit\/264\/#primaryimage\"},\"thumbnailUrl\":\"https:\/\/servibati.be\/wp-content\/uploads\/2021\/07\/extincteur14.jpg\",\"datePublished\":\"2021-07-07T14:41:11+00:00\",\"dateModified\":\"2021-08-18T12:42:31+00:00\",\"breadcrumb\":{\"@id\":\"https:\/\/servibati.be\/index.php\/produit\/264\/#breadcrumb\"},\"inLanguage\":\"fr-FR\",\"potentialAction\":[{\"@type\":\"ReadAction\",\"target\":[\"https:\/\/servibati.be\/index.php\/produit\/264\/\"]}]},{\"@type\":\"ImageObject\",\"inLanguage\":\"fr-FR\",\"@id\":\"https:\/\/servibati.be\/index.php\/produit\/264\/#primaryimage\",\"url\":\"https:\/\/servibati.be\/wp-content\/uploads\/2021\/07\/extincteur14.jpg\",\"contentUrl\":\"https:\/\/servibati.be\/wp-content\/uploads\/2021\/07\/extincteur14.jpg\",\"width\":900,\"height\":900,\"caption\":\"Extincteurs servibati\"},{\"@type\":\"BreadcrumbList\",\"@id\":\"https:\/\/servibati.be\/index.php\/produit\/264\/#breadcrumb\",\"itemListElement\":[{\"@type\":\"ListItem\",\"position\":1,\"name\":\"Accueil\",\"item\":\"https:\/\/servibati.be\/\"},{\"@type\":\"ListItem\",\"position\":2,\"name\":\"Boutique\",\"item\":\"https:\/\/servibati.be\/index.php\/boutique\/\"},{\"@type\":\"ListItem\",\"position\":3,\"name\":\"Extincteurs automatiques 9-12 kg \u00e0 pression auxiliaire \u2013 Poudre ABC \u2013 BC\"}]},{\"@type\":\"WebSite\",\"@id\":\"https:\/\/servibati.be\/#website\",\"url\":\"https:\/\/servibati.be\/\",\"name\":\"Servibati\",\"description\":\"Bienvenue sur le site de Servibati SPRL\",\"publisher\":{\"@id\":\"https:\/\/servibati.be\/#organization\"},\"potentialAction\":[{\"@type\":\"SearchAction\",\"target\":{\"@type\":\"EntryPoint\",\"urlTemplate\":\"https:\/\/servibati.be\/?s={search_term_string}\"},\"query-input\":{\"@type\":\"PropertyValueSpecification\",\"valueRequired\":true,\"valueName\":\"search_term_string\"}}],\"inLanguage\":\"fr-FR\"},{\"@type\":\"Organization\",\"@id\":\"https:\/\/servibati.be\/#organization\",\"name\":\"Servibati SPRL\",\"url\":\"https:\/\/servibati.be\/\",\"logo\":{\"@type\":\"ImageObject\",\"inLanguage\":\"fr-FR\",\"@id\":\"https:\/\/servibati.be\/#\/schema\/logo\/image\/\",\"url\":\"https:\/\/servibati.be\/wp-content\/uploads\/2021\/07\/cropped-logo.jpg\",\"contentUrl\":\"https:\/\/servibati.be\/wp-content\/uploads\/2021\/07\/cropped-logo.jpg\",\"width\":512,\"height\":512,\"caption\":\"Servibati SPRL\"},\"image\":{\"@id\":\"https:\/\/servibati.be\/#\/schema\/logo\/image\/\"},\"sameAs\":[\"https:\/\/www.facebook.com\/servibati.be\"]}]}<\/script>\n<!-- \/ Yoast SEO plugin. -->","yoast_head_json":{"title":"Extincteurs automatiques 9-12 kg \u00e0 pression auxiliaire \u2013 Poudre ABC \u2013 BC &#8211; Servibati","robots":{"index":"index","follow":"follow","max-snippet":"max-snippet:-1","max-image-preview":"max-image-preview:large","max-video-preview":"max-video-preview:-1"},"canonical":"https:\/\/servibati.be\/index.php\/produit\/264\/","og_locale":"fr_FR","og_type":"article","og_title":"Extincteurs automatiques 9-12 kg \u00e0 pression auxiliaire \u2013 Poudre ABC \u2013 BC &#8211; Servibati","og_description":"La gamme d\u2019extincteurs automatiques perches est la r\u00e9f\u00e9rence id\u00e9ale pour les lieux \u00e9quip\u00e9s d\u2019installations sp\u00e9cifiques (chaudi\u00e8re, machinerie, ascenseur, groupe \u00e9lectrog\u00e8ne, etc.). Elle s\u2019emploie sur la majorit\u00e9 des feux de classe A (bois, papiers, etc.), B (essence, fioul, etc.) et C (gaz, produits chimiques, etc.). Cette gamme est con\u00e7ue dans le respect des exigences r\u00e9glementaires et r\u00e9pond aux besoins des activit\u00e9s industrielles.  5 ans de garantie si les produits sont inspect\u00e9s via nos services.  Les + du produit:   R\u00e9glage de la perche en hauteur min 1,20 m et max 1,80 m  R\u00e9glage de la perche en profondeur min 0,66 m et max 1,15 m  Appareil test\u00e9 et valid\u00e9 par nos clients  Contacteur de s\u00e9rie.","og_url":"https:\/\/servibati.be\/index.php\/produit\/264\/","og_site_name":"Servibati","article_publisher":"https:\/\/www.facebook.com\/servibati.be","article_modified_time":"2021-08-18T12:42:31+00:00","og_image":[{"width":900,"height":900,"url":"https:\/\/servibati.be\/wp-content\/uploads\/2021\/07\/extincteur14.jpg","type":"image\/jpeg"}],"twitter_card":"summary_large_image","twitter_misc":{"Dur\u00e9e de lecture estim\u00e9e":"1 minute"},"schema":{"@context":"https:\/\/schema.org","@graph":[{"@type":"WebPage","@id":"https:\/\/servibati.be\/index.php\/produit\/264\/","url":"https:\/\/servibati.be\/index.php\/produit\/264\/","name":"Extincteurs automatiques 9-12 kg \u00e0 pression auxiliaire \u2013 Poudre ABC \u2013 BC &#8211; Servibati","isPartOf":{"@id":"https:\/\/servibati.be\/#website"},"primaryImageOfPage":{"@id":"https:\/\/servibati.be\/index.php\/produit\/264\/#primaryimage"},"image":{"@id":"https:\/\/servibati.be\/index.php\/produit\/264\/#primaryimage"},"thumbnailUrl":"https:\/\/servibati.be\/wp-content\/uploads\/2021\/07\/extincteur14.jpg","datePublished":"2021-07-07T14:41:11+00:00","dateModified":"2021-08-18T12:42:31+00:00","breadcrumb":{"@id":"https:\/\/servibati.be\/index.php\/produit\/264\/#breadcrumb"},"inLanguage":"fr-FR","potentialAction":[{"@type":"ReadAction","target":["https:\/\/servibati.be\/index.php\/produit\/264\/"]}]},{"@type":"ImageObject","inLanguage":"fr-FR","@id":"https:\/\/servibati.be\/index.php\/produit\/264\/#primaryimage","url":"https:\/\/servibati.be\/wp-content\/uploads\/2021\/07\/extincteur14.jpg","contentUrl":"https:\/\/servibati.be\/wp-content\/uploads\/2021\/07\/extincteur14.jpg","width":900,"height":900,"caption":"Extincteurs servibati"},{"@type":"BreadcrumbList","@id":"https:\/\/servibati.be\/index.php\/produit\/264\/#breadcrumb","itemListElement":[{"@type":"ListItem","position":1,"name":"Accueil","item":"https:\/\/servibati.be\/"},{"@type":"ListItem","position":2,"name":"Boutique","item":"https:\/\/servibati.be\/index.php\/boutique\/"},{"@type":"ListItem","position":3,"name":"Extincteurs automatiques 9-12 kg \u00e0 pression auxiliaire \u2013 Poudre ABC \u2013 BC"}]},{"@type":"WebSite","@id":"https:\/\/servibati.be\/#website","url":"https:\/\/servibati.be\/","name":"Servibati","description":"Bienvenue sur le site de Servibati SPRL","publisher":{"@id":"https:\/\/servibati.be\/#organization"},"potentialAction":[{"@type":"SearchAction","target":{"@type":"EntryPoint","urlTemplate":"https:\/\/servibati.be\/?s={search_term_string}"},"query-input":{"@type":"PropertyValueSpecification","valueRequired":true,"valueName":"search_term_string"}}],"inLanguage":"fr-FR"},{"@type":"Organization","@id":"https:\/\/servibati.be\/#organization","name":"Servibati SPRL","url":"https:\/\/servibati.be\/","logo":{"@type":"ImageObject","inLanguage":"fr-FR","@id":"https:\/\/servibati.be\/#\/schema\/logo\/image\/","url":"https:\/\/servibati.be\/wp-content\/uploads\/2021\/07\/cropped-logo.jpg","contentUrl":"https:\/\/servibati.be\/wp-content\/uploads\/2021\/07\/cropped-logo.jpg","width":512,"height":512,"caption":"Servibati SPRL"},"image":{"@id":"https:\/\/servibati.be\/#\/schema\/logo\/image\/"},"sameAs":["https:\/\/www.facebook.com\/servibati.be"]}]}},"_links":{"self":[{"href":"https:\/\/servibati.be\/index.php\/wp-json\/wp\/v2\/product\/264","targetHints":{"allow":["GET"]}}],"collection":[{"href":"https:\/\/servibati.be\/index.php\/wp-json\/wp\/v2\/product"}],"about":[{"href":"https:\/\/servibati.be\/index.php\/wp-json\/wp\/v2\/types\/product"}],"replies":[{"embeddable":true,"href":"https:\/\/servibati.be\/index.php\/wp-json\/wp\/v2\/comments?post=264"}],"wp:featuredmedia":[{"embeddable":true,"href":"https:\/\/servibati.be\/index.php\/wp-json\/wp\/v2\/media\/266"}],"wp:attachment":[{"href":"https:\/\/servibati.be\/index.php\/wp-json\/wp\/v2\/media?parent=264"}],"wp:term":[{"taxonomy":"product_brand","embeddable":true,"href":"https:\/\/servibati.be\/index.php\/wp-json\/wp\/v2\/product_brand?post=264"},{"taxonomy":"product_cat","embeddable":true,"href":"https:\/\/servibati.be\/index.php\/wp-json\/wp\/v2\/product_cat?post=264"},{"taxonomy":"product_tag","embeddable":true,"href":"https:\/\/servibati.be\/index.php\/wp-json\/wp\/v2\/product_tag?post=264"}],"curies":[{"name":"wp","href":"https:\/\/api.w.org\/{rel}","templated":true}]}}