{"id":274,"date":"2021-07-07T17:02:06","date_gmt":"2021-07-07T15:02:06","guid":{"rendered":"http:\/\/servibati.be\/?post_type=product&#038;p=274"},"modified":"2021-08-23T16:55:30","modified_gmt":"2021-08-23T14:55:30","slug":"col-de-cygne-standpipe","status":"publish","type":"product","link":"https:\/\/servibati.be\/index.php\/produit\/col-de-cygne-standpipe\/","title":{"rendered":"Col de cygne \/ Standpipe"},"content":{"rendered":"<p>Conforme \u00e0 la NBN S21-042(*) &#8211; S21-043(**)<\/p>\n<p>Description col de cygne:<\/p>\n<ul>\n<li>En m\u00e9tal l\u00e9ger<\/li>\n<li>Diam\u00e8tre nominal 80mm<\/li>\n<li>Demi-raccord \u00e0 griffes sans verrou DSP 45 ou DSP 70<\/li>\n<li>Avec ou sans clapet antiretour<\/li>\n<\/ul>\n<p>Description Standpipe:<\/p>\n<ul>\n<li>En m\u00e9tal l\u00e9ger<\/li>\n<li>Deux vannes \u00e0 volant<\/li>\n<li>Diam\u00e8tre nominal 80mm<\/li>\n<li>Demi-raccord \u00e0 griffes sans verrou DSP 45 ou DSP 70<\/li>\n<li>Avec ou sans clapet antiretour et t\u00eate tournante<\/li>\n<\/ul>\n<p>&nbsp;<\/p>\n","protected":false},"excerpt":{"rendered":"<p>Conforme \u00e0 la NBN S21-042(*) &#8211; S21-043(**) Description col de cygne: En m\u00e9tal l\u00e9ger Diam\u00e8tre nominal 80mm Demi-raccord \u00e0 griffes sans verrou DSP 45 ou DSP 70 Avec ou sans clapet antiretour Description Standpipe: En m\u00e9tal l\u00e9ger Deux vannes \u00e0 volant Diam\u00e8tre nominal 80mm Demi-raccord \u00e0 griffes sans verrou DSP 45 ou DSP 70 Avec [&hellip;]<\/p>\n","protected":false},"featured_media":275,"comment_status":"closed","ping_status":"closed","template":"","meta":{"_et_pb_use_builder":"","_et_pb_old_content":"","_et_gb_content_width":""},"product_brand":[],"product_cat":[23,18],"product_tag":[],"class_list":{"0":"post-274","1":"product","2":"type-product","3":"status-publish","4":"has-post-thumbnail","6":"product_cat-devidoirs-raccords-pompiers-bornes-incendies","7":"product_cat-protection-incendie","9":"first","10":"instock","11":"shipping-taxable","12":"product-type-simple"},"acf":[],"yoast_head":"<!-- This site is optimized with the Yoast SEO plugin v26.9 - https:\/\/yoast.com\/product\/yoast-seo-wordpress\/ -->\n<title>Col de cygne \/ Standpipe &#8211; Servibati<\/title>\n<meta name=\"robots\" content=\"index, follow, max-snippet:-1, max-image-preview:large, max-video-preview:-1\" \/>\n<link rel=\"canonical\" href=\"https:\/\/servibati.be\/index.php\/produit\/col-de-cygne-standpipe\/\" \/>\n<meta property=\"og:locale\" content=\"fr_FR\" \/>\n<meta property=\"og:type\" content=\"article\" \/>\n<meta property=\"og:title\" content=\"Col de cygne \/ Standpipe &#8211; Servibati\" \/>\n<meta property=\"og:description\" content=\"Conforme \u00e0 la NBN S21-042(*) &#8211; S21-043(**) Description col de cygne: En m\u00e9tal l\u00e9ger Diam\u00e8tre nominal 80mm Demi-raccord \u00e0 griffes sans verrou DSP 45 ou DSP 70 Avec ou sans clapet antiretour Description Standpipe: En m\u00e9tal l\u00e9ger Deux vannes \u00e0 volant Diam\u00e8tre nominal 80mm Demi-raccord \u00e0 griffes sans verrou DSP 45 ou DSP 70 Avec [&hellip;]\" \/>\n<meta property=\"og:url\" content=\"https:\/\/servibati.be\/index.php\/produit\/col-de-cygne-standpipe\/\" \/>\n<meta property=\"og:site_name\" content=\"Servibati\" \/>\n<meta property=\"article:publisher\" content=\"https:\/\/www.facebook.com\/servibati.be\" \/>\n<meta property=\"article:modified_time\" content=\"2021-08-23T14:55:30+00:00\" \/>\n<meta property=\"og:image\" content=\"https:\/\/servibati.be\/wp-content\/uploads\/2021\/07\/col_de_cygne.jpg\" \/>\n\t<meta property=\"og:image:width\" content=\"900\" \/>\n\t<meta property=\"og:image:height\" content=\"900\" \/>\n\t<meta property=\"og:image:type\" content=\"image\/jpeg\" \/>\n<meta name=\"twitter:card\" content=\"summary_large_image\" \/>\n<meta name=\"twitter:label1\" content=\"Dur\u00e9e de lecture estim\u00e9e\" \/>\n\t<meta name=\"twitter:data1\" content=\"1 minute\" \/>\n<script type=\"application\/ld+json\" class=\"yoast-schema-graph\">{\"@context\":\"https:\/\/schema.org\",\"@graph\":[{\"@type\":\"WebPage\",\"@id\":\"https:\/\/servibati.be\/index.php\/produit\/col-de-cygne-standpipe\/\",\"url\":\"https:\/\/servibati.be\/index.php\/produit\/col-de-cygne-standpipe\/\",\"name\":\"Col de cygne \/ Standpipe &#8211; Servibati\",\"isPartOf\":{\"@id\":\"https:\/\/servibati.be\/#website\"},\"primaryImageOfPage\":{\"@id\":\"https:\/\/servibati.be\/index.php\/produit\/col-de-cygne-standpipe\/#primaryimage\"},\"image\":{\"@id\":\"https:\/\/servibati.be\/index.php\/produit\/col-de-cygne-standpipe\/#primaryimage\"},\"thumbnailUrl\":\"https:\/\/servibati.be\/wp-content\/uploads\/2021\/07\/col_de_cygne.jpg\",\"datePublished\":\"2021-07-07T15:02:06+00:00\",\"dateModified\":\"2021-08-23T14:55:30+00:00\",\"breadcrumb\":{\"@id\":\"https:\/\/servibati.be\/index.php\/produit\/col-de-cygne-standpipe\/#breadcrumb\"},\"inLanguage\":\"fr-FR\",\"potentialAction\":[{\"@type\":\"ReadAction\",\"target\":[\"https:\/\/servibati.be\/index.php\/produit\/col-de-cygne-standpipe\/\"]}]},{\"@type\":\"ImageObject\",\"inLanguage\":\"fr-FR\",\"@id\":\"https:\/\/servibati.be\/index.php\/produit\/col-de-cygne-standpipe\/#primaryimage\",\"url\":\"https:\/\/servibati.be\/wp-content\/uploads\/2021\/07\/col_de_cygne.jpg\",\"contentUrl\":\"https:\/\/servibati.be\/wp-content\/uploads\/2021\/07\/col_de_cygne.jpg\",\"width\":900,\"height\":900,\"caption\":\"Col de cygne Servibati\"},{\"@type\":\"BreadcrumbList\",\"@id\":\"https:\/\/servibati.be\/index.php\/produit\/col-de-cygne-standpipe\/#breadcrumb\",\"itemListElement\":[{\"@type\":\"ListItem\",\"position\":1,\"name\":\"Accueil\",\"item\":\"https:\/\/servibati.be\/\"},{\"@type\":\"ListItem\",\"position\":2,\"name\":\"Boutique\",\"item\":\"https:\/\/servibati.be\/index.php\/boutique\/\"},{\"@type\":\"ListItem\",\"position\":3,\"name\":\"Col de cygne \/ Standpipe\"}]},{\"@type\":\"WebSite\",\"@id\":\"https:\/\/servibati.be\/#website\",\"url\":\"https:\/\/servibati.be\/\",\"name\":\"Servibati\",\"description\":\"Bienvenue sur le site de Servibati SPRL\",\"publisher\":{\"@id\":\"https:\/\/servibati.be\/#organization\"},\"potentialAction\":[{\"@type\":\"SearchAction\",\"target\":{\"@type\":\"EntryPoint\",\"urlTemplate\":\"https:\/\/servibati.be\/?s={search_term_string}\"},\"query-input\":{\"@type\":\"PropertyValueSpecification\",\"valueRequired\":true,\"valueName\":\"search_term_string\"}}],\"inLanguage\":\"fr-FR\"},{\"@type\":\"Organization\",\"@id\":\"https:\/\/servibati.be\/#organization\",\"name\":\"Servibati SPRL\",\"url\":\"https:\/\/servibati.be\/\",\"logo\":{\"@type\":\"ImageObject\",\"inLanguage\":\"fr-FR\",\"@id\":\"https:\/\/servibati.be\/#\/schema\/logo\/image\/\",\"url\":\"https:\/\/servibati.be\/wp-content\/uploads\/2021\/07\/cropped-logo.jpg\",\"contentUrl\":\"https:\/\/servibati.be\/wp-content\/uploads\/2021\/07\/cropped-logo.jpg\",\"width\":512,\"height\":512,\"caption\":\"Servibati SPRL\"},\"image\":{\"@id\":\"https:\/\/servibati.be\/#\/schema\/logo\/image\/\"},\"sameAs\":[\"https:\/\/www.facebook.com\/servibati.be\"]}]}<\/script>\n<!-- \/ Yoast SEO plugin. -->","yoast_head_json":{"title":"Col de cygne \/ Standpipe &#8211; Servibati","robots":{"index":"index","follow":"follow","max-snippet":"max-snippet:-1","max-image-preview":"max-image-preview:large","max-video-preview":"max-video-preview:-1"},"canonical":"https:\/\/servibati.be\/index.php\/produit\/col-de-cygne-standpipe\/","og_locale":"fr_FR","og_type":"article","og_title":"Col de cygne \/ Standpipe &#8211; Servibati","og_description":"Conforme \u00e0 la NBN S21-042(*) &#8211; S21-043(**) Description col de cygne: En m\u00e9tal l\u00e9ger Diam\u00e8tre nominal 80mm Demi-raccord \u00e0 griffes sans verrou DSP 45 ou DSP 70 Avec ou sans clapet antiretour Description Standpipe: En m\u00e9tal l\u00e9ger Deux vannes \u00e0 volant Diam\u00e8tre nominal 80mm Demi-raccord \u00e0 griffes sans verrou DSP 45 ou DSP 70 Avec [&hellip;]","og_url":"https:\/\/servibati.be\/index.php\/produit\/col-de-cygne-standpipe\/","og_site_name":"Servibati","article_publisher":"https:\/\/www.facebook.com\/servibati.be","article_modified_time":"2021-08-23T14:55:30+00:00","og_image":[{"width":900,"height":900,"url":"https:\/\/servibati.be\/wp-content\/uploads\/2021\/07\/col_de_cygne.jpg","type":"image\/jpeg"}],"twitter_card":"summary_large_image","twitter_misc":{"Dur\u00e9e de lecture estim\u00e9e":"1 minute"},"schema":{"@context":"https:\/\/schema.org","@graph":[{"@type":"WebPage","@id":"https:\/\/servibati.be\/index.php\/produit\/col-de-cygne-standpipe\/","url":"https:\/\/servibati.be\/index.php\/produit\/col-de-cygne-standpipe\/","name":"Col de cygne \/ Standpipe &#8211; Servibati","isPartOf":{"@id":"https:\/\/servibati.be\/#website"},"primaryImageOfPage":{"@id":"https:\/\/servibati.be\/index.php\/produit\/col-de-cygne-standpipe\/#primaryimage"},"image":{"@id":"https:\/\/servibati.be\/index.php\/produit\/col-de-cygne-standpipe\/#primaryimage"},"thumbnailUrl":"https:\/\/servibati.be\/wp-content\/uploads\/2021\/07\/col_de_cygne.jpg","datePublished":"2021-07-07T15:02:06+00:00","dateModified":"2021-08-23T14:55:30+00:00","breadcrumb":{"@id":"https:\/\/servibati.be\/index.php\/produit\/col-de-cygne-standpipe\/#breadcrumb"},"inLanguage":"fr-FR","potentialAction":[{"@type":"ReadAction","target":["https:\/\/servibati.be\/index.php\/produit\/col-de-cygne-standpipe\/"]}]},{"@type":"ImageObject","inLanguage":"fr-FR","@id":"https:\/\/servibati.be\/index.php\/produit\/col-de-cygne-standpipe\/#primaryimage","url":"https:\/\/servibati.be\/wp-content\/uploads\/2021\/07\/col_de_cygne.jpg","contentUrl":"https:\/\/servibati.be\/wp-content\/uploads\/2021\/07\/col_de_cygne.jpg","width":900,"height":900,"caption":"Col de cygne Servibati"},{"@type":"BreadcrumbList","@id":"https:\/\/servibati.be\/index.php\/produit\/col-de-cygne-standpipe\/#breadcrumb","itemListElement":[{"@type":"ListItem","position":1,"name":"Accueil","item":"https:\/\/servibati.be\/"},{"@type":"ListItem","position":2,"name":"Boutique","item":"https:\/\/servibati.be\/index.php\/boutique\/"},{"@type":"ListItem","position":3,"name":"Col de cygne \/ Standpipe"}]},{"@type":"WebSite","@id":"https:\/\/servibati.be\/#website","url":"https:\/\/servibati.be\/","name":"Servibati","description":"Bienvenue sur le site de Servibati SPRL","publisher":{"@id":"https:\/\/servibati.be\/#organization"},"potentialAction":[{"@type":"SearchAction","target":{"@type":"EntryPoint","urlTemplate":"https:\/\/servibati.be\/?s={search_term_string}"},"query-input":{"@type":"PropertyValueSpecification","valueRequired":true,"valueName":"search_term_string"}}],"inLanguage":"fr-FR"},{"@type":"Organization","@id":"https:\/\/servibati.be\/#organization","name":"Servibati SPRL","url":"https:\/\/servibati.be\/","logo":{"@type":"ImageObject","inLanguage":"fr-FR","@id":"https:\/\/servibati.be\/#\/schema\/logo\/image\/","url":"https:\/\/servibati.be\/wp-content\/uploads\/2021\/07\/cropped-logo.jpg","contentUrl":"https:\/\/servibati.be\/wp-content\/uploads\/2021\/07\/cropped-logo.jpg","width":512,"height":512,"caption":"Servibati SPRL"},"image":{"@id":"https:\/\/servibati.be\/#\/schema\/logo\/image\/"},"sameAs":["https:\/\/www.facebook.com\/servibati.be"]}]}},"_links":{"self":[{"href":"https:\/\/servibati.be\/index.php\/wp-json\/wp\/v2\/product\/274","targetHints":{"allow":["GET"]}}],"collection":[{"href":"https:\/\/servibati.be\/index.php\/wp-json\/wp\/v2\/product"}],"about":[{"href":"https:\/\/servibati.be\/index.php\/wp-json\/wp\/v2\/types\/product"}],"replies":[{"embeddable":true,"href":"https:\/\/servibati.be\/index.php\/wp-json\/wp\/v2\/comments?post=274"}],"wp:featuredmedia":[{"embeddable":true,"href":"https:\/\/servibati.be\/index.php\/wp-json\/wp\/v2\/media\/275"}],"wp:attachment":[{"href":"https:\/\/servibati.be\/index.php\/wp-json\/wp\/v2\/media?parent=274"}],"wp:term":[{"taxonomy":"product_brand","embeddable":true,"href":"https:\/\/servibati.be\/index.php\/wp-json\/wp\/v2\/product_brand?post=274"},{"taxonomy":"product_cat","embeddable":true,"href":"https:\/\/servibati.be\/index.php\/wp-json\/wp\/v2\/product_cat?post=274"},{"taxonomy":"product_tag","embeddable":true,"href":"https:\/\/servibati.be\/index.php\/wp-json\/wp\/v2\/product_tag?post=274"}],"curies":[{"name":"wp","href":"https:\/\/api.w.org\/{rel}","templated":true}]}}