{"id":276,"date":"2021-07-07T17:04:35","date_gmt":"2021-07-07T15:04:35","guid":{"rendered":"http:\/\/servibati.be\/?post_type=product&#038;p=276"},"modified":"2021-08-23T16:55:16","modified_gmt":"2021-08-23T14:55:16","slug":"eclairage-de-secours-permanent-non-permanent-dote-de-leds","status":"publish","type":"product","link":"https:\/\/servibati.be\/index.php\/produit\/eclairage-de-secours-permanent-non-permanent-dote-de-leds\/","title":{"rendered":"\u00c9clairage de secours permanent \/ non permanent \u2013 Dot\u00e9 de LEDS"},"content":{"rendered":"<p>\u00c9CLAIRAGE DE SECOURS DOT\u00c9 DE LEDS<br \/>\n\u00c9clairage de secours dot\u00e9 de 15 leds blanches et d\u2019un nouveau look moderne.<br \/>\nConvient pour un montage mural ou au plafond. Trois pictogrammes autocollants sont fournis.<br \/>\nDes ressorts de montage (OL-A-3018) sont disponibles pour un montage encastr\u00e9 de l\u2019armature.<br \/>\nEn cas de montage au plafond, un panneau (OL-SP-116) peut \u00eatre fix\u00e9 \u00e0 l\u2019armature pour rendre le<br \/>\npictogramme plus visible.<br \/>\nFONCTIONNEMENT PERMANENT OU NON PERMANENT (J)<br \/>\nCes appareils sont \u00e9quip\u00e9s d\u2019un cavalier. Si elle est r\u00e9gl\u00e9e sur le mode de fonctionnement permanent<br \/>\n(Maintained operation), l\u2019armature reste allum\u00e9e lorsque l\u2019alimentation secteur est op\u00e9rationnelle et<br \/>\nproduit une luminosit\u00e9 de 30 lumens. En cas d\u2019interruption du courant, la luminosit\u00e9 s\u2019\u00e9l\u00e8ve \u00e0 105<br \/>\nlumens.<br \/>\nSi le cavalier est r\u00e9gl\u00e9 en mode de fonctionnement non permanent (Non-maintained operation), l\u2019armature<br \/>\nne s\u2019allume qu\u2019en cas d\u2019interruption de l\u2019alimentation secteur et produit une luminosit\u00e9 de 105 lumens.<\/p>\n","protected":false},"excerpt":{"rendered":"<p>CARACT\u00c9RISTIQUES :<br \/>\n\u2022 Nouveau design<br \/>\n\u2022 Profil bas<br \/>\n\u2022 High Technology LEDS<br \/>\n\u2022 Installation simple<br \/>\n\u2022 Diverses possibilit\u00e9s de montage<br \/>\n\u2022 90 minutes d\u2019autonomie<br \/>\n\u2022 Luminosit\u00e9 : &#8211; Permanent : 30 lm<br \/>\n&#8211; Non permanent : 105 lm<br \/>\n\u2022 Quantit\u00e9 par bo\u00eete : 15 pi\u00e8ces<br \/>\n\u2022 Taille (mm):<\/p>\n<p><img loading=\"lazy\" decoding=\"async\" class=\"alignnone size-medium wp-image-277\" src=\"https:\/\/servibati.be\/wp-content\/uploads\/2021\/07\/Servibati-Eclairage-de-secours-300x130.png\" alt=\"\" width=\"300\" height=\"130\" \/><\/p>\n","protected":false},"featured_media":278,"comment_status":"closed","ping_status":"closed","template":"","meta":{"_et_pb_use_builder":"","_et_pb_old_content":"","_et_gb_content_width":""},"product_brand":[],"product_cat":[26,18],"product_tag":[],"class_list":{"0":"post-276","1":"product","2":"type-product","3":"status-publish","4":"has-post-thumbnail","6":"product_cat-petit-materiel","7":"product_cat-protection-incendie","9":"first","10":"instock","11":"shipping-taxable","12":"product-type-simple"},"acf":[],"yoast_head":"<!-- This site is optimized with the Yoast SEO plugin v26.9 - https:\/\/yoast.com\/product\/yoast-seo-wordpress\/ -->\n<title>\u00c9clairage de secours permanent \/ non permanent \u2013 Dot\u00e9 de LEDS &#8211; Servibati<\/title>\n<meta name=\"robots\" content=\"index, follow, max-snippet:-1, max-image-preview:large, max-video-preview:-1\" \/>\n<link rel=\"canonical\" href=\"https:\/\/servibati.be\/index.php\/produit\/eclairage-de-secours-permanent-non-permanent-dote-de-leds\/\" \/>\n<meta property=\"og:locale\" content=\"fr_FR\" \/>\n<meta property=\"og:type\" content=\"article\" \/>\n<meta property=\"og:title\" content=\"\u00c9clairage de secours permanent \/ non permanent \u2013 Dot\u00e9 de LEDS &#8211; Servibati\" \/>\n<meta property=\"og:description\" content=\"CARACT\u00c9RISTIQUES : \u2022 Nouveau design \u2022 Profil bas \u2022 High Technology LEDS \u2022 Installation simple \u2022 Diverses possibilit\u00e9s de montage \u2022 90 minutes d\u2019autonomie \u2022 Luminosit\u00e9 : - Permanent : 30 lm - Non permanent : 105 lm \u2022 Quantit\u00e9 par bo\u00eete : 15 pi\u00e8ces \u2022 Taille (mm):\" \/>\n<meta property=\"og:url\" content=\"https:\/\/servibati.be\/index.php\/produit\/eclairage-de-secours-permanent-non-permanent-dote-de-leds\/\" \/>\n<meta property=\"og:site_name\" content=\"Servibati\" \/>\n<meta property=\"article:publisher\" content=\"https:\/\/www.facebook.com\/servibati.be\" \/>\n<meta property=\"article:modified_time\" content=\"2021-08-23T14:55:16+00:00\" \/>\n<meta property=\"og:image\" content=\"https:\/\/servibati.be\/wp-content\/uploads\/2021\/07\/eclairage.jpg\" \/>\n\t<meta property=\"og:image:width\" content=\"900\" \/>\n\t<meta property=\"og:image:height\" content=\"900\" \/>\n\t<meta property=\"og:image:type\" content=\"image\/jpeg\" \/>\n<meta name=\"twitter:card\" content=\"summary_large_image\" \/>\n<meta name=\"twitter:label1\" content=\"Dur\u00e9e de lecture estim\u00e9e\" \/>\n\t<meta name=\"twitter:data1\" content=\"1 minute\" \/>\n<script type=\"application\/ld+json\" class=\"yoast-schema-graph\">{\"@context\":\"https:\/\/schema.org\",\"@graph\":[{\"@type\":\"WebPage\",\"@id\":\"https:\/\/servibati.be\/index.php\/produit\/eclairage-de-secours-permanent-non-permanent-dote-de-leds\/\",\"url\":\"https:\/\/servibati.be\/index.php\/produit\/eclairage-de-secours-permanent-non-permanent-dote-de-leds\/\",\"name\":\"\u00c9clairage de secours permanent \/ non permanent \u2013 Dot\u00e9 de LEDS &#8211; Servibati\",\"isPartOf\":{\"@id\":\"https:\/\/servibati.be\/#website\"},\"primaryImageOfPage\":{\"@id\":\"https:\/\/servibati.be\/index.php\/produit\/eclairage-de-secours-permanent-non-permanent-dote-de-leds\/#primaryimage\"},\"image\":{\"@id\":\"https:\/\/servibati.be\/index.php\/produit\/eclairage-de-secours-permanent-non-permanent-dote-de-leds\/#primaryimage\"},\"thumbnailUrl\":\"https:\/\/servibati.be\/wp-content\/uploads\/2021\/07\/eclairage.jpg\",\"datePublished\":\"2021-07-07T15:04:35+00:00\",\"dateModified\":\"2021-08-23T14:55:16+00:00\",\"breadcrumb\":{\"@id\":\"https:\/\/servibati.be\/index.php\/produit\/eclairage-de-secours-permanent-non-permanent-dote-de-leds\/#breadcrumb\"},\"inLanguage\":\"fr-FR\",\"potentialAction\":[{\"@type\":\"ReadAction\",\"target\":[\"https:\/\/servibati.be\/index.php\/produit\/eclairage-de-secours-permanent-non-permanent-dote-de-leds\/\"]}]},{\"@type\":\"ImageObject\",\"inLanguage\":\"fr-FR\",\"@id\":\"https:\/\/servibati.be\/index.php\/produit\/eclairage-de-secours-permanent-non-permanent-dote-de-leds\/#primaryimage\",\"url\":\"https:\/\/servibati.be\/wp-content\/uploads\/2021\/07\/eclairage.jpg\",\"contentUrl\":\"https:\/\/servibati.be\/wp-content\/uploads\/2021\/07\/eclairage.jpg\",\"width\":900,\"height\":900,\"caption\":\"eclairage de secours servibati\"},{\"@type\":\"BreadcrumbList\",\"@id\":\"https:\/\/servibati.be\/index.php\/produit\/eclairage-de-secours-permanent-non-permanent-dote-de-leds\/#breadcrumb\",\"itemListElement\":[{\"@type\":\"ListItem\",\"position\":1,\"name\":\"Accueil\",\"item\":\"https:\/\/servibati.be\/\"},{\"@type\":\"ListItem\",\"position\":2,\"name\":\"Boutique\",\"item\":\"https:\/\/servibati.be\/index.php\/boutique\/\"},{\"@type\":\"ListItem\",\"position\":3,\"name\":\"\u00c9clairage de secours permanent \/ non permanent \u2013 Dot\u00e9 de LEDS\"}]},{\"@type\":\"WebSite\",\"@id\":\"https:\/\/servibati.be\/#website\",\"url\":\"https:\/\/servibati.be\/\",\"name\":\"Servibati\",\"description\":\"Bienvenue sur le site de Servibati SPRL\",\"publisher\":{\"@id\":\"https:\/\/servibati.be\/#organization\"},\"potentialAction\":[{\"@type\":\"SearchAction\",\"target\":{\"@type\":\"EntryPoint\",\"urlTemplate\":\"https:\/\/servibati.be\/?s={search_term_string}\"},\"query-input\":{\"@type\":\"PropertyValueSpecification\",\"valueRequired\":true,\"valueName\":\"search_term_string\"}}],\"inLanguage\":\"fr-FR\"},{\"@type\":\"Organization\",\"@id\":\"https:\/\/servibati.be\/#organization\",\"name\":\"Servibati SPRL\",\"url\":\"https:\/\/servibati.be\/\",\"logo\":{\"@type\":\"ImageObject\",\"inLanguage\":\"fr-FR\",\"@id\":\"https:\/\/servibati.be\/#\/schema\/logo\/image\/\",\"url\":\"https:\/\/servibati.be\/wp-content\/uploads\/2021\/07\/cropped-logo.jpg\",\"contentUrl\":\"https:\/\/servibati.be\/wp-content\/uploads\/2021\/07\/cropped-logo.jpg\",\"width\":512,\"height\":512,\"caption\":\"Servibati SPRL\"},\"image\":{\"@id\":\"https:\/\/servibati.be\/#\/schema\/logo\/image\/\"},\"sameAs\":[\"https:\/\/www.facebook.com\/servibati.be\"]}]}<\/script>\n<!-- \/ Yoast SEO plugin. -->","yoast_head_json":{"title":"\u00c9clairage de secours permanent \/ non permanent \u2013 Dot\u00e9 de LEDS &#8211; Servibati","robots":{"index":"index","follow":"follow","max-snippet":"max-snippet:-1","max-image-preview":"max-image-preview:large","max-video-preview":"max-video-preview:-1"},"canonical":"https:\/\/servibati.be\/index.php\/produit\/eclairage-de-secours-permanent-non-permanent-dote-de-leds\/","og_locale":"fr_FR","og_type":"article","og_title":"\u00c9clairage de secours permanent \/ non permanent \u2013 Dot\u00e9 de LEDS &#8211; Servibati","og_description":"CARACT\u00c9RISTIQUES : \u2022 Nouveau design \u2022 Profil bas \u2022 High Technology LEDS \u2022 Installation simple \u2022 Diverses possibilit\u00e9s de montage \u2022 90 minutes d\u2019autonomie \u2022 Luminosit\u00e9 : - Permanent : 30 lm - Non permanent : 105 lm \u2022 Quantit\u00e9 par bo\u00eete : 15 pi\u00e8ces \u2022 Taille (mm):","og_url":"https:\/\/servibati.be\/index.php\/produit\/eclairage-de-secours-permanent-non-permanent-dote-de-leds\/","og_site_name":"Servibati","article_publisher":"https:\/\/www.facebook.com\/servibati.be","article_modified_time":"2021-08-23T14:55:16+00:00","og_image":[{"width":900,"height":900,"url":"https:\/\/servibati.be\/wp-content\/uploads\/2021\/07\/eclairage.jpg","type":"image\/jpeg"}],"twitter_card":"summary_large_image","twitter_misc":{"Dur\u00e9e de lecture estim\u00e9e":"1 minute"},"schema":{"@context":"https:\/\/schema.org","@graph":[{"@type":"WebPage","@id":"https:\/\/servibati.be\/index.php\/produit\/eclairage-de-secours-permanent-non-permanent-dote-de-leds\/","url":"https:\/\/servibati.be\/index.php\/produit\/eclairage-de-secours-permanent-non-permanent-dote-de-leds\/","name":"\u00c9clairage de secours permanent \/ non permanent \u2013 Dot\u00e9 de LEDS &#8211; Servibati","isPartOf":{"@id":"https:\/\/servibati.be\/#website"},"primaryImageOfPage":{"@id":"https:\/\/servibati.be\/index.php\/produit\/eclairage-de-secours-permanent-non-permanent-dote-de-leds\/#primaryimage"},"image":{"@id":"https:\/\/servibati.be\/index.php\/produit\/eclairage-de-secours-permanent-non-permanent-dote-de-leds\/#primaryimage"},"thumbnailUrl":"https:\/\/servibati.be\/wp-content\/uploads\/2021\/07\/eclairage.jpg","datePublished":"2021-07-07T15:04:35+00:00","dateModified":"2021-08-23T14:55:16+00:00","breadcrumb":{"@id":"https:\/\/servibati.be\/index.php\/produit\/eclairage-de-secours-permanent-non-permanent-dote-de-leds\/#breadcrumb"},"inLanguage":"fr-FR","potentialAction":[{"@type":"ReadAction","target":["https:\/\/servibati.be\/index.php\/produit\/eclairage-de-secours-permanent-non-permanent-dote-de-leds\/"]}]},{"@type":"ImageObject","inLanguage":"fr-FR","@id":"https:\/\/servibati.be\/index.php\/produit\/eclairage-de-secours-permanent-non-permanent-dote-de-leds\/#primaryimage","url":"https:\/\/servibati.be\/wp-content\/uploads\/2021\/07\/eclairage.jpg","contentUrl":"https:\/\/servibati.be\/wp-content\/uploads\/2021\/07\/eclairage.jpg","width":900,"height":900,"caption":"eclairage de secours servibati"},{"@type":"BreadcrumbList","@id":"https:\/\/servibati.be\/index.php\/produit\/eclairage-de-secours-permanent-non-permanent-dote-de-leds\/#breadcrumb","itemListElement":[{"@type":"ListItem","position":1,"name":"Accueil","item":"https:\/\/servibati.be\/"},{"@type":"ListItem","position":2,"name":"Boutique","item":"https:\/\/servibati.be\/index.php\/boutique\/"},{"@type":"ListItem","position":3,"name":"\u00c9clairage de secours permanent \/ non permanent \u2013 Dot\u00e9 de LEDS"}]},{"@type":"WebSite","@id":"https:\/\/servibati.be\/#website","url":"https:\/\/servibati.be\/","name":"Servibati","description":"Bienvenue sur le site de Servibati SPRL","publisher":{"@id":"https:\/\/servibati.be\/#organization"},"potentialAction":[{"@type":"SearchAction","target":{"@type":"EntryPoint","urlTemplate":"https:\/\/servibati.be\/?s={search_term_string}"},"query-input":{"@type":"PropertyValueSpecification","valueRequired":true,"valueName":"search_term_string"}}],"inLanguage":"fr-FR"},{"@type":"Organization","@id":"https:\/\/servibati.be\/#organization","name":"Servibati SPRL","url":"https:\/\/servibati.be\/","logo":{"@type":"ImageObject","inLanguage":"fr-FR","@id":"https:\/\/servibati.be\/#\/schema\/logo\/image\/","url":"https:\/\/servibati.be\/wp-content\/uploads\/2021\/07\/cropped-logo.jpg","contentUrl":"https:\/\/servibati.be\/wp-content\/uploads\/2021\/07\/cropped-logo.jpg","width":512,"height":512,"caption":"Servibati SPRL"},"image":{"@id":"https:\/\/servibati.be\/#\/schema\/logo\/image\/"},"sameAs":["https:\/\/www.facebook.com\/servibati.be"]}]}},"_links":{"self":[{"href":"https:\/\/servibati.be\/index.php\/wp-json\/wp\/v2\/product\/276","targetHints":{"allow":["GET"]}}],"collection":[{"href":"https:\/\/servibati.be\/index.php\/wp-json\/wp\/v2\/product"}],"about":[{"href":"https:\/\/servibati.be\/index.php\/wp-json\/wp\/v2\/types\/product"}],"replies":[{"embeddable":true,"href":"https:\/\/servibati.be\/index.php\/wp-json\/wp\/v2\/comments?post=276"}],"wp:featuredmedia":[{"embeddable":true,"href":"https:\/\/servibati.be\/index.php\/wp-json\/wp\/v2\/media\/278"}],"wp:attachment":[{"href":"https:\/\/servibati.be\/index.php\/wp-json\/wp\/v2\/media?parent=276"}],"wp:term":[{"taxonomy":"product_brand","embeddable":true,"href":"https:\/\/servibati.be\/index.php\/wp-json\/wp\/v2\/product_brand?post=276"},{"taxonomy":"product_cat","embeddable":true,"href":"https:\/\/servibati.be\/index.php\/wp-json\/wp\/v2\/product_cat?post=276"},{"taxonomy":"product_tag","embeddable":true,"href":"https:\/\/servibati.be\/index.php\/wp-json\/wp\/v2\/product_tag?post=276"}],"curies":[{"name":"wp","href":"https:\/\/api.w.org\/{rel}","templated":true}]}}