{"id":287,"date":"2021-07-07T17:17:35","date_gmt":"2021-07-07T15:17:35","guid":{"rendered":"http:\/\/servibati.be\/?post_type=product&#038;p=287"},"modified":"2021-08-18T14:36:02","modified_gmt":"2021-08-18T12:36:02","slug":"bornes-dincendie-conformes-a-la-nbn-s21-019","status":"publish","type":"product","link":"https:\/\/servibati.be\/index.php\/produit\/bornes-dincendie-conformes-a-la-nbn-s21-019\/","title":{"rendered":"Bornes d&rsquo;incendie conformes \u00e0 la NBN S21-019"},"content":{"rendered":"\n<table id=\"tablepress-21\" class=\"tablepress tablepress-id-21\">\n<thead>\n<tr class=\"row-1\">\n\t<td class=\"column-1\"><\/td><th class=\"column-2\">BH80<\/th><th class=\"column-3\">BH100<\/th>\n<\/tr>\n<\/thead>\n<tbody class=\"row-striping row-hover\">\n<tr class=\"row-2\">\n\t<td class=\"column-1\">Num\u00e9ro d'article<\/td><td class=\"column-2\">0601<\/td><td class=\"column-3\">0602<\/td>\n<\/tr>\n<tr class=\"row-3\">\n\t<td class=\"column-1\">Diam\u00e8tre nominal<\/td><td class=\"column-2\">80 mm<\/td><td class=\"column-3\">100 mm<\/td>\n<\/tr>\n<tr class=\"row-4\">\n\t<td class=\"column-1\">Hauteur<br \/>\n-sup\u00e9rieure<br \/>\n-sous terre<\/td><td class=\"column-2\"><br \/>\n665mm<br \/>\n1000mm<\/td><td class=\"column-3\"><br \/>\n700mm<br \/>\n1000mm<\/td>\n<\/tr>\n<tr class=\"row-5\">\n\t<td class=\"column-1\">Sorties<\/td><td class=\"column-2\">2x45mm<br \/>\n1x70mm<\/td><td class=\"column-3\">2x70mm<br \/>\n1x100mm<\/td>\n<\/tr>\n<tr class=\"row-6\">\n\t<td class=\"column-1\">Poids<\/td><td class=\"column-2\">87kg<\/td><td class=\"column-3\">113kg<\/td>\n<\/tr>\n<\/tbody>\n<\/table>\n<!-- #tablepress-21 from cache -->\n","protected":false},"excerpt":{"rendered":"<p>DESCRIPTION :<br \/>\n\u2022 renversable,<br \/>\n\u2022 corps en fonte,<br \/>\n\u2022 \u00e0 purge automatique,<br \/>\n\u2022 incongelable,<br \/>\n\u2022 courbe de pied orientable,<br \/>\n\u2022 orifices de sortie avec raccord Guillemin obtur\u00e9s par bouchon avec cha\u00eenette.<br \/>\nEn cas de choc brutal, la partie sup\u00e9rieure de la borne se rompt au rasdu sol. Le clapet restant ferm\u00e9, il n\u2019y a aucun risque d\u2019inondation.<\/p>\n<p>AVANTAGES :<br \/>\n\u2022 aisance de manoeuvre,<br \/>\n\u2022 nez orientable sur 360\u00b0,<br \/>\n\u2022 m\u00e9canisme int\u00e9rieur facilement accessible,<br \/>\n\u2022 \u00e9tanch\u00e9it\u00e9 de la vis de manoeuvre \u00e0 double s\u00e9curit\u00e9,<br \/>\n\u2022 vis en inox avec \u00e9crou en bronze antigrippage.<\/p>\n<p>ACCESSOIRES (sur demande):<\/p>\n<ul>\n<li>Cl\u00e9 de manoeuvre 30 x 30 mm<\/li>\n<li>Esse de r\u00e9glage<\/li>\n<li>kit de remplacement de la partie sup\u00e9rieure<\/li>\n<\/ul>\n","protected":false},"featured_media":288,"comment_status":"closed","ping_status":"closed","template":"","meta":{"_et_pb_use_builder":"","_et_pb_old_content":"","_et_gb_content_width":""},"product_brand":[],"product_cat":[23,18],"product_tag":[],"class_list":{"0":"post-287","1":"product","2":"type-product","3":"status-publish","4":"has-post-thumbnail","6":"product_cat-devidoirs-raccords-pompiers-bornes-incendies","7":"product_cat-protection-incendie","9":"first","10":"instock","11":"shipping-taxable","12":"product-type-simple"},"acf":[],"yoast_head":"<!-- This site is optimized with the Yoast SEO plugin v26.9 - https:\/\/yoast.com\/product\/yoast-seo-wordpress\/ -->\n<title>Bornes d&#039;incendie conformes \u00e0 la NBN S21-019 &#8211; Servibati<\/title>\n<meta name=\"robots\" content=\"index, follow, max-snippet:-1, max-image-preview:large, max-video-preview:-1\" \/>\n<link rel=\"canonical\" href=\"https:\/\/servibati.be\/index.php\/produit\/bornes-dincendie-conformes-a-la-nbn-s21-019\/\" \/>\n<meta property=\"og:locale\" content=\"fr_FR\" \/>\n<meta property=\"og:type\" content=\"article\" \/>\n<meta property=\"og:title\" content=\"Bornes d&#039;incendie conformes \u00e0 la NBN S21-019 &#8211; Servibati\" \/>\n<meta property=\"og:description\" content=\"DESCRIPTION : \u2022 renversable, \u2022 corps en fonte, \u2022 \u00e0 purge automatique, \u2022 incongelable, \u2022 courbe de pied orientable, \u2022 orifices de sortie avec raccord Guillemin obtur\u00e9s par bouchon avec cha\u00eenette. En cas de choc brutal, la partie sup\u00e9rieure de la borne se rompt au rasdu sol. Le clapet restant ferm\u00e9, il n\u2019y a aucun risque d\u2019inondation.  AVANTAGES : \u2022 aisance de manoeuvre, \u2022 nez orientable sur 360\u00b0, \u2022 m\u00e9canisme int\u00e9rieur facilement accessible, \u2022 \u00e9tanch\u00e9it\u00e9 de la vis de manoeuvre \u00e0 double s\u00e9curit\u00e9, \u2022 vis en inox avec \u00e9crou en bronze antigrippage.  ACCESSOIRES (sur demande):   Cl\u00e9 de manoeuvre 30 x 30 mm  Esse de r\u00e9glage  kit de remplacement de la partie sup\u00e9rieure\" \/>\n<meta property=\"og:url\" content=\"https:\/\/servibati.be\/index.php\/produit\/bornes-dincendie-conformes-a-la-nbn-s21-019\/\" \/>\n<meta property=\"og:site_name\" content=\"Servibati\" \/>\n<meta property=\"article:publisher\" content=\"https:\/\/www.facebook.com\/servibati.be\" \/>\n<meta property=\"article:modified_time\" content=\"2021-08-18T12:36:02+00:00\" \/>\n<meta property=\"og:image\" content=\"https:\/\/servibati.be\/wp-content\/uploads\/2021\/07\/borne_incendie.jpg\" \/>\n\t<meta property=\"og:image:width\" content=\"900\" \/>\n\t<meta property=\"og:image:height\" content=\"900\" \/>\n\t<meta property=\"og:image:type\" content=\"image\/jpeg\" \/>\n<meta name=\"twitter:card\" content=\"summary_large_image\" \/>\n<meta name=\"twitter:label1\" content=\"Dur\u00e9e de lecture estim\u00e9e\" \/>\n\t<meta name=\"twitter:data1\" content=\"1 minute\" \/>\n<script type=\"application\/ld+json\" class=\"yoast-schema-graph\">{\"@context\":\"https:\/\/schema.org\",\"@graph\":[{\"@type\":\"WebPage\",\"@id\":\"https:\/\/servibati.be\/index.php\/produit\/bornes-dincendie-conformes-a-la-nbn-s21-019\/\",\"url\":\"https:\/\/servibati.be\/index.php\/produit\/bornes-dincendie-conformes-a-la-nbn-s21-019\/\",\"name\":\"Bornes d'incendie conformes \u00e0 la NBN S21-019 &#8211; Servibati\",\"isPartOf\":{\"@id\":\"https:\/\/servibati.be\/#website\"},\"primaryImageOfPage\":{\"@id\":\"https:\/\/servibati.be\/index.php\/produit\/bornes-dincendie-conformes-a-la-nbn-s21-019\/#primaryimage\"},\"image\":{\"@id\":\"https:\/\/servibati.be\/index.php\/produit\/bornes-dincendie-conformes-a-la-nbn-s21-019\/#primaryimage\"},\"thumbnailUrl\":\"https:\/\/servibati.be\/wp-content\/uploads\/2021\/07\/borne_incendie.jpg\",\"datePublished\":\"2021-07-07T15:17:35+00:00\",\"dateModified\":\"2021-08-18T12:36:02+00:00\",\"breadcrumb\":{\"@id\":\"https:\/\/servibati.be\/index.php\/produit\/bornes-dincendie-conformes-a-la-nbn-s21-019\/#breadcrumb\"},\"inLanguage\":\"fr-FR\",\"potentialAction\":[{\"@type\":\"ReadAction\",\"target\":[\"https:\/\/servibati.be\/index.php\/produit\/bornes-dincendie-conformes-a-la-nbn-s21-019\/\"]}]},{\"@type\":\"ImageObject\",\"inLanguage\":\"fr-FR\",\"@id\":\"https:\/\/servibati.be\/index.php\/produit\/bornes-dincendie-conformes-a-la-nbn-s21-019\/#primaryimage\",\"url\":\"https:\/\/servibati.be\/wp-content\/uploads\/2021\/07\/borne_incendie.jpg\",\"contentUrl\":\"https:\/\/servibati.be\/wp-content\/uploads\/2021\/07\/borne_incendie.jpg\",\"width\":900,\"height\":900,\"caption\":\"Borne incendie servibati\"},{\"@type\":\"BreadcrumbList\",\"@id\":\"https:\/\/servibati.be\/index.php\/produit\/bornes-dincendie-conformes-a-la-nbn-s21-019\/#breadcrumb\",\"itemListElement\":[{\"@type\":\"ListItem\",\"position\":1,\"name\":\"Accueil\",\"item\":\"https:\/\/servibati.be\/\"},{\"@type\":\"ListItem\",\"position\":2,\"name\":\"Boutique\",\"item\":\"https:\/\/servibati.be\/index.php\/boutique\/\"},{\"@type\":\"ListItem\",\"position\":3,\"name\":\"Bornes d&rsquo;incendie conformes \u00e0 la NBN S21-019\"}]},{\"@type\":\"WebSite\",\"@id\":\"https:\/\/servibati.be\/#website\",\"url\":\"https:\/\/servibati.be\/\",\"name\":\"Servibati\",\"description\":\"Bienvenue sur le site de Servibati SPRL\",\"publisher\":{\"@id\":\"https:\/\/servibati.be\/#organization\"},\"potentialAction\":[{\"@type\":\"SearchAction\",\"target\":{\"@type\":\"EntryPoint\",\"urlTemplate\":\"https:\/\/servibati.be\/?s={search_term_string}\"},\"query-input\":{\"@type\":\"PropertyValueSpecification\",\"valueRequired\":true,\"valueName\":\"search_term_string\"}}],\"inLanguage\":\"fr-FR\"},{\"@type\":\"Organization\",\"@id\":\"https:\/\/servibati.be\/#organization\",\"name\":\"Servibati SPRL\",\"url\":\"https:\/\/servibati.be\/\",\"logo\":{\"@type\":\"ImageObject\",\"inLanguage\":\"fr-FR\",\"@id\":\"https:\/\/servibati.be\/#\/schema\/logo\/image\/\",\"url\":\"https:\/\/servibati.be\/wp-content\/uploads\/2021\/07\/cropped-logo.jpg\",\"contentUrl\":\"https:\/\/servibati.be\/wp-content\/uploads\/2021\/07\/cropped-logo.jpg\",\"width\":512,\"height\":512,\"caption\":\"Servibati SPRL\"},\"image\":{\"@id\":\"https:\/\/servibati.be\/#\/schema\/logo\/image\/\"},\"sameAs\":[\"https:\/\/www.facebook.com\/servibati.be\"]}]}<\/script>\n<!-- \/ Yoast SEO plugin. -->","yoast_head_json":{"title":"Bornes d'incendie conformes \u00e0 la NBN S21-019 &#8211; Servibati","robots":{"index":"index","follow":"follow","max-snippet":"max-snippet:-1","max-image-preview":"max-image-preview:large","max-video-preview":"max-video-preview:-1"},"canonical":"https:\/\/servibati.be\/index.php\/produit\/bornes-dincendie-conformes-a-la-nbn-s21-019\/","og_locale":"fr_FR","og_type":"article","og_title":"Bornes d'incendie conformes \u00e0 la NBN S21-019 &#8211; Servibati","og_description":"DESCRIPTION : \u2022 renversable, \u2022 corps en fonte, \u2022 \u00e0 purge automatique, \u2022 incongelable, \u2022 courbe de pied orientable, \u2022 orifices de sortie avec raccord Guillemin obtur\u00e9s par bouchon avec cha\u00eenette. En cas de choc brutal, la partie sup\u00e9rieure de la borne se rompt au rasdu sol. Le clapet restant ferm\u00e9, il n\u2019y a aucun risque d\u2019inondation.  AVANTAGES : \u2022 aisance de manoeuvre, \u2022 nez orientable sur 360\u00b0, \u2022 m\u00e9canisme int\u00e9rieur facilement accessible, \u2022 \u00e9tanch\u00e9it\u00e9 de la vis de manoeuvre \u00e0 double s\u00e9curit\u00e9, \u2022 vis en inox avec \u00e9crou en bronze antigrippage.  ACCESSOIRES (sur demande):   Cl\u00e9 de manoeuvre 30 x 30 mm  Esse de r\u00e9glage  kit de remplacement de la partie sup\u00e9rieure","og_url":"https:\/\/servibati.be\/index.php\/produit\/bornes-dincendie-conformes-a-la-nbn-s21-019\/","og_site_name":"Servibati","article_publisher":"https:\/\/www.facebook.com\/servibati.be","article_modified_time":"2021-08-18T12:36:02+00:00","og_image":[{"width":900,"height":900,"url":"https:\/\/servibati.be\/wp-content\/uploads\/2021\/07\/borne_incendie.jpg","type":"image\/jpeg"}],"twitter_card":"summary_large_image","twitter_misc":{"Dur\u00e9e de lecture estim\u00e9e":"1 minute"},"schema":{"@context":"https:\/\/schema.org","@graph":[{"@type":"WebPage","@id":"https:\/\/servibati.be\/index.php\/produit\/bornes-dincendie-conformes-a-la-nbn-s21-019\/","url":"https:\/\/servibati.be\/index.php\/produit\/bornes-dincendie-conformes-a-la-nbn-s21-019\/","name":"Bornes d'incendie conformes \u00e0 la NBN S21-019 &#8211; Servibati","isPartOf":{"@id":"https:\/\/servibati.be\/#website"},"primaryImageOfPage":{"@id":"https:\/\/servibati.be\/index.php\/produit\/bornes-dincendie-conformes-a-la-nbn-s21-019\/#primaryimage"},"image":{"@id":"https:\/\/servibati.be\/index.php\/produit\/bornes-dincendie-conformes-a-la-nbn-s21-019\/#primaryimage"},"thumbnailUrl":"https:\/\/servibati.be\/wp-content\/uploads\/2021\/07\/borne_incendie.jpg","datePublished":"2021-07-07T15:17:35+00:00","dateModified":"2021-08-18T12:36:02+00:00","breadcrumb":{"@id":"https:\/\/servibati.be\/index.php\/produit\/bornes-dincendie-conformes-a-la-nbn-s21-019\/#breadcrumb"},"inLanguage":"fr-FR","potentialAction":[{"@type":"ReadAction","target":["https:\/\/servibati.be\/index.php\/produit\/bornes-dincendie-conformes-a-la-nbn-s21-019\/"]}]},{"@type":"ImageObject","inLanguage":"fr-FR","@id":"https:\/\/servibati.be\/index.php\/produit\/bornes-dincendie-conformes-a-la-nbn-s21-019\/#primaryimage","url":"https:\/\/servibati.be\/wp-content\/uploads\/2021\/07\/borne_incendie.jpg","contentUrl":"https:\/\/servibati.be\/wp-content\/uploads\/2021\/07\/borne_incendie.jpg","width":900,"height":900,"caption":"Borne incendie servibati"},{"@type":"BreadcrumbList","@id":"https:\/\/servibati.be\/index.php\/produit\/bornes-dincendie-conformes-a-la-nbn-s21-019\/#breadcrumb","itemListElement":[{"@type":"ListItem","position":1,"name":"Accueil","item":"https:\/\/servibati.be\/"},{"@type":"ListItem","position":2,"name":"Boutique","item":"https:\/\/servibati.be\/index.php\/boutique\/"},{"@type":"ListItem","position":3,"name":"Bornes d&rsquo;incendie conformes \u00e0 la NBN S21-019"}]},{"@type":"WebSite","@id":"https:\/\/servibati.be\/#website","url":"https:\/\/servibati.be\/","name":"Servibati","description":"Bienvenue sur le site de Servibati SPRL","publisher":{"@id":"https:\/\/servibati.be\/#organization"},"potentialAction":[{"@type":"SearchAction","target":{"@type":"EntryPoint","urlTemplate":"https:\/\/servibati.be\/?s={search_term_string}"},"query-input":{"@type":"PropertyValueSpecification","valueRequired":true,"valueName":"search_term_string"}}],"inLanguage":"fr-FR"},{"@type":"Organization","@id":"https:\/\/servibati.be\/#organization","name":"Servibati SPRL","url":"https:\/\/servibati.be\/","logo":{"@type":"ImageObject","inLanguage":"fr-FR","@id":"https:\/\/servibati.be\/#\/schema\/logo\/image\/","url":"https:\/\/servibati.be\/wp-content\/uploads\/2021\/07\/cropped-logo.jpg","contentUrl":"https:\/\/servibati.be\/wp-content\/uploads\/2021\/07\/cropped-logo.jpg","width":512,"height":512,"caption":"Servibati SPRL"},"image":{"@id":"https:\/\/servibati.be\/#\/schema\/logo\/image\/"},"sameAs":["https:\/\/www.facebook.com\/servibati.be"]}]}},"_links":{"self":[{"href":"https:\/\/servibati.be\/index.php\/wp-json\/wp\/v2\/product\/287","targetHints":{"allow":["GET"]}}],"collection":[{"href":"https:\/\/servibati.be\/index.php\/wp-json\/wp\/v2\/product"}],"about":[{"href":"https:\/\/servibati.be\/index.php\/wp-json\/wp\/v2\/types\/product"}],"replies":[{"embeddable":true,"href":"https:\/\/servibati.be\/index.php\/wp-json\/wp\/v2\/comments?post=287"}],"wp:featuredmedia":[{"embeddable":true,"href":"https:\/\/servibati.be\/index.php\/wp-json\/wp\/v2\/media\/288"}],"wp:attachment":[{"href":"https:\/\/servibati.be\/index.php\/wp-json\/wp\/v2\/media?parent=287"}],"wp:term":[{"taxonomy":"product_brand","embeddable":true,"href":"https:\/\/servibati.be\/index.php\/wp-json\/wp\/v2\/product_brand?post=287"},{"taxonomy":"product_cat","embeddable":true,"href":"https:\/\/servibati.be\/index.php\/wp-json\/wp\/v2\/product_cat?post=287"},{"taxonomy":"product_tag","embeddable":true,"href":"https:\/\/servibati.be\/index.php\/wp-json\/wp\/v2\/product_tag?post=287"}],"curies":[{"name":"wp","href":"https:\/\/api.w.org\/{rel}","templated":true}]}}